{"id":28326,"date":"2022-04-05T13:34:37","date_gmt":"2022-04-05T11:34:37","guid":{"rendered":"https:\/\/www.ionex.si\/?page_id=28326"},"modified":"2024-05-27T16:01:57","modified_gmt":"2024-05-27T14:01:57","slug":"zaposlitev_ionex","status":"publish","type":"page","link":"https:\/\/www.ionex.si\/it\/zaposlitev_ionex\/","title":{"rendered":"Assistente alle vendite e al marketing online (m\/f)"},"content":{"rendered":"[et_pb_section][et_pb_row][et_pb_column type=&#8221;4_4&#8243;][et_pb_text]<p class=\"subtitle-ionex\"><strong>Svolgere i seguenti compiti:<\/strong><\/p>\r\n\r\n<ul>\r\n \t<li>administriranje spletnih trgovin podjetja IONEX (www.ionex.si, www.ionex-ionizers.com)<\/li>\r\n \t<li>priprava in izvedba spletne prodajne strategije na ve\u010din digitalnih kanalih<\/li>\r\n \t<li>optimizacija spletnih strani<\/li>\r\n \t<li>promocija podjetja in pospe\u0161evanje prodaje izdelkov z uporabo digitalnih tehnologij<\/li>\r\n \t<li>skrb za tr\u017eno komunikacijo s strankami preko e-novic, dru\u017ebenih medijev<\/li>\r\n \t<li>oblikovanje oglasov, bannerjev in druge marketin\u0161ke aktivnosti, povezane s spletnim ogla\u0161evanjem<\/li>\r\n \t<li>prodaja izdelkov kon\u010dnim kupcem skladno z naro\u010dili preko spletne trgovine in na mailu<\/li>\r\n \t<li>priprava paketov za odpo\u0161iljanje preko DPD ali po\u0161tne po\u0161iljke<\/li>\r\n \t<li>preparazione della documentazione per la contabilit\u00e0<\/li>\r\n \t<li>rispondere alle chiamate telefoniche<\/li>\r\n<\/ul>\r\n<p class=\"subtitle-ionex\"><strong>Ci aspettiamo:<\/strong><\/p>\r\n\r\n<ul>\r\n \t<li>Qualifiche professionali pertinenti (almeno livello VI)<\/li>\r\n \t<li>almeno 2 anni di esperienza in una posizione analoga<\/li>\r\n \t<li>apprendimento rapido<\/li>\r\n \t<li>zelo visoka stopnja samostojnosti in analiti\u010dnega razmi\u0161ljanja<\/li>\r\n \t<li>buone capacit\u00e0 organizzative e di comunicazione<\/li>\r\n \t<li>altamente motivati e orientati ai risultati<\/li>\r\n \t<li>fluidit\u00e0 in inglese<\/li>\r\n<\/ul>\r\n<p class=\"subtitle-ionex\"><strong>Za\u017eeljena znanja:<\/strong><\/p>\r\n\r\n<ul>\r\n \t<li>poznavanje osnov WordPress CMS sistema<\/li>\r\n \t<li>uporaba orodij za spletno analitiko (GA, GSC)<\/li>\r\n \t<li>za\u017eeljeno znanje Photoshopa, Indesign<\/li>\r\n \t<li>znanje hrva\u0161kega in\/ali nem\u0161kega jezika je prednost<\/li>\r\n \t<li>poznavanje programa Pantheon<\/li>\r\n<\/ul>\r\n<p class=\"subtitle-ionex\"><strong>Offriamo:<\/strong><\/p>\r\n\r\n<ul>\r\n \t<li>assunzione a tempo indeterminato con un periodo di prova di 6 mesi<\/li>\r\n \t<li>retribuzione competitiva in base all'esperienza<\/li>\r\n \t<li>un lavoro in un ambiente aziendale stabile<\/li>\r\n \t<li>opportunit\u00e0 di formazione<\/li>\r\n \t<li>sfide creative e molta libert\u00e0 di creare soluzioni<\/li>\r\n \t<li>un'eccellente opportunit\u00e0 di sviluppo personale e professionale<\/li>\r\n<\/ul>\r\n<strong>Si prega di inviare le candidature e il CV a ionex@www.ionex.si<\/strong>[\/et_pb_text][\/et_pb_column][\/et_pb_row][\/et_pb_section]","protected":false},"excerpt":{"rendered":"<p><div class=\"et_pb_section et_pb_section_0 et_section_regular\" >\n\t\t\t\t\n\t\t\t\t\n\t\t\t\t\n\t\t\t\t\n\t\t\t\t\n\t\t\t\t\n\t\t\t\t\n\t\t\t\t\n\t\t\t\t\n\t\t\t<\/div><div class=\"et_pb_row et_pb_row_0 et_pb_row_empty\">\n\t\t\t\t\n\t\t\t\t\n\t\t\t\t\n\t\t\t\t\n\t\t\t\t\n\t\t\t<\/div><div class=\"et_pb_module et_pb_text et_pb_text_0  et_pb_text_align_left et_pb_bg_layout_light\">\n\t\t\t\t\n\t\t\t\t\n\t\t\t\t\n\t\t\t\t\n\t\t\t\t\n\t\t\t<\/div>Za opravljanje naslednjih nalog: administriranje spletnih trgovin podjetja IONEX (www.ionex.si, www.ionex-ionizers.com) priprava in izvedba spletne prodajne strategije na ve\u010din digitalnih kanalih optimizacija spletnih strani promocija podjetja in pospe\u0161evanje prodaje izdelkov z uporabo digitalnih tehnologij skrb za tr\u017eno komunikacijo s strankami preko e-novic, dru\u017ebenih medijev oblikovanje oglasov, bannerjev in druge marketin\u0161ke aktivnosti, povezane s spletnim ogla\u0161evanjem [&hellip;]<\/p>","protected":false},"author":3,"featured_media":0,"parent":0,"menu_order":0,"comment_status":"closed","ping_status":"closed","template":"","meta":{"_et_pb_use_builder":"on","_et_pb_old_content":"<p class=\"subtitle-ionex\"><strong>Za opravljanje naslednjih nalog:<\/strong><\/p>\r\n\r\n<ul>\r\n \t<li>administriranje spletnih trgovin podjetja IONEX (www.ionex.si, www.ionex-ionizers.com)<\/li>\r\n \t<li>priprava in izvedba spletne prodajne strategije na ve\u010din digitalnih kanalih<\/li>\r\n \t<li>optimizacija spletnih strani<\/li>\r\n \t<li>promocija podjetja in pospe\u0161evanje prodaje izdelkov z uporabo digitalnih tehnologij<\/li>\r\n \t<li>skrb za tr\u017eno komunikacijo s strankami preko e-novic, dru\u017ebenih medijev<\/li>\r\n \t<li>oblikovanje oglasov, bannerjev in druge marketin\u0161ke aktivnosti, povezane s spletnim ogla\u0161evanjem<\/li>\r\n \t<li>prodaja izdelkov kon\u010dnim kupcem skladno z naro\u010dili preko spletne trgovine in na mailu<\/li>\r\n \t<li>priprava paketov za odpo\u0161iljanje preko DPD ali po\u0161tne po\u0161iljke<\/li>\r\n \t<li>priprava dokumentacije za ra\u010dunovodstvo<\/li>\r\n \t<li>sprejemanje telefonskih klicev<\/li>\r\n<\/ul>\r\n<p class=\"subtitle-ionex\"><strong>Od kandidata \/ kandidatke pri\u010dakujemo:<\/strong><\/p>\r\n\r\n<ul>\r\n \t<li>ustrezno strokovno izobrazbo (najmanj VI. stopnje)<\/li>\r\n \t<li>vsaj 2 leti delovnih izku\u0161enj na primerljivem delovnem mestu<\/li>\r\n \t<li>hitro u\u010denje<\/li>\r\n \t<li>zelo visoka stopnja samostojnosti in analiti\u010dnega razmi\u0161ljanja<\/li>\r\n \t<li>dobre organizacijske in komunikacijske sposobnosti<\/li>\r\n \t<li>visoko motiviranost in usmerjenost k rezultatom<\/li>\r\n \t<li>teko\u010de znanje angle\u0161\u010dine<\/li>\r\n<\/ul>\r\n<p class=\"subtitle-ionex\"><strong>Za\u017eeljena znanja:<\/strong><\/p>\r\n\r\n<ul>\r\n \t<li>poznavanje osnov Wordpress CMS sistema<\/li>\r\n \t<li>uporaba orodij za spletno analitiko (GA, GSC)<\/li>\r\n \t<li>za\u017eeljeno znanje Photoshopa, Indesign<\/li>\r\n \t<li>znanje hrva\u0161kega in\/ali nem\u0161kega jezika je prednost<\/li>\r\n \t<li>poznavanje programa Pantheon<\/li>\r\n<\/ul>\r\n<p class=\"subtitle-ionex\"><strong>Ponujamo:<\/strong><\/p>\r\n\r\n<ul>\r\n \t<li>zaposlitev za nedolo\u010den \u010das s 6-mese\u010dnim poskusnim obdobjem<\/li>\r\n \t<li>konkuren\u010dno pla\u010dilo, odvisno od izku\u0161enj<\/li>\r\n \t<li>zaposlitev v stabilnem poslovnem okolju<\/li>\r\n \t<li>mo\u017enost izobra\u017eevanj<\/li>\r\n \t<li>kreativne izzive in veliko svobode pri kreiranju re\u0161itev<\/li>\r\n \t<li>odli\u010dna prilo\u017enost za osebni in strokovni razvoj<\/li>\r\n<\/ul>\r\n<strong>Prijave s CV-jem po\u0161ljite na na\u0161 elektronski naslov ionex@www.ionex.si<\/strong>","_et_gb_content_width":"","footnotes":""},"class_list":["post-28326","page","type-page","status-publish","hentry"],"yoast_head":"<!-- This site is optimized with the Yoast SEO Premium plugin v15.3 - https:\/\/yoast.com\/wordpress\/plugins\/seo\/ -->\n<title>Samostojni sodelavec v prodaji in spletnem marketingu (m\/\u017e) | IONEX<\/title>\n<meta name=\"robots\" content=\"index, follow, max-snippet:-1, max-image-preview:large, max-video-preview:-1\" \/>\n<link rel=\"canonical\" href=\"https:\/\/www.ionex.si\/it\/zaposlitev_ionex\/\" \/>\n<meta property=\"og:locale\" content=\"it_IT\" \/>\n<meta property=\"og:type\" content=\"article\" \/>\n<meta property=\"og:title\" content=\"Samostojni sodelavec v prodaji in spletnem marketingu (m\/\u017e) | IONEX\" \/>\n<meta property=\"og:description\" content=\"Za opravljanje naslednjih nalog: administriranje spletnih trgovin podjetja IONEX (www.ionex.si, www.ionex-ionizers.com) priprava in izvedba spletne prodajne strategije na ve\u010din digitalnih kanalih optimizacija spletnih strani promocija podjetja in pospe\u0161evanje prodaje izdelkov z uporabo digitalnih tehnologij skrb za tr\u017eno komunikacijo s strankami preko e-novic, dru\u017ebenih medijev oblikovanje oglasov, bannerjev in druge marketin\u0161ke aktivnosti, povezane s spletnim ogla\u0161evanjem [&hellip;]\" \/>\n<meta property=\"og:url\" content=\"https:\/\/www.ionex.si\/it\/zaposlitev_ionex\/\" \/>\n<meta property=\"og:site_name\" content=\"IONEX\" \/>\n<meta property=\"article:publisher\" content=\"https:\/\/www.facebook.com\/ionex.ionizers\/\" \/>\n<meta property=\"article:modified_time\" content=\"2024-05-27T14:01:57+00:00\" \/>\n<meta name=\"twitter:card\" content=\"summary\" \/>\n<meta name=\"twitter:label1\" content=\"Scritto da\">\n\t<meta name=\"twitter:data1\" content=\"linadmin\">\n\t<meta name=\"twitter:label2\" content=\"Tempo di lettura stimato\">\n\t<meta name=\"twitter:data2\" content=\"1 minuto\">\n<script type=\"application\/ld+json\" class=\"yoast-schema-graph\">{\"@context\":\"https:\/\/schema.org\",\"@graph\":[{\"@type\":\"Organization\",\"@id\":\"https:\/\/www.ionex.si\/it\/#organization\",\"name\":\"IONEX d.o.o.\",\"url\":\"https:\/\/www.ionex.si\/it\/\",\"sameAs\":[\"https:\/\/www.facebook.com\/ionex.ionizers\/\"],\"logo\":{\"@type\":\"ImageObject\",\"@id\":\"https:\/\/www.ionex.si\/it\/#logo\",\"inLanguage\":\"it-IT\",\"url\":\"https:\/\/www.ionex.si\/wp-content\/uploads\/2017\/05\/favicon114x114.png\",\"width\":114,\"height\":114,\"caption\":\"IONEX d.o.o.\"},\"image\":{\"@id\":\"https:\/\/www.ionex.si\/it\/#logo\"}},{\"@type\":\"WebSite\",\"@id\":\"https:\/\/www.ionex.si\/it\/#website\",\"url\":\"https:\/\/www.ionex.si\/it\/\",\"name\":\"IONEX\",\"description\":\"Vrhunski ionizatorji zraka IONEX\",\"publisher\":{\"@id\":\"https:\/\/www.ionex.si\/it\/#organization\"},\"potentialAction\":[{\"@type\":\"SearchAction\",\"target\":\"https:\/\/www.ionex.si\/it\/?s={search_term_string}\",\"query-input\":\"required name=search_term_string\"}],\"inLanguage\":\"it-IT\"},{\"@type\":\"WebPage\",\"@id\":\"https:\/\/www.ionex.si\/it\/zaposlitev_ionex\/#webpage\",\"url\":\"https:\/\/www.ionex.si\/it\/zaposlitev_ionex\/\",\"name\":\"Samostojni sodelavec v prodaji in spletnem marketingu (m\/\\u017e) | IONEX\",\"isPartOf\":{\"@id\":\"https:\/\/www.ionex.si\/it\/#website\"},\"datePublished\":\"2022-04-05T11:34:37+00:00\",\"dateModified\":\"2024-05-27T14:01:57+00:00\",\"inLanguage\":\"it-IT\",\"potentialAction\":[{\"@type\":\"ReadAction\",\"target\":[\"https:\/\/www.ionex.si\/it\/zaposlitev_ionex\/\"]}]}]}<\/script>\n<!-- \/ Yoast SEO Premium plugin. -->","_links":{"self":[{"href":"https:\/\/www.ionex.si\/it\/wp-json\/wp\/v2\/pages\/28326","targetHints":{"allow":["GET"]}}],"collection":[{"href":"https:\/\/www.ionex.si\/it\/wp-json\/wp\/v2\/pages"}],"about":[{"href":"https:\/\/www.ionex.si\/it\/wp-json\/wp\/v2\/types\/page"}],"author":[{"embeddable":true,"href":"https:\/\/www.ionex.si\/it\/wp-json\/wp\/v2\/users\/3"}],"replies":[{"embeddable":true,"href":"https:\/\/www.ionex.si\/it\/wp-json\/wp\/v2\/comments?post=28326"}],"version-history":[{"count":0,"href":"https:\/\/www.ionex.si\/it\/wp-json\/wp\/v2\/pages\/28326\/revisions"}],"wp:attachment":[{"href":"https:\/\/www.ionex.si\/it\/wp-json\/wp\/v2\/media?parent=28326"}],"curies":[{"name":"wp","href":"https:\/\/api.w.org\/{rel}","templated":true}]}}