{"id":17355,"date":"2017-06-07T16:26:24","date_gmt":"2017-06-07T14:26:24","guid":{"rendered":"http:\/\/195.206.229.24\/~ionexsi\/?post_type=product&#038;p=17355"},"modified":"2025-10-28T10:27:58","modified_gmt":"2025-10-28T09:27:58","slug":"ionex-zobna-scetka","status":"publish","type":"product","link":"https:\/\/www.ionex.si\/hr\/shop\/ionex-zobna-scetka\/","title":{"rendered":"IONEX-zobna-\u0161\u010detka"},"content":{"rendered":"<p>[spb_image image=&#8221;19354&#8243; image_size=&#8221;full&#8221; frame=&#8221;noframe&#8221; caption_pos=&#8221;hover&#8221; remove_rounded=&#8221;yes&#8221; fullwidth=&#8221;no&#8221; overflow_mode=&#8221;none&#8221; link_target=&#8221;_self&#8221; lightbox=&#8221;no&#8221; intro_animation=&#8221;none&#8221; animation_delay=&#8221;200&#8243; width=&#8221;1\/1&#8243; el_position=&#8221;first last&#8221;][\/spb_image] [spb_blank_spacer height=&#8221;30px&#8221; width=&#8221;1\/1&#8243; el_position=&#8221;first last&#8221;] [spb_row element_name=&#8221;Row&#8221; wrap_type=&#8221;standard-width&#8221; row_bg_type=&#8221;color&#8221; color_row_height=&#8221;content-height&#8221; bg_type=&#8221;cover&#8221; parallax_image_height=&#8221;content-height&#8221; parallax_image_movement=&#8221;fixed&#8221; parallax_image_speed=&#8221;standard&#8221; bg_video_loop=&#8221;yes&#8221; parallax_video_height=&#8221;window-height&#8221; row_top_style=&#8221;none&#8221; row_bottom_style=&#8221;none&#8221; parallax_video_overlay=&#8221;none&#8221; row_overlay_opacity=&#8221;0&#8243; remove_element_spacing=&#8221;no&#8221; row_col_spacing=&#8221;30&#8243; row_col_pos=&#8221;default&#8221; row_col_equal_heights=&#8221;no&#8221; row_expanding=&#8221;no&#8221; row_animation=&#8221;none&#8221; row_animation_delay=&#8221;0&#8243; minimize_row=&#8221;no&#8221; simplified_controls=&#8221;yes&#8221; custom_css_percentage=&#8221;no&#8221; custom_css=&#8221;margin-top: 0px;margin-bottom: 0px;&#8221; border_styling_global=&#8221;default&#8221; width=&#8221;1\/1&#8243; el_position=&#8221;first last&#8221;] [spb_column col_sm=&#8221;6&#8243; padding_horizontal=&#8221;0&#8243; width=&#8221;1\/2&#8243; el_position=&#8221;first&#8221;] [spb_text_block element_name=&#8221;How it works?&#8221; title=&#8221;Koristi uporabe&#8221; animation=&#8221;none&#8221; animation_delay=&#8221;0&#8243; simplified_controls=&#8221;yes&#8221; custom_css_percentage=&#8221;no&#8221; padding_vertical=&#8221;0&#8243; padding_horizontal=&#8221;0&#8243; margin_vertical=&#8221;0&#8243; custom_css=&#8221;margin-top: 0px;margin-bottom: 0px;&#8221; border_size=&#8221;0&#8243; border_styling_global=&#8221;default&#8221; width=&#8221;1\/1&#8243; el_position=&#8221;first last&#8221;]<\/p>\n<p>Kori\u0161tenjem IONEX \u010detkice za zube primijetiti \u0107ete sljede\u0107e prednosti:<\/p>\n<p><strong>\u2705 Uklanja naslage koje obi\u010dne \u010detkice ne mogu<\/strong> \u2013 zbog rada na bazi polariteta, \u010detkica mo\u017ee do\u0107i i do naslaga smje\u0161tenih na najnepristupa\u010dnijim mjestima.<\/p>\n<p><strong>\u2705 Izuzetno brzi rezultati <\/strong>\u2013 nakon samo nekoliko dana \u010detkanja u\u010dinak je vidljiv na va\u0161im zubima.<\/p>\n<p><strong>\u2705 Potpuno siguran i bezbolan<\/strong> \u2013 ne o\u0161te\u0107uje implantate, mostove, ispune svih vrsta, krunice, presvlake i sli\u010dno.<\/p>\n<p><strong>\u2705 Sprje\u010dava krvarenje desni - <\/strong>povratne informacije korisnika potvr\u0111uju da, pored zaustavljanja gingivitisa, \u010detka uklanja \u010dak krvarenje zubnog mesa.<\/p>\n<p><strong>\u2705 U\u010dinkovito \u0161titi od parodontoze - <\/strong>uklanja zubni kamenac , ponovno u\u010dvr\u0161\u0107uje desni i zaustavlja kvarenje zuba<\/p>\n<p><strong>\u2705 Nema potrebe za kori\u0161tenjem paste za zube - <\/strong>svaki put kada se koristi zubna pasta, neke se kemikalije prenose u na\u0161 krvotok, bez obzira koliko ih temeljito isperemo prilikom \u010detkanja zuba. IONEX \u010detkici za zube ne treba pasta za zube za u\u010dinkoviti rad, dovoljno je samo malo vode u ustima<\/p>\n<p><strong>\u2705 Nje\u017ene \u010detkice -<\/strong> polaritet i voda obavljaju sve potrebne poslove, nema vi\u0161e boli zbog jakog pritiska \u010detkica na zube i desni.<\/p>\n<p><strong>\u2705 Pristupa\u010dna alternativa \u010di\u0161\u0107enju zubnog kamenca -<\/strong> jer u\u010dinkovito rje\u0161ava parodontozu, skupo preventivno \u010di\u0161\u0107enje kamenaca vi\u0161e nije potrebno.<\/p>\n<p><strong>\u2705 Dodana vrijednost - <\/strong>sve funkcije obi\u010dne \/ elektri\u010dne \u010detkice za zube, interdentalne \u010detkice i zubnog konca okupljene su na jednom mjestu u IONEX \u010detkici za zube.<\/p>\n<p><strong>\u2705 Brez baterij in dodatnih stro\u0161kov \u2013<\/strong> trpe\u017eno napajalno vezje na hrbtni strani \u0161\u010detke omogo\u010da dolgotrajno in brezskrbno uporabo. Ne uporablja nikakr\u0161nih baterij ali elektri\u010dnih priklju\u010dkov, zato je finan\u010dni prihranek ob\u010duten.<\/p>\n<p><strong>\u2705 Dvakrat dalj\u0161a \u017eivljenjska doba od navadne zobne \u0161\u010detke \u2013<\/strong> trpe\u017eno napajalno vezje na hrbtni strani \u0161\u010detke omogo\u010da do 6 mesecev brezskrbne uporabe<\/p>\n<p>[\/spb_text_block] [\/spb_column] [spb_column col_sm=&#8221;6&#8243; padding_horizontal=&#8221;0&#8243; width=&#8221;1\/2&#8243; el_position=&#8221;last&#8221;] [spb_text_block element_name=&#8221;How it works?&#8221; title=&#8221;Kako deluje?&#8221; animation=&#8221;none&#8221; animation_delay=&#8221;0&#8243; simplified_controls=&#8221;yes&#8221; custom_css_percentage=&#8221;no&#8221; padding_vertical=&#8221;0&#8243; padding_horizontal=&#8221;0&#8243; margin_vertical=&#8221;0&#8243; custom_css=&#8221;margin-top: 0px;margin-bottom: 0px;&#8221; border_size=&#8221;0&#8243; border_styling_global=&#8221;default&#8221; width=&#8221;1\/1&#8243; el_position=&#8221;first last&#8221;]<\/p>\n<p>Princip polaritete pomeni, da ima vsak element v naravi pozitiven ali negativen naboj-polariteto. <strong>Elementi se pri istoj polarnosti odbijaju, a na razli\u010ditim polovima se privla\u010de.<\/strong><\/p>\n<p>IONEX \u010detkica za zube koristi tehnologiju koja omogu\u0107uje da se glava \u010detkice nabije negativno dok se zubni plak pozitivno nabije. U ovom procesu caklina zuba privremeno mijenja svoj polaritet s negativno nabijenog na pozitivno, <strong>pa se pozitivno nabijeni zubni plak odvoji od pozitivno nabijenog zuba i zalijepi na negativno nabijenu glavu \u010detkice.<\/strong>Tako se zubni plak zauvijek uklanja iz \u010dak i najtanjih kutova zuba. To se ne mo\u017ee posti\u0107i nijednom drugom \u010detkicom za zube.<\/p>\n<p><img loading=\"lazy\" decoding=\"async\" class=\"size-medium wp-image-20660 aligncenter\" src=\"https:\/\/www.ionex.si\/wp-content\/uploads\/2017\/06\/zobna-\u0161\u010detka-polariteta-300x157.png\" alt=\"zobna \u0161\u010detka s polariteto IONEX\" width=\"300\" height=\"157\" srcset=\"https:\/\/www.ionex.si\/wp-content\/uploads\/2017\/06\/zobna-\u0161\u010detka-polariteta-300x157.png 300w, https:\/\/www.ionex.si\/wp-content\/uploads\/2017\/06\/zobna-\u0161\u010detka-polariteta-931x487.png 931w, https:\/\/www.ionex.si\/wp-content\/uploads\/2017\/06\/zobna-\u0161\u010detka-polariteta-768x402.png 768w, https:\/\/www.ionex.si\/wp-content\/uploads\/2017\/06\/zobna-\u0161\u010detka-polariteta-1024x536.png 1024w, https:\/\/www.ionex.si\/wp-content\/uploads\/2017\/06\/zobna-\u0161\u010detka-polariteta.png 1200w\" sizes=\"(max-width: 300px) 100vw, 300px\" \/><\/p>\n<p>IONEX-zobna-\u0161\u010detka z redno uporabo prepre\u010duje nastanek kariesa, slab zadah, odstranjuje zobno kamen, bakterije, vnetja, skrbi za zdrave dlesni, saj prepre\u010duje njihovo krvavenje. Primerna tudi za ljudi s paradontozo (oz. pravilno re\u010deno parodontoza) in ob\u010dutljivimi dlesnimi, saj dokazano prepre\u010duje majavost zob.<\/p>\n<p>Sastoji se od donjih tvrdih sinteti\u010dkih \u010detkica, stvorenih da zadr\u017ee oblik, i gornjih nje\u017enih \u010detkica, kojima \u010detkamo zube. Zbog nje\u017enih gornjih \u010detkica <strong>spada u kategoriju mekih \u010detkica.<\/strong>Moramo \u010detkati nje\u017eno i kru\u017enim pokretima, kao \u0161to to preporu\u010duju stomatolozi. Mo\u017ee se koristiti <strong>bez<\/strong> paste za zube.<\/p>\n<h2>Kako to\u010dno ionska zobna \u0161\u010detka re\u0161uje vse na\u0161tete te\u017eave zob?<\/h2>\n<p>Ker je odgovor kar obse\u017een smo ga zbrali v lo\u010denem dokumentu, do katerega dostopite, <a href=\"https:\/\/www.ionex.si\/wp-content\/uploads\/2020\/06\/Ionska-zobna-\u0161\u010detka-pomaga-in-re\u0161uje-slede\u010de-probleme.pdf\" target=\"_blank\" rel=\"noopener noreferrer\">Na ovom linku<\/a> imate vi\u0161e detajla.<\/p>\n<p>Pobran je iz na\u0161ega \u010dlanka, ki se poglablja v primerjavo u\u010dinkovitosti vseh vrst \u0161\u010detk. Najdete ga pod dodatnimi viri spodaj.<\/p>\n<h3>Dodatni resursi<\/h3>\n<p>Ve\u010d o IONEX-zobni-\u0161\u010detki si lahko preberete v na\u0161i objavi na blogu, in sicer na <a href=\"https:\/\/www.ionex.si\/hr\/ionska-zobna-scetka-delovanje-in-ucinkovitost-v-primerjavi-z-ostalimi-vrstami-zobnih-scetk\/\" target=\"_blank\" rel=\"noopener noreferrer\">tej spletni povezavi<\/a> ali pa si ogledate kratek predstavitveni video <a href=\"https:\/\/www.youtube.com\/watch?v=WHlFPCsnFNU&amp;list=PLoT6P7fFsI7NQLdEvZhkwcXbJKcVddTwH&amp;index=12\" target=\"_blank\" rel=\"noopener noreferrer\">tukaj.<\/a><\/p>\n<p>Zvest uporabnik Branko Leskovec je za IONEX-zobno-\u0161\u010detko imel veliko pohvalnih besed, ki so zapisane <a href=\"https:\/\/www.ionex.si\/hr\/priporocila-uporabnikov\/\" target=\"_blank\" rel=\"noopener noreferrer\">v rubriki priporo\u010dil uporabnikov.<\/a><\/p>\n<p><a href=\"https:\/\/www.ionex.si\/wp-content\/uploads\/2017\/06\/IONEX-zobna-\u0161\u010detka-1.pdf\" target=\"_blank\" rel=\"noopener noreferrer\">Prenos navodil za IONEX-zobno-\u0161\u010detko.<\/a><\/p>\n<p>[\/spb_text_block] [\/spb_column] [\/spb_row]<\/p>","protected":false},"excerpt":{"rendered":"<p>[spb_image image=&#8221;19354&#8243; image_size=&#8221;full&#8221; frame=&#8221;noframe&#8221; caption_pos=&#8221;hover&#8221; remove_rounded=&#8221;yes&#8221; fullwidth=&#8221;no&#8221; overflow_mode=&#8221;none&#8221; link_target=&#8221;_self&#8221; lightbox=&#8221;no&#8221; intro_animation=&#8221;none&#8221; animation_delay=&#8221;200&#8243; width=&#8221;1\/1&#8243; el_position=&#8221;first last&#8221;][\/spb_image] [spb_blank_spacer height=&#8221;30px&#8221; width=&#8221;1\/1&#8243; el_position=&#8221;first last&#8221;] [spb_row element_name=&#8221;Row&#8221; wrap_type=&#8221;standard-width&#8221; row_bg_type=&#8221;color&#8221; color_row_height=&#8221;content-height&#8221; bg_type=&#8221;cover&#8221; parallax_image_height=&#8221;content-height&#8221; parallax_image_movement=&#8221;fixed&#8221; parallax_image_speed=&#8221;standard&#8221; bg_video_loop=&#8221;yes&#8221; parallax_video_height=&#8221;window-height&#8221; row_top_style=&#8221;none&#8221; row_bottom_style=&#8221;none&#8221; parallax_video_overlay=&#8221;none&#8221; row_overlay_opacity=&#8221;0&#8243; remove_element_spacing=&#8221;no&#8221; row_col_spacing=&#8221;30&#8243; row_col_pos=&#8221;default&#8221; row_col_equal_heights=&#8221;no&#8221; row_expanding=&#8221;no&#8221; row_animation=&#8221;none&#8221; row_animation_delay=&#8221;0&#8243; minimize_row=&#8221;no&#8221; simplified_controls=&#8221;yes&#8221; custom_css_percentage=&#8221;no&#8221; custom_css=&#8221;margin-top: 0px;margin-bottom: 0px;&#8221; border_styling_global=&#8221;default&#8221; width=&#8221;1\/1&#8243; el_position=&#8221;first last&#8221;] [spb_column col_sm=&#8221;6&#8243; padding_horizontal=&#8221;0&#8243; [&hellip;]<\/p>","protected":false},"featured_media":19213,"template":"","meta":{"_et_pb_use_builder":"","_et_pb_old_content":"","_et_gb_content_width":""},"product_brand":[],"product_cat":[130],"product_tag":[245,166,167,241],"class_list":{"0":"post-17355","1":"product","2":"type-product","3":"status-publish","4":"has-post-thumbnail","6":"product_cat-zdravi-zobje","7":"product_tag-ionex-zobna-scetka","8":"product_tag-ionska-zobna-scetka","9":"product_tag-scetka-s-polariteto","10":"product_tag-zobna-scetka-ionex","12":"first","13":"instock","14":"taxable","15":"shipping-taxable","16":"purchasable","17":"product-type-variable"},"yoast_head":"<!-- This site is optimized with the Yoast SEO Premium plugin v15.3 - https:\/\/yoast.com\/wordpress\/plugins\/seo\/ -->\n<title>IONEX-zobna-\u0161\u010detka | Inovativna ionska zobna \u0161\u010detka s polariteto<\/title>\n<meta name=\"description\" content=\"IONEX-zobna-\u0161\u010detka s polariteto je zasnovana za u\u010dinkovito \u010di\u0161\u010denje zob in varovanje pred kariesom, majavimi zobmi, vnetji, oblogami in zobnim kamnom.\" \/>\n<meta name=\"robots\" content=\"index, follow, max-snippet:-1, max-image-preview:large, max-video-preview:-1\" \/>\n<link rel=\"canonical\" href=\"https:\/\/www.ionex.si\/hr\/shop\/ionex-zobna-scetka\/\" \/>\n<meta property=\"og:locale\" content=\"hr_HR\" \/>\n<meta property=\"og:type\" content=\"article\" \/>\n<meta property=\"og:title\" content=\"IONEX-zobna-\u0161\u010detka | Inovativna ionska zobna \u0161\u010detka s polariteto\" \/>\n<meta property=\"og:description\" content=\"IONEX-zobna-\u0161\u010detka s polariteto je zasnovana za u\u010dinkovito \u010di\u0161\u010denje zob in varovanje pred kariesom, majavimi zobmi, vnetji, oblogami in zobnim kamnom.\" \/>\n<meta property=\"og:url\" content=\"https:\/\/www.ionex.si\/hr\/shop\/ionex-zobna-scetka\/\" \/>\n<meta property=\"og:site_name\" content=\"IONEX\" \/>\n<meta property=\"article:publisher\" content=\"https:\/\/www.facebook.com\/ionex.ionizers\/\" \/>\n<meta property=\"article:modified_time\" content=\"2025-10-28T09:27:58+00:00\" \/>\n<meta property=\"og:image\" content=\"https:\/\/www.ionex.si\/wp-content\/uploads\/2017\/06\/ionex-brushes.jpg\" \/>\n\t<meta property=\"og:image:width\" content=\"931\" \/>\n\t<meta property=\"og:image:height\" content=\"507\" \/>\n<meta name=\"twitter:card\" content=\"summary\" \/>\n<meta name=\"twitter:label1\" content=\"Napisao\/la\">\n\t<meta name=\"twitter:data1\" content=\"ionexsiadmin\">\n\t<meta name=\"twitter:label2\" content=\"Procijenjeno vrijeme \u010ditanja\">\n\t<meta name=\"twitter:data2\" content=\"4 minute\">\n<script type=\"application\/ld+json\" class=\"yoast-schema-graph\">{\"@context\":\"https:\/\/schema.org\",\"@graph\":[{\"@type\":\"Organization\",\"@id\":\"https:\/\/www.ionex.si\/hr\/#organization\",\"name\":\"IONEX d.o.o.\",\"url\":\"https:\/\/www.ionex.si\/hr\/\",\"sameAs\":[\"https:\/\/www.facebook.com\/ionex.ionizers\/\"],\"logo\":{\"@type\":\"ImageObject\",\"@id\":\"https:\/\/www.ionex.si\/hr\/#logo\",\"inLanguage\":\"hr\",\"url\":\"https:\/\/www.ionex.si\/wp-content\/uploads\/2017\/05\/favicon114x114.png\",\"width\":114,\"height\":114,\"caption\":\"IONEX d.o.o.\"},\"image\":{\"@id\":\"https:\/\/www.ionex.si\/hr\/#logo\"}},{\"@type\":\"WebSite\",\"@id\":\"https:\/\/www.ionex.si\/hr\/#website\",\"url\":\"https:\/\/www.ionex.si\/hr\/\",\"name\":\"IONEX\",\"description\":\"Vrhunski ionizatorji zraka IONEX\",\"publisher\":{\"@id\":\"https:\/\/www.ionex.si\/hr\/#organization\"},\"potentialAction\":[{\"@type\":\"SearchAction\",\"target\":\"https:\/\/www.ionex.si\/hr\/?s={search_term_string}\",\"query-input\":\"required name=search_term_string\"}],\"inLanguage\":\"hr\"},{\"@type\":\"ImageObject\",\"@id\":\"https:\/\/www.ionex.si\/hr\/shop\/ionex-zobna-scetka\/#primaryimage\",\"inLanguage\":\"hr\",\"url\":\"https:\/\/www.ionex.si\/wp-content\/uploads\/2017\/06\/ionex-brushes.jpg\",\"width\":931,\"height\":507,\"caption\":\"Zobna \\u0161\\u010detka IONEX s polariteto\"},{\"@type\":\"WebPage\",\"@id\":\"https:\/\/www.ionex.si\/hr\/shop\/ionex-zobna-scetka\/#webpage\",\"url\":\"https:\/\/www.ionex.si\/hr\/shop\/ionex-zobna-scetka\/\",\"name\":\"IONEX-zobna-\\u0161\\u010detka | Inovativna ionska zobna \\u0161\\u010detka s polariteto\",\"isPartOf\":{\"@id\":\"https:\/\/www.ionex.si\/hr\/#website\"},\"primaryImageOfPage\":{\"@id\":\"https:\/\/www.ionex.si\/hr\/shop\/ionex-zobna-scetka\/#primaryimage\"},\"datePublished\":\"2017-06-07T14:26:24+00:00\",\"dateModified\":\"2025-10-28T09:27:58+00:00\",\"description\":\"IONEX-zobna-\\u0161\\u010detka s polariteto je zasnovana za u\\u010dinkovito \\u010di\\u0161\\u010denje zob in varovanje pred kariesom, majavimi zobmi, vnetji, oblogami in zobnim kamnom.\",\"inLanguage\":\"hr\",\"potentialAction\":[{\"@type\":\"ReadAction\",\"target\":[\"https:\/\/www.ionex.si\/hr\/shop\/ionex-zobna-scetka\/\"]}]}]}<\/script>\n<!-- \/ Yoast SEO Premium plugin. -->","_links":{"self":[{"href":"https:\/\/www.ionex.si\/hr\/wp-json\/wp\/v2\/product\/17355","targetHints":{"allow":["GET"]}}],"collection":[{"href":"https:\/\/www.ionex.si\/hr\/wp-json\/wp\/v2\/product"}],"about":[{"href":"https:\/\/www.ionex.si\/hr\/wp-json\/wp\/v2\/types\/product"}],"wp:featuredmedia":[{"embeddable":true,"href":"https:\/\/www.ionex.si\/hr\/wp-json\/wp\/v2\/media\/19213"}],"wp:attachment":[{"href":"https:\/\/www.ionex.si\/hr\/wp-json\/wp\/v2\/media?parent=17355"}],"wp:term":[{"taxonomy":"product_brand","embeddable":true,"href":"https:\/\/www.ionex.si\/hr\/wp-json\/wp\/v2\/product_brand?post=17355"},{"taxonomy":"product_cat","embeddable":true,"href":"https:\/\/www.ionex.si\/hr\/wp-json\/wp\/v2\/product_cat?post=17355"},{"taxonomy":"product_tag","embeddable":true,"href":"https:\/\/www.ionex.si\/hr\/wp-json\/wp\/v2\/product_tag?post=17355"}],"curies":[{"name":"wp","href":"https:\/\/api.w.org\/{rel}","templated":true}]}}