{"id":17345,"date":"2017-06-07T16:25:19","date_gmt":"2017-06-07T14:25:19","guid":{"rendered":"http:\/\/195.206.229.24\/~ionexsi\/?post_type=product&#038;p=17345"},"modified":"2025-10-28T10:28:20","modified_gmt":"2025-10-28T09:28:20","slug":"ionex-audio","status":"publish","type":"product","link":"https:\/\/www.ionex.si\/hr\/shop\/ionex-audio\/","title":{"rendered":"IONEX Audio"},"content":{"rendered":"<p>[et_pb_section fb_built=&#8221;1&#8243; _builder_version=&#8221;4.16&#8243; custom_padding=&#8221;0px||||false|false&#8221; global_colors_info=&#8221;{}&#8221;][et_pb_row _builder_version=&#8221;4.16&#8243; background_size=&#8221;initial&#8221; background_position=&#8221;top_left&#8221; background_repeat=&#8221;repeat&#8221; width=&#8221;100%&#8221; custom_padding=&#8221;0px||0px||false|false&#8221; global_colors_info=&#8221;{}&#8221;][et_pb_column type=&#8221;4_4&#8243; _builder_version=&#8221;4.16&#8243; custom_padding=&#8221;|||&#8221; global_colors_info=&#8221;{}&#8221; custom_padding__hover=&#8221;|||&#8221;][et_pb_wc_breadcrumb _builder_version=&#8221;4.16&#8243; global_colors_info=&#8221;{}&#8221;][\/et_pb_wc_breadcrumb][et_pb_wc_cart_notice _builder_version=&#8221;4.16&#8243; global_colors_info=&#8221;{}&#8221;][\/et_pb_wc_cart_notice][\/et_pb_column][\/et_pb_row][et_pb_row column_structure=&#8221;1_2,1_2&#8243; _builder_version=&#8221;4.16&#8243; background_size=&#8221;initial&#8221; background_position=&#8221;top_left&#8221; background_repeat=&#8221;repeat&#8221; width=&#8221;100%&#8221; custom_padding=&#8221;0px||||false|false&#8221; global_colors_info=&#8221;{}&#8221;][et_pb_column type=&#8221;1_2&#8243; _builder_version=&#8221;4.16&#8243; custom_padding=&#8221;|||&#8221; global_colors_info=&#8221;{}&#8221; custom_padding__hover=&#8221;|||&#8221;][et_pb_wc_images _builder_version=&#8221;4.16&#8243; global_colors_info=&#8221;{}&#8221;][\/et_pb_wc_images][\/et_pb_column][et_pb_column type=&#8221;1_2&#8243; _builder_version=&#8221;4.16&#8243; custom_padding=&#8221;|||&#8221; global_colors_info=&#8221;{}&#8221; custom_padding__hover=&#8221;|||&#8221;][et_pb_wc_title _builder_version=&#8221;4.16&#8243; global_colors_info=&#8221;{}&#8221;][\/et_pb_wc_title][et_pb_wc_rating _builder_version=&#8221;4.16&#8243; global_colors_info=&#8221;{}&#8221;][\/et_pb_wc_rating][et_pb_wc_price _builder_version=&#8221;4.25.1&#8243; body_text_color=&#8221;#aaaaaa&#8221; before_sale_price_text_color=&#8221;#de7272&#8243; sale_price_text_color=&#8221;#aaaaaa&#8221; global_colors_info=&#8221;{}&#8221;][\/et_pb_wc_price][et_pb_code admin_label=&#8221;Flex&#8221; _builder_version=&#8221;4.25.1&#8243; _module_preset=&#8221;default&#8221; global_colors_info=&#8221;{}&#8221;][\/et_pb_code][et_pb_wc_description _builder_version=&#8221;4.25.1&#8243; body_font=&#8221;&#8211;et_global_body_font||||||||&#8221; global_colors_info=&#8221;{}&#8221;][\/et_pb_wc_description][et_pb_wc_add_to_cart _builder_version=&#8221;4.16&#8243; global_colors_info=&#8221;{}&#8221;][\/et_pb_wc_add_to_cart][et_pb_wc_meta _builder_version=&#8221;4.16&#8243; global_colors_info=&#8221;{}&#8221;][\/et_pb_wc_meta][\/et_pb_column][\/et_pb_row][et_pb_row _builder_version=&#8221;4.16&#8243; background_size=&#8221;initial&#8221; background_position=&#8221;top_left&#8221; background_repeat=&#8221;repeat&#8221; width=&#8221;100%&#8221; global_colors_info=&#8221;{}&#8221;][et_pb_column type=&#8221;4_4&#8243; _builder_version=&#8221;4.16&#8243; custom_padding=&#8221;|||&#8221; global_colors_info=&#8221;{}&#8221; custom_padding__hover=&#8221;|||&#8221;][et_pb_wc_tabs _builder_version=&#8221;4.16&#8243; global_colors_info=&#8221;{}&#8221;]\t\t\t\t\t[\/et_pb_wc_tabs][et_pb_wc_upsells _builder_version=&#8221;4.16&#8243; global_colors_info=&#8221;{}&#8221;][\/et_pb_wc_upsells][et_pb_wc_related_products _builder_version=&#8221;4.16&#8243; global_colors_info=&#8221;{}&#8221;][\/et_pb_wc_related_products][\/et_pb_column][\/et_pb_row][\/et_pb_section]<\/p>","protected":false},"excerpt":{"rendered":"<p>Ionex Audio ionizator sna\u017enija je ina\u010dica klasi\u010dnog Ionex ionizatora za ku\u0107nu upotrebu. Sam ionizator posebno je prilago\u0111en za snimanje okoline. Sna\u017ena \u010detkica od ugljika \u010disti zrak u va\u0161em studiju za snimanje do 99,98%. \u010cisti ionizirani zrak zvu\u010dne ure\u0111aje \u010dini jasnijim i \u017eivopisnim pobolj\u0161avaju\u0107i akustiku okoline za snimanje.<\/p>","protected":false},"featured_media":17334,"template":"","meta":{"_et_pb_use_builder":"on","_et_pb_old_content":"<img class=\"img_description alignnone size-medium wp-image-17436\" src=\"https:\/\/www.ionex.si\/wp-content\/uploads\/2017\/06\/ionex-studio.jpg\" \/>\r\n<div class=\"wraper_description_header\">\r\n<div class=\"wraper_description_unit\">\r\n<h3>Prednosti negativnih ionov<\/h3>\r\nNegativni ioni iz ogljikove \u0161\u010detke brez oddajanja \u0161kodljivega ozona iz zraka odstranijo vse delce nesnage in s tem odstranijo ovire, da se valovi zvoka lahko neovirano gibljejo. S tem ob\u010dutno izbolj\u0161ajo zvo\u010dno sliko, zvok do\u017eivljamo kot bolj \u017eiv, poln, holografski, ki je v celoti zavzel prostor, po katerem se giblje. Zvo\u010dni zapisi so bolj barviti, dinami\u010dni in \"\u017eivi\". Ionizator IONEX Audio se uporablja predvsem profesionalno v snemalnih studiih, koncertnih in prireditvenih dvoranah, namenjen pa je tudi navdu\u0161encem nad kakovostnim zvokom.\r\n\r\n<\/div>\r\n<div class=\"wraper_description_unit\">\r\n<h3>Kako deluje<\/h3>\r\nNegativni ioni, ki jih proizvede patentirana ogljikova \u0161\u010detka ionizatorja IONEX, pre\u010distijo zrak 100%. Ve\u017eejo se na vse (tudi podmikrometrske) lebde\u010de delce v zraku, kot so bakterije, virusi, prah, formaldehid, vonjave, kemikalije, ostanki odmrle ko\u017ee, iztrebki pr\u0161ic, drugi alergeni, cigaretni dim, aerosoli. Vezani delci padejo na povr\u0161ine in tla in se ne dvignejo ve\u010d v zrak. Deluje popolnoma nesli\u0161no in je nemote\u010d element v prostoru.\r\n\r\n<\/div>\r\n<\/div>\r\n<img class=\"img_description alignnone size-medium wp-image-17434\" src=\"https:\/\/www.ionex.si\/wp-content\/uploads\/2017\/06\/ionex-ioniser-recording-studio.jpg\" \/>\r\n<div class=\"wraper_description_header\">\r\n<div class=\"wraper_description_unit\">\r\n<h3>Emisija negativnih ionov<\/h3>\r\nRezultat je 100% \u010dist zrak, ki je \u0161e vedno napolnjen z zadostno koli\u010dino negativnih ionov za dosego koristnih zdravilnih u\u010dinkov \u2013 izbolj\u0161ajo telesu naravno za\u0161\u010dito, saj krepijo imunski sistem in izbolj\u0161ajo vitalnost. Le vdihavanje velike koli\u010dine negativnih ionov lahko omogo\u010di astmatikom, alergikom in bolnikom, ki trpijo za povi\u0161anim krvnim tlakom, omilitev simptomov in z redno ionsko terapijo celo popolno odpravo simptomov teh bolezni. \u0160tevilne povratne informacije zadovoljnih uporabnikov potrjujejo u\u010dinkovitost ionske terapije z ionizatorji IONEX.\r\n\r\n<\/div>\r\n<div class=\"wraper_description_unit\">\r\n<h3>Terapevtski u\u010dinki<\/h3>\r\nPre\u010di\u0161\u010den zrak poleg ugodnih u\u010dinkov na telo zagotavlja tudi udobno atmosfero bivanja in dobro po\u010dutje. Po dolo\u010denem \u010dasu uporabe na\u0161ih ionizatorjev lahko pri\u010dakujete:\r\n<ol>\r\n \t<li>zmanj\u0161ane u\u010dinke stresa in tesnobe,<\/li>\r\n \t<li>zmanj\u0161anje te\u017eav z astmo, bronhitisi in drugimi respiratornimi boleznimi,<\/li>\r\n \t<li>pove\u010danje notranjega miru in koncentracije,<\/li>\r\n \t<li>ob\u010dutno zmanj\u0161anje pojavnosti migren in glavobolov,<\/li>\r\n \t<li>uravnanje krvnega tlaka in sr\u010dnega utripa,<\/li>\r\n \t<li>zmanj\u0161anje simptomov alergij vseh vrst,<\/li>\r\n<\/ol>\r\n<\/div>\r\n<\/div>","_et_gb_content_width":""},"product_brand":[],"product_cat":[137],"product_tag":[155,154,147,156],"class_list":{"0":"post-17345","1":"product","2":"type-product","3":"status-publish","4":"has-post-thumbnail","6":"product_cat-ionizatorji-zraka","7":"product_tag-audio-ionizator","8":"product_tag-ionex-audio","9":"product_tag-ionizator","10":"product_tag-izboljsanje-kakovosti-zvoka","12":"first","13":"instock","14":"sale","15":"taxable","16":"shipping-taxable","17":"purchasable","18":"product-type-simple"},"yoast_head":"<!-- This site is optimized with the Yoast SEO Premium plugin v15.3 - https:\/\/yoast.com\/wordpress\/plugins\/seo\/ -->\n<title>IONEX Audio | IONEX<\/title>\n<meta name=\"robots\" content=\"index, follow, max-snippet:-1, max-image-preview:large, max-video-preview:-1\" \/>\n<link rel=\"canonical\" href=\"https:\/\/www.ionex.si\/hr\/shop\/ionex-audio\/\" \/>\n<meta property=\"og:locale\" content=\"hr_HR\" \/>\n<meta property=\"og:type\" content=\"article\" \/>\n<meta property=\"og:title\" content=\"IONEX Audio | IONEX\" \/>\n<meta property=\"og:description\" content=\"IONEX Audio je mo\u010dnej\u0161a razli\u010dica ionizatorja IONEX Classic. Posebej je prilagojen za snemalne studie, koncertne in prireditvene dvorane. Njegova najzmogljivej\u0161a ogljikova \u0161\u010detka pre\u010disti zrak do 99,98%, Zvok zato zveni bolj \u010disto, polno in \u017eivo ter se izbolj\u0161a na\u0161a percepcija zvoka.\" \/>\n<meta property=\"og:url\" content=\"https:\/\/www.ionex.si\/hr\/shop\/ionex-audio\/\" \/>\n<meta property=\"og:site_name\" content=\"IONEX\" \/>\n<meta property=\"article:publisher\" content=\"https:\/\/www.facebook.com\/ionex.ionizers\/\" \/>\n<meta property=\"article:modified_time\" content=\"2025-10-28T09:28:20+00:00\" \/>\n<meta property=\"og:image\" content=\"https:\/\/www.ionex.si\/wp-content\/uploads\/2017\/05\/ionex-audio.png\" \/>\n\t<meta property=\"og:image:width\" content=\"931\" \/>\n\t<meta property=\"og:image:height\" content=\"507\" \/>\n<meta name=\"twitter:card\" content=\"summary\" \/>\n<meta name=\"twitter:label1\" content=\"Napisao\/la\">\n\t<meta name=\"twitter:data1\" content=\"ionexsiadmin\">\n\t<meta name=\"twitter:label2\" content=\"Procijenjeno vrijeme \u010ditanja\">\n\t<meta name=\"twitter:data2\" content=\"1 minuta\">\n<script type=\"application\/ld+json\" class=\"yoast-schema-graph\">{\"@context\":\"https:\/\/schema.org\",\"@graph\":[{\"@type\":\"Organization\",\"@id\":\"https:\/\/www.ionex.si\/hr\/#organization\",\"name\":\"IONEX d.o.o.\",\"url\":\"https:\/\/www.ionex.si\/hr\/\",\"sameAs\":[\"https:\/\/www.facebook.com\/ionex.ionizers\/\"],\"logo\":{\"@type\":\"ImageObject\",\"@id\":\"https:\/\/www.ionex.si\/hr\/#logo\",\"inLanguage\":\"hr\",\"url\":\"https:\/\/www.ionex.si\/wp-content\/uploads\/2017\/05\/favicon114x114.png\",\"width\":114,\"height\":114,\"caption\":\"IONEX d.o.o.\"},\"image\":{\"@id\":\"https:\/\/www.ionex.si\/hr\/#logo\"}},{\"@type\":\"WebSite\",\"@id\":\"https:\/\/www.ionex.si\/hr\/#website\",\"url\":\"https:\/\/www.ionex.si\/hr\/\",\"name\":\"IONEX\",\"description\":\"Vrhunski ionizatorji zraka IONEX\",\"publisher\":{\"@id\":\"https:\/\/www.ionex.si\/hr\/#organization\"},\"potentialAction\":[{\"@type\":\"SearchAction\",\"target\":\"https:\/\/www.ionex.si\/hr\/?s={search_term_string}\",\"query-input\":\"required name=search_term_string\"}],\"inLanguage\":\"hr\"},{\"@type\":\"ImageObject\",\"@id\":\"https:\/\/www.ionex.si\/hr\/shop\/ionex-audio\/#primaryimage\",\"inLanguage\":\"hr\",\"url\":\"https:\/\/www.ionex.si\/wp-content\/uploads\/2017\/05\/ionex-audio.png\",\"width\":931,\"height\":507,\"caption\":\"Ionex Ionizer Audio\"},{\"@type\":\"WebPage\",\"@id\":\"https:\/\/www.ionex.si\/hr\/shop\/ionex-audio\/#webpage\",\"url\":\"https:\/\/www.ionex.si\/hr\/shop\/ionex-audio\/\",\"name\":\"IONEX Audio | IONEX\",\"isPartOf\":{\"@id\":\"https:\/\/www.ionex.si\/hr\/#website\"},\"primaryImageOfPage\":{\"@id\":\"https:\/\/www.ionex.si\/hr\/shop\/ionex-audio\/#primaryimage\"},\"datePublished\":\"2017-06-07T14:25:19+00:00\",\"dateModified\":\"2025-10-28T09:28:20+00:00\",\"inLanguage\":\"hr\",\"potentialAction\":[{\"@type\":\"ReadAction\",\"target\":[\"https:\/\/www.ionex.si\/hr\/shop\/ionex-audio\/\"]}]}]}<\/script>\n<!-- \/ Yoast SEO Premium plugin. -->","_links":{"self":[{"href":"https:\/\/www.ionex.si\/hr\/wp-json\/wp\/v2\/product\/17345","targetHints":{"allow":["GET"]}}],"collection":[{"href":"https:\/\/www.ionex.si\/hr\/wp-json\/wp\/v2\/product"}],"about":[{"href":"https:\/\/www.ionex.si\/hr\/wp-json\/wp\/v2\/types\/product"}],"wp:featuredmedia":[{"embeddable":true,"href":"https:\/\/www.ionex.si\/hr\/wp-json\/wp\/v2\/media\/17334"}],"wp:attachment":[{"href":"https:\/\/www.ionex.si\/hr\/wp-json\/wp\/v2\/media?parent=17345"}],"wp:term":[{"taxonomy":"product_brand","embeddable":true,"href":"https:\/\/www.ionex.si\/hr\/wp-json\/wp\/v2\/product_brand?post=17345"},{"taxonomy":"product_cat","embeddable":true,"href":"https:\/\/www.ionex.si\/hr\/wp-json\/wp\/v2\/product_cat?post=17345"},{"taxonomy":"product_tag","embeddable":true,"href":"https:\/\/www.ionex.si\/hr\/wp-json\/wp\/v2\/product_tag?post=17345"}],"curies":[{"name":"wp","href":"https:\/\/api.w.org\/{rel}","templated":true}]}}