{"id":20875,"date":"2019-03-29T10:40:04","date_gmt":"2019-03-29T09:40:04","guid":{"rendered":"https:\/\/www.ionex.si\/?page_id=20875"},"modified":"2024-05-20T13:20:14","modified_gmt":"2024-05-20T11:20:14","slug":"blog","status":"publish","type":"page","link":"https:\/\/www.ionex.si\/hr\/blog\/","title":{"rendered":"Blog"},"content":{"rendered":"<p>[et_pb_section fb_built=&#8221;1&#8243; _builder_version=&#8221;4.25.1&#8243; _module_preset=&#8221;default&#8221; background_color=&#8221;#efefef&#8221; custom_padding=&#8221;5px||5px|||&#8221; global_colors_info=&#8221;{}&#8221; theme_builder_area=&#8221;post_content&#8221;][et_pb_row column_structure=&#8221;1_2,1_2&#8243; _builder_version=&#8221;4.25.1&#8243; _module_preset=&#8221;default&#8221; global_colors_info=&#8221;{}&#8221; theme_builder_area=&#8221;post_content&#8221;][et_pb_column type=&#8221;1_2&#8243; _builder_version=&#8221;4.25.1&#8243; _module_preset=&#8221;default&#8221; global_colors_info=&#8221;{}&#8221; theme_builder_area=&#8221;post_content&#8221;][et_pb_text _builder_version=&#8221;4.25.1&#8243; _module_preset=&#8221;default&#8221; header_font=&#8221;&#8211;et_global_heading_font|300|||||||&#8221; header_text_color=&#8221;#666666&#8243; header_font_size=&#8221;36px&#8221; hover_enabled=&#8221;0&#8243; global_colors_info=&#8221;{}&#8221; theme_builder_area=&#8221;post_content&#8221; sticky_enabled=&#8221;0&#8243;]<\/p>\n<h1>Blog<\/h1>\n<p>[\/et_pb_text][\/et_pb_column][et_pb_column type=&#8221;1_2&#8243; _builder_version=&#8221;4.25.1&#8243; _module_preset=&#8221;default&#8221; global_colors_info=&#8221;{}&#8221; theme_builder_area=&#8221;post_content&#8221;][\/et_pb_column][\/et_pb_row][\/et_pb_section][et_pb_section fb_built=&#8221;1&#8243; theme_builder_area=&#8221;post_content&#8221; _builder_version=&#8221;4.25.1&#8243; _module_preset=&#8221;default&#8221; custom_padding=&#8221;6px|||||&#8221;][et_pb_row _builder_version=&#8221;4.25.1&#8243; _module_preset=&#8221;default&#8221; theme_builder_area=&#8221;post_content&#8221;][et_pb_column _builder_version=&#8221;4.25.1&#8243; _module_preset=&#8221;default&#8221; type=&#8221;4_4&#8243; theme_builder_area=&#8221;post_content&#8221;][et_pb_text _builder_version=&#8221;4.25.1&#8243; _module_preset=&#8221;default&#8221; theme_builder_area=&#8221;post_content&#8221; hover_enabled=&#8221;0&#8243; sticky_enabled=&#8221;0&#8243; text_font_size=&#8221;16px&#8221; text_font=&#8221;Roboto|300|||||||&#8221;]<\/p>\n<p><span>Dobrodo\u0161li na na\u0161u IONEX blog stranicu. Ovdje mo\u017eete prona\u0107i razne teme vezane uz zdravlje. Tako\u0111er mo\u017eete sortirati \u010dlanke po temama, samo kliknite na \u017eeljeni odjeljak ispod i prikazat \u0107e se samo relevantni \u010dlanci. Sretno \u010ditanje!<\/span><\/p>\n<p>[\/et_pb_text][\/et_pb_column][\/et_pb_row][et_pb_row _builder_version=&#8221;4.25.1&#8243; _module_preset=&#8221;default&#8221; theme_builder_area=&#8221;post_content&#8221;][et_pb_column _builder_version=&#8221;4.25.1&#8243; _module_preset=&#8221;default&#8221; type=&#8221;4_4&#8243; theme_builder_area=&#8221;post_content&#8221;][et_pb_blog _builder_version=&#8221;4.25.1&#8243; _module_preset=&#8221;default&#8221; theme_builder_area=&#8221;post_content&#8221; include_categories=&#8221;136,139,183,216&#8243; hover_enabled=&#8221;0&#8243; sticky_enabled=&#8221;0&#8243;][\/et_pb_blog][\/et_pb_column][\/et_pb_row][\/et_pb_section]<\/p>","protected":false},"excerpt":{"rendered":"<p>Dobrodo\u0161li na na\u0161u IONEX blog stranicu. Ovdje mo\u017eete prona\u0107i razne teme vezane uz zdravlje. Tako\u0111er mo\u017eete sortirati \u010dlanke po temama, samo kliknite na \u017eeljeni odjeljak ispod i prikazat \u0107e se samo relevantni \u010dlanci. Sretno \u010ditanje!<\/p>","protected":false},"author":3,"featured_media":0,"parent":0,"menu_order":0,"comment_status":"closed","ping_status":"closed","template":"","meta":{"_et_pb_use_builder":"on","_et_pb_old_content":"[spb_text_block animation=\"none\" animation_delay=\"0\" simplified_controls=\"yes\" custom_css_percentage=\"no\" padding_vertical=\"0\" padding_horizontal=\"0\" margin_vertical=\"0\" custom_css=\"margin-top: 0px;margin-bottom: 0px;\" border_size=\"0\" border_styling_global=\"default\" width=\"1\/1\" el_position=\"first last\"]\r\n\r\nDobrodo\u0161li na na\u0161i IONEX blog strani. Tu lahko najdete razli\u010dne tematike glede zdravja. \u010clanke lahko tudi sortirate glede na tematiko, samo pritistnite na \u017eeljeni sklop spodaj in prikazali se vam bodo samo relevantni \u010dlanki. Veselo branje!\r\n\r\n[\/spb_text_block] [spb_blog blog_type=\"masonry\" gutters=\"yes\" columns=\"3\" fullwidth=\"no\" item_count=\"5\" category=\"All\" offset=\"0\" order_by=\"date\" order=\"DESC\" show_title=\"yes\" show_excerpt=\"yes\" show_details=\"yes\" excerpt_length=\"15\" content_output=\"excerpt\" show_read_more=\"yes\" social_integration=\"no\" blog_filter=\"yes\" pagination=\"infinite-scroll\" width=\"1\/1\" el_position=\"first last\"]","_et_gb_content_width":"","footnotes":""},"class_list":["post-20875","page","type-page","status-publish","hentry"],"yoast_head":"<!-- This site is optimized with the Yoast SEO Premium plugin v15.3 - https:\/\/yoast.com\/wordpress\/plugins\/seo\/ -->\n<title>Blog | IONEX<\/title>\n<meta name=\"robots\" content=\"index, follow, max-snippet:-1, max-image-preview:large, max-video-preview:-1\" \/>\n<link rel=\"canonical\" href=\"https:\/\/www.ionex.si\/hr\/blog\/\" \/>\n<meta property=\"og:locale\" content=\"hr_HR\" \/>\n<meta property=\"og:type\" content=\"article\" \/>\n<meta property=\"og:title\" content=\"Blog | IONEX\" \/>\n<meta property=\"og:description\" content=\"BlogDobrodo\u0161li na na\u0161i IONEX blog strani. Tu lahko najdete razli\u010dne tematike glede zdravja. \u010clanke lahko tudi sortirate glede na tematiko, samo pritistnite na \u017eeljeni sklop spodaj in prikazali se vam bodo samo relevantni \u010dlanki. Veselo branje!\" \/>\n<meta property=\"og:url\" content=\"https:\/\/www.ionex.si\/hr\/blog\/\" \/>\n<meta property=\"og:site_name\" content=\"IONEX\" \/>\n<meta property=\"article:publisher\" content=\"https:\/\/www.facebook.com\/ionex.ionizers\/\" \/>\n<meta property=\"article:modified_time\" content=\"2024-05-20T11:20:14+00:00\" \/>\n<meta name=\"twitter:card\" content=\"summary\" \/>\n<meta name=\"twitter:label1\" content=\"Napisao\/la\">\n\t<meta name=\"twitter:data1\" content=\"linadmin\">\n\t<meta name=\"twitter:label2\" content=\"Procijenjeno vrijeme \u010ditanja\">\n\t<meta name=\"twitter:data2\" content=\"1 minuta\">\n<script type=\"application\/ld+json\" class=\"yoast-schema-graph\">{\"@context\":\"https:\/\/schema.org\",\"@graph\":[{\"@type\":\"Organization\",\"@id\":\"https:\/\/www.ionex.si\/hr\/#organization\",\"name\":\"IONEX d.o.o.\",\"url\":\"https:\/\/www.ionex.si\/hr\/\",\"sameAs\":[\"https:\/\/www.facebook.com\/ionex.ionizers\/\"],\"logo\":{\"@type\":\"ImageObject\",\"@id\":\"https:\/\/www.ionex.si\/hr\/#logo\",\"inLanguage\":\"hr\",\"url\":\"https:\/\/www.ionex.si\/wp-content\/uploads\/2017\/05\/favicon114x114.png\",\"width\":114,\"height\":114,\"caption\":\"IONEX d.o.o.\"},\"image\":{\"@id\":\"https:\/\/www.ionex.si\/hr\/#logo\"}},{\"@type\":\"WebSite\",\"@id\":\"https:\/\/www.ionex.si\/hr\/#website\",\"url\":\"https:\/\/www.ionex.si\/hr\/\",\"name\":\"IONEX\",\"description\":\"Vrhunski ionizatorji zraka IONEX\",\"publisher\":{\"@id\":\"https:\/\/www.ionex.si\/hr\/#organization\"},\"potentialAction\":[{\"@type\":\"SearchAction\",\"target\":\"https:\/\/www.ionex.si\/hr\/?s={search_term_string}\",\"query-input\":\"required name=search_term_string\"}],\"inLanguage\":\"hr\"},{\"@type\":\"WebPage\",\"@id\":\"https:\/\/www.ionex.si\/hr\/blog\/#webpage\",\"url\":\"https:\/\/www.ionex.si\/hr\/blog\/\",\"name\":\"Blog | IONEX\",\"isPartOf\":{\"@id\":\"https:\/\/www.ionex.si\/hr\/#website\"},\"datePublished\":\"2019-03-29T09:40:04+00:00\",\"dateModified\":\"2024-05-20T11:20:14+00:00\",\"inLanguage\":\"hr\",\"potentialAction\":[{\"@type\":\"ReadAction\",\"target\":[\"https:\/\/www.ionex.si\/hr\/blog\/\"]}]}]}<\/script>\n<!-- \/ Yoast SEO Premium plugin. -->","_links":{"self":[{"href":"https:\/\/www.ionex.si\/hr\/wp-json\/wp\/v2\/pages\/20875","targetHints":{"allow":["GET"]}}],"collection":[{"href":"https:\/\/www.ionex.si\/hr\/wp-json\/wp\/v2\/pages"}],"about":[{"href":"https:\/\/www.ionex.si\/hr\/wp-json\/wp\/v2\/types\/page"}],"author":[{"embeddable":true,"href":"https:\/\/www.ionex.si\/hr\/wp-json\/wp\/v2\/users\/3"}],"replies":[{"embeddable":true,"href":"https:\/\/www.ionex.si\/hr\/wp-json\/wp\/v2\/comments?post=20875"}],"version-history":[{"count":0,"href":"https:\/\/www.ionex.si\/hr\/wp-json\/wp\/v2\/pages\/20875\/revisions"}],"wp:attachment":[{"href":"https:\/\/www.ionex.si\/hr\/wp-json\/wp\/v2\/media?parent=20875"}],"curies":[{"name":"wp","href":"https:\/\/api.w.org\/{rel}","templated":true}]}}