{"id":16122,"date":"2016-09-12T18:28:37","date_gmt":"2016-09-12T16:28:37","guid":{"rendered":"http:\/\/nota.swiftideas.com\/?page_id=16122"},"modified":"2026-03-30T10:58:41","modified_gmt":"2026-03-30T08:58:41","slug":"pogosta-vprasanja","status":"publish","type":"page","link":"https:\/\/www.ionex.si\/hr\/pogosta-vprasanja\/","title":{"rendered":"\u010cesta pitanja"},"content":{"rendered":"<p>[et_pb_section fb_built=&#8221;1&#8243; _builder_version=&#8221;4.25.1&#8243; _module_preset=&#8221;default&#8221; background_color=&#8221;#efefef&#8221; custom_padding=&#8221;5px||5px|||&#8221; global_colors_info=&#8221;{}&#8221;][et_pb_row column_structure=&#8221;1_2,1_2&#8243; _builder_version=&#8221;4.25.1&#8243; _module_preset=&#8221;default&#8221; hover_enabled=&#8221;0&#8243; global_colors_info=&#8221;{}&#8221; sticky_enabled=&#8221;0&#8243;][et_pb_column type=&#8221;1_2&#8243; _builder_version=&#8221;4.25.1&#8243; _module_preset=&#8221;default&#8221; global_colors_info=&#8221;{}&#8221;][et_pb_text _builder_version=&#8221;4.27.4&#8243; _module_preset=&#8221;default&#8221; header_font=&#8221;&#8211;et_global_heading_font|300|||||||&#8221; header_text_color=&#8221;#666666&#8243; header_font_size=&#8221;36px&#8221; hover_enabled=&#8221;0&#8243; global_colors_info=&#8221;{}&#8221; sticky_enabled=&#8221;0&#8243;]<\/p>\n<h1>\u010cesta pitanja<\/h1>\n<p>U slu\u010daju pitanja pi\u0161ite nam na ionex@ionex.si<\/p>\n<p>[\/et_pb_text][\/et_pb_column][et_pb_column type=&#8221;1_2&#8243; _builder_version=&#8221;4.25.1&#8243; _module_preset=&#8221;default&#8221; global_colors_info=&#8221;{}&#8221;][\/et_pb_column][\/et_pb_row][\/et_pb_section][et_pb_section fb_built=&#8221;1&#8243; _builder_version=&#8221;4.16&#8243; global_colors_info=&#8221;{}&#8221;][et_pb_row _builder_version=&#8221;4.16&#8243; background_size=&#8221;initial&#8221; background_position=&#8221;top_left&#8221; background_repeat=&#8221;repeat&#8221; global_colors_info=&#8221;{}&#8221;][et_pb_column type=&#8221;4_4&#8243; _builder_version=&#8221;4.16&#8243; custom_padding=&#8221;|||&#8221; global_colors_info=&#8221;{}&#8221; custom_padding__hover=&#8221;|||&#8221;][\/et_pb_column][\/et_pb_row][\/et_pb_section]<\/p>","protected":false},"excerpt":{"rendered":"<p>Pogosta vpra\u0161anja V primeru vpra\u0161anj nam pi\u0161ite na ionex@ionex.si<\/p>","protected":false},"author":2,"featured_media":0,"parent":0,"menu_order":5,"comment_status":"closed","ping_status":"closed","template":"","meta":{"_et_pb_use_builder":"on","_et_pb_old_content":"[spb_tabs tabs_type=\"standard\" center_tabs=\"no\" width=\"1\/1\" el_position=\"first last\"] [spb_tab title=\"Ionizatorji\" icon=\"fa-minus-circle\" id=\"Ionizatorji\"] [spb_faqs element_name=\"Ionizatorji\" category=\"ionizers\" el_class=\"faqtabs\" width=\"1\/1\" el_position=\"first last\"] [\/spb_tab] [spb_tab title=\"Zobna \u0161\u010detka\" icon=\"fa-info-circle\" id=\"Ionexzobnaetka\"] [spb_faqs category=\"zobna-scetka\" width=\"1\/1\" el_position=\"first last\"] [\/spb_tab] [spb_tab title=\"Dostava\" icon=\"fa-cart-arrow-down\" id=\"Dostava\"] [spb_faqs category=\"dostava\" width=\"1\/1\" el_position=\"first last\"] [\/spb_tab] [spb_tab title=\"Vra\u010dilo izdelka\" icon=\"fa-tags\" id=\"-8\"] [spb_faqs element_name=\"Vra\u010dila\" category=\"vracila\" width=\"1\/1\" el_position=\"first last\"] [\/spb_tab] [spb_tab title=\"Naro\u010dila\" icon=\"fa-user\" id=\"-11\"] [spb_faqs element_name=\"Naro\u010dila\" category=\"narocila\" width=\"1\/1\" el_position=\"first last\"] [\/spb_tab] [spb_tab title=\"Uporabni\u0161ki ra\u010duni\" icon=\"fa-envelope\" id=\"-14\"] [spb_faqs element_name=\"Moj ra\u010dun\" category=\"racun\" width=\"1\/1\" el_position=\"first last\"] [\/spb_tab] [spb_tab title=\"Kontakt\" icon=\"fa-phone\" id=\"Kontakt\"] [spb_faqs element_name=\"Kontakt\" category=\"kontakti\" width=\"1\/1\" el_position=\"first last\"] [\/spb_tab] [\/spb_tabs]\r\n<script type=\"text\/javascript\" src=\"\/\/downloads.mailchimp.com\/js\/signup-forms\/popup\/unique-methods\/embed.js\" data-dojo-config=\"usePlainJson: true, isDebug: false\"><\/script><script type=\"text\/javascript\">window.dojoRequire([\"mojo\/signup-forms\/Loader\"], function(L) { L.start({\"baseUrl\":\"mc.us5.list-manage.com\",\"uuid\":\"920e0a3f9acda673dcf87e4f9\",\"lid\":\"a737278742\",\"uniqueMethods\":true}) })<\/script>","_et_gb_content_width":"","footnotes":""},"class_list":["post-16122","page","type-page","status-publish","hentry"],"yoast_head":"<!-- This site is optimized with the Yoast SEO Premium plugin v15.3 - https:\/\/yoast.com\/wordpress\/plugins\/seo\/ -->\n<title>Pogosta vpra\u0161anja | IONEX<\/title>\n<meta name=\"robots\" content=\"index, follow, max-snippet:-1, max-image-preview:large, max-video-preview:-1\" \/>\n<link rel=\"canonical\" href=\"https:\/\/www.ionex.si\/hr\/pogosta-vprasanja\/\" \/>\n<meta property=\"og:locale\" content=\"hr_HR\" \/>\n<meta property=\"og:type\" content=\"article\" \/>\n<meta property=\"og:title\" content=\"Pogosta vpra\u0161anja | IONEX\" \/>\n<meta property=\"og:description\" content=\"Pogosta vpra\u0161anja V primeru vpra\u0161anj nam pi\u0161ite na ionex@ionex.si\" \/>\n<meta property=\"og:url\" content=\"https:\/\/www.ionex.si\/hr\/pogosta-vprasanja\/\" \/>\n<meta property=\"og:site_name\" content=\"IONEX\" \/>\n<meta property=\"article:publisher\" content=\"https:\/\/www.facebook.com\/ionex.ionizers\/\" \/>\n<meta property=\"article:modified_time\" content=\"2026-03-30T08:58:41+00:00\" \/>\n<meta name=\"twitter:card\" content=\"summary\" \/>\n<meta name=\"twitter:label1\" content=\"Napisao\/la\">\n\t<meta name=\"twitter:data1\" content=\"ionexsiadmin\">\n\t<meta name=\"twitter:label2\" content=\"Procijenjeno vrijeme \u010ditanja\">\n\t<meta name=\"twitter:data2\" content=\"1 minuta\">\n<script type=\"application\/ld+json\" class=\"yoast-schema-graph\">{\"@context\":\"https:\/\/schema.org\",\"@graph\":[{\"@type\":\"Organization\",\"@id\":\"https:\/\/www.ionex.si\/hr\/#organization\",\"name\":\"IONEX d.o.o.\",\"url\":\"https:\/\/www.ionex.si\/hr\/\",\"sameAs\":[\"https:\/\/www.facebook.com\/ionex.ionizers\/\"],\"logo\":{\"@type\":\"ImageObject\",\"@id\":\"https:\/\/www.ionex.si\/hr\/#logo\",\"inLanguage\":\"hr\",\"url\":\"https:\/\/www.ionex.si\/wp-content\/uploads\/2017\/05\/favicon114x114.png\",\"width\":114,\"height\":114,\"caption\":\"IONEX d.o.o.\"},\"image\":{\"@id\":\"https:\/\/www.ionex.si\/hr\/#logo\"}},{\"@type\":\"WebSite\",\"@id\":\"https:\/\/www.ionex.si\/hr\/#website\",\"url\":\"https:\/\/www.ionex.si\/hr\/\",\"name\":\"IONEX\",\"description\":\"Vrhunski ionizatorji zraka IONEX\",\"publisher\":{\"@id\":\"https:\/\/www.ionex.si\/hr\/#organization\"},\"potentialAction\":[{\"@type\":\"SearchAction\",\"target\":\"https:\/\/www.ionex.si\/hr\/?s={search_term_string}\",\"query-input\":\"required name=search_term_string\"}],\"inLanguage\":\"hr\"},{\"@type\":\"WebPage\",\"@id\":\"https:\/\/www.ionex.si\/hr\/pogosta-vprasanja\/#webpage\",\"url\":\"https:\/\/www.ionex.si\/hr\/pogosta-vprasanja\/\",\"name\":\"Pogosta vpra\\u0161anja | IONEX\",\"isPartOf\":{\"@id\":\"https:\/\/www.ionex.si\/hr\/#website\"},\"datePublished\":\"2016-09-12T16:28:37+00:00\",\"dateModified\":\"2026-03-30T08:58:41+00:00\",\"inLanguage\":\"hr\",\"potentialAction\":[{\"@type\":\"ReadAction\",\"target\":[\"https:\/\/www.ionex.si\/hr\/pogosta-vprasanja\/\"]}]}]}<\/script>\n<!-- \/ Yoast SEO Premium plugin. -->","_links":{"self":[{"href":"https:\/\/www.ionex.si\/hr\/wp-json\/wp\/v2\/pages\/16122","targetHints":{"allow":["GET"]}}],"collection":[{"href":"https:\/\/www.ionex.si\/hr\/wp-json\/wp\/v2\/pages"}],"about":[{"href":"https:\/\/www.ionex.si\/hr\/wp-json\/wp\/v2\/types\/page"}],"author":[{"embeddable":true,"href":"https:\/\/www.ionex.si\/hr\/wp-json\/wp\/v2\/users\/2"}],"replies":[{"embeddable":true,"href":"https:\/\/www.ionex.si\/hr\/wp-json\/wp\/v2\/comments?post=16122"}],"version-history":[{"count":3,"href":"https:\/\/www.ionex.si\/hr\/wp-json\/wp\/v2\/pages\/16122\/revisions"}],"predecessor-version":[{"id":33298,"href":"https:\/\/www.ionex.si\/hr\/wp-json\/wp\/v2\/pages\/16122\/revisions\/33298"}],"wp:attachment":[{"href":"https:\/\/www.ionex.si\/hr\/wp-json\/wp\/v2\/media?parent=16122"}],"curies":[{"name":"wp","href":"https:\/\/api.w.org\/{rel}","templated":true}]}}