{"id":17339,"date":"2017-06-07T16:24:25","date_gmt":"2017-06-07T14:24:25","guid":{"rendered":"http:\/\/195.206.229.24\/~ionexsi\/?post_type=product&#038;p=17339"},"modified":"2026-03-26T12:41:18","modified_gmt":"2026-03-26T11:41:18","slug":"ionex-avtomobilski-ionizator","status":"publish","type":"product","link":"https:\/\/www.ionex.si\/fr\/shop\/ionex-avtomobilski-ionizator\/","title":{"rendered":"Ioniseur de voiture IONEX"},"content":{"rendered":"<p>[et_pb_section fb_built=&#8221;1&#8243; _builder_version=&#8221;4.16&#8243; custom_padding=&#8221;0px||||false|false&#8221; global_colors_info=&#8221;{}&#8221;][et_pb_row _builder_version=&#8221;4.16&#8243; background_size=&#8221;initial&#8221; background_position=&#8221;top_left&#8221; background_repeat=&#8221;repeat&#8221; width=&#8221;100%&#8221; custom_padding=&#8221;0px||0px||false|false&#8221; global_colors_info=&#8221;{}&#8221;][et_pb_column type=&#8221;4_4&#8243; _builder_version=&#8221;4.16&#8243; custom_padding=&#8221;|||&#8221; global_colors_info=&#8221;{}&#8221; custom_padding__hover=&#8221;|||&#8221;][et_pb_wc_breadcrumb _builder_version=&#8221;4.16&#8243; global_colors_info=&#8221;{}&#8221;][\/et_pb_wc_breadcrumb][et_pb_wc_cart_notice _builder_version=&#8221;4.16&#8243; global_colors_info=&#8221;{}&#8221;][\/et_pb_wc_cart_notice][\/et_pb_column][\/et_pb_row][et_pb_row column_structure=&#8221;1_2,1_2&#8243; _builder_version=&#8221;4.16&#8243; background_size=&#8221;initial&#8221; background_position=&#8221;top_left&#8221; background_repeat=&#8221;repeat&#8221; width=&#8221;100%&#8221; custom_padding=&#8221;0px||||false|false&#8221; global_colors_info=&#8221;{}&#8221;][et_pb_column type=&#8221;1_2&#8243; _builder_version=&#8221;4.16&#8243; custom_padding=&#8221;|||&#8221; global_colors_info=&#8221;{}&#8221; custom_padding__hover=&#8221;|||&#8221;][et_pb_wc_images _builder_version=&#8221;4.16&#8243; global_colors_info=&#8221;{}&#8221;][\/et_pb_wc_images][\/et_pb_column][et_pb_column type=&#8221;1_2&#8243; _builder_version=&#8221;4.16&#8243; custom_padding=&#8221;|||&#8221; global_colors_info=&#8221;{}&#8221; custom_padding__hover=&#8221;|||&#8221;][et_pb_wc_title _builder_version=&#8221;4.16&#8243; global_colors_info=&#8221;{}&#8221;][\/et_pb_wc_title][et_pb_wc_rating _builder_version=&#8221;4.16&#8243; global_colors_info=&#8221;{}&#8221;][\/et_pb_wc_rating][et_pb_wc_price _builder_version=&#8221;4.25.1&#8243; body_text_color=&#8221;#aaaaaa&#8221; before_sale_price_text_color=&#8221;#de7272&#8243; sale_price_text_color=&#8221;#aaaaaa&#8221; global_colors_info=&#8221;{}&#8221;][\/et_pb_wc_price][et_pb_wc_description _builder_version=&#8221;4.25.1&#8243; body_font=&#8221;&#8211;et_global_body_font||||||||&#8221; global_colors_info=&#8221;{}&#8221;][\/et_pb_wc_description][et_pb_wc_add_to_cart _builder_version=&#8221;4.16&#8243; global_colors_info=&#8221;{}&#8221;][\/et_pb_wc_add_to_cart][et_pb_wc_meta _builder_version=&#8221;4.16&#8243; global_colors_info=&#8221;{}&#8221;][\/et_pb_wc_meta][\/et_pb_column][\/et_pb_row][et_pb_row _builder_version=&#8221;4.16&#8243; background_size=&#8221;initial&#8221; background_position=&#8221;top_left&#8221; background_repeat=&#8221;repeat&#8221; width=&#8221;100%&#8221; global_colors_info=&#8221;{}&#8221;][et_pb_column type=&#8221;4_4&#8243; _builder_version=&#8221;4.16&#8243; custom_padding=&#8221;|||&#8221; global_colors_info=&#8221;{}&#8221; custom_padding__hover=&#8221;|||&#8221;][et_pb_wc_tabs include_tabs=&#8221;description|&#8221; _builder_version=&#8221;4.27.4&#8243; global_colors_info=&#8221;{}&#8221;]\t\t\t\t\t[\/et_pb_wc_tabs][et_pb_wc_upsells _builder_version=&#8221;4.16&#8243; global_colors_info=&#8221;{}&#8221;][\/et_pb_wc_upsells][et_pb_wc_related_products _builder_version=&#8221;4.16&#8243; global_colors_info=&#8221;{}&#8221;][\/et_pb_wc_related_products][\/et_pb_column][\/et_pb_row][\/et_pb_section]<\/p>","protected":false},"excerpt":{"rendered":"<p>L'ioniseur d'air pour voiture IONEX, \u00e9quip\u00e9 d'une brosse en carbone brevet\u00e9e \u00e9mettant le plus grand nombre d'ions n\u00e9gatifs, nettoie instantan\u00e9ment l'air dans la cabine de votre v\u00e9hicule jusqu'\u00e0 100%. Des recherches scientifiques ont prouv\u00e9 que l'air \u00e0 l'int\u00e9rieur des v\u00e9hicules est fortement pollu\u00e9 non seulement par la poussi\u00e8re, les bact\u00e9ries et les virus, mais aussi par des particules canc\u00e9rig\u00e8nes provenant des gaz d'\u00e9chappement, telles que les particules PM. Les ions n\u00e9gatifs contribueront \u00e0 une meilleure concentration et vigilance pendant la conduite, tout en prot\u00e9geant votre sant\u00e9.<\/p>","protected":false},"featured_media":17336,"template":"","meta":{"_et_pb_use_builder":"on","_et_pb_old_content":"<img class=\"img_description alignnone size-medium wp-image-17436\" src=\"https:\/\/www.ionex.si\/wp-content\/uploads\/2017\/06\/ionex-car-ionizer.jpg\" \/>\r\n<div class=\"wraper_description_header\">\r\n<div class=\"wraper_description_unit\">\r\n<h3>Zrak v avtomobilski kabini<\/h3>\r\nZrak v kabini vozil kmalu postane nasi\u010den s pozitivnimi ioni, kar je nevarno za zdravje voznika in potnikov. Raven kisika v krvi se zni\u017ea, kar povzro\u010di zaspanost, utrujenost, po\u010dasnej\u0161e reakcije, izgubo koncentracije in razdra\u017eenost. Vseh teh nevarnih u\u010dinkov ne moremo zmanj\u0161ati z uporabo klimatske naprave, saj ne vplivajo na kakovost zraka iz tega vidika. Pravzaprav klimatska naprava \u0161e dodatno uni\u010duje negativne ione; zrak je pra\u0161en, postan in zasi\u010den z rakotvornimi izpu\u0161nimi plini. Ravno zaradi tega smo v podjetju IONEX razvili ionizator za avto, ki re\u0161uje tovrstne te\u017eave.\r\n\r\n<\/div>\r\n<div class=\"wraper_description_unit\">\r\n<h3>Kako deluje avtomobilski ionizator?<\/h3>\r\nNegativni ioni, ki jih proizvede patentirana ogljikova \u0161\u010detka ionizatorja IONEX, pre\u010distijo zrak 100%. Ve\u017eejo se na vse (tudi podmikrometrske) lebde\u010de delce v zraku, kot so bakterije, virusi, prah, izpu\u0161ni plini, trdni (PM) delci, formaldehid, vonjave, kemikalije, ostanki odmrle ko\u017ee, cigaretni dim, cvetni prah, aerosoli. Vezani delci padejo na povr\u0161ine in tla in se ne dvignejo ve\u010d v zrak.\r\n\r\n<\/div>\r\n<\/div>\r\n<img class=\"img_description alignnone size-medium wp-image-17434\" src=\"https:\/\/www.ionex.si\/wp-content\/uploads\/2017\/06\/car-negative-ions.jpg\" \/>\r\n<div class=\"wraper_description_header\">\r\n<div class=\"wraper_description_unit\">\r\n<h3>Bolj\u0161i za volanom<\/h3>\r\nNegativni ioni, ki jih oddaja ionizator zraka, znanstveno dokazano zni\u017eujejo raven stresnega hormona. Voznik je bolj umirjen, pozoren, skoncentriran, ima neokrnjen reakcijski \u010das, kar vse pripomore k varnej\u0161i vo\u017enji in manj prometnih nesre\u010d. Idealen je za voznike, ki veliko \u010dasa pre\u017eivijo v avtomobilu, \u0161e posebej poklicne voznike, poleg tega pa bodo v zdravem in \u010distem zraku u\u017eivali tudi sopotniki. Ionizacija zraka je dodana vrednost va\u0161emu vozilu. Bodite tudi vi zaveden, varen in zdrav voznik in uporabljajte IONEX ionizator za avto.\r\n\r\n<\/div>\r\n<div class=\"wraper_description_unit\">\r\n<h3>Faraday-jeva kletka<\/h3>\r\nAvto po fizikalnih zakonih zaradi svoje kovinske karoserije deluje kot Faradayeva kletka, posledi\u010dno v njem ni prisotnih za zdravje pomembnih negativnih ionov. Negativnih ionov v kabino ne dobimo niti preko prezra\u010devalne oz. klimatske naprave, saj se negativni ioni zaradi trenja na svoji poti po ceveh uni\u010dijo. Zato je zrak v kabini osiroma\u0161en in kmalu postanemo utrujeni, brezvoljni in nezbrani. Dodajanje negativnih ionov z ionizatorjem je zato izjemnega pomena. S tem ponovno vzpostavimo \u010dloveku prijazno ravnovesje ionov ter izbolj\u0161amo koncentracijo in varnost v prometu.\r\n\r\n<\/div>\r\n<\/div>","_et_gb_content_width":""},"product_brand":[],"product_cat":[137],"product_tag":[152,151,150,153],"class_list":{"0":"post-17339","1":"product","2":"type-product","3":"status-publish","4":"has-post-thumbnail","6":"product_cat-ionizatorji-zraka","7":"product_tag-avtomobilski-ionizator","8":"product_tag-avtomobilski-ionizator-zraka","9":"product_tag-ionex-car24v","10":"product_tag-ionizator-za-vozila","12":"first","13":"instock","14":"sale","15":"taxable","16":"shipping-taxable","17":"purchasable","18":"product-type-simple"},"yoast_head":"<!-- This site is optimized with the Yoast SEO Premium plugin v15.3 - https:\/\/yoast.com\/wordpress\/plugins\/seo\/ -->\n<title>Avtomobilski ionizator IONEX | IONEX<\/title>\n<meta name=\"description\" content=\"Avtomobilski ionizator IONEX se uporablja za \u010di\u0161\u010denje zraka v vseh vrstah vozil. Zmanj\u0161uje stres, izbolj\u0161a koncentracijo ter pripomore k bolj varni vo\u017enji.\" \/>\n<meta name=\"robots\" content=\"index, follow, max-snippet:-1, max-image-preview:large, max-video-preview:-1\" \/>\n<link rel=\"canonical\" href=\"https:\/\/www.ionex.si\/fr\/shop\/ionex-avtomobilski-ionizator\/\" \/>\n<meta property=\"og:locale\" content=\"fr_FR\" \/>\n<meta property=\"og:type\" content=\"article\" \/>\n<meta property=\"og:title\" content=\"Avtomobilski ionizator IONEX | IONEX\" \/>\n<meta property=\"og:description\" content=\"Avtomobilski ionizator IONEX se uporablja za \u010di\u0161\u010denje zraka v vseh vrstah vozil. Zmanj\u0161uje stres, izbolj\u0161a koncentracijo ter pripomore k bolj varni vo\u017enji.\" \/>\n<meta property=\"og:url\" content=\"https:\/\/www.ionex.si\/fr\/shop\/ionex-avtomobilski-ionizator\/\" \/>\n<meta property=\"og:site_name\" content=\"IONEX\" \/>\n<meta property=\"article:publisher\" content=\"https:\/\/www.facebook.com\/ionex.ionizers\/\" \/>\n<meta property=\"article:modified_time\" content=\"2026-03-26T11:41:18+00:00\" \/>\n<meta property=\"og:image\" content=\"https:\/\/www.ionex.si\/wp-content\/uploads\/2017\/05\/ionex-car.png\" \/>\n\t<meta property=\"og:image:width\" content=\"931\" \/>\n\t<meta property=\"og:image:height\" content=\"507\" \/>\n<meta name=\"twitter:card\" content=\"summary\" \/>\n<meta name=\"twitter:label1\" content=\"\u00c9crit par\">\n\t<meta name=\"twitter:data1\" content=\"ionexsiadmin\">\n\t<meta name=\"twitter:label2\" content=\"Dur\u00e9e de lecture estim\u00e9e\">\n\t<meta name=\"twitter:data2\" content=\"1 minute\">\n<script type=\"application\/ld+json\" class=\"yoast-schema-graph\">{\"@context\":\"https:\/\/schema.org\",\"@graph\":[{\"@type\":\"Organization\",\"@id\":\"https:\/\/www.ionex.si\/fr\/#organization\",\"name\":\"IONEX d.o.o.\",\"url\":\"https:\/\/www.ionex.si\/fr\/\",\"sameAs\":[\"https:\/\/www.facebook.com\/ionex.ionizers\/\"],\"logo\":{\"@type\":\"ImageObject\",\"@id\":\"https:\/\/www.ionex.si\/fr\/#logo\",\"inLanguage\":\"fr-FR\",\"url\":\"https:\/\/www.ionex.si\/wp-content\/uploads\/2017\/05\/favicon114x114.png\",\"width\":114,\"height\":114,\"caption\":\"IONEX d.o.o.\"},\"image\":{\"@id\":\"https:\/\/www.ionex.si\/fr\/#logo\"}},{\"@type\":\"WebSite\",\"@id\":\"https:\/\/www.ionex.si\/fr\/#website\",\"url\":\"https:\/\/www.ionex.si\/fr\/\",\"name\":\"IONEX\",\"description\":\"Vrhunski ionizatorji zraka IONEX\",\"publisher\":{\"@id\":\"https:\/\/www.ionex.si\/fr\/#organization\"},\"potentialAction\":[{\"@type\":\"SearchAction\",\"target\":\"https:\/\/www.ionex.si\/fr\/?s={search_term_string}\",\"query-input\":\"required name=search_term_string\"}],\"inLanguage\":\"fr-FR\"},{\"@type\":\"ImageObject\",\"@id\":\"https:\/\/www.ionex.si\/fr\/shop\/ionex-avtomobilski-ionizator\/#primaryimage\",\"inLanguage\":\"fr-FR\",\"url\":\"https:\/\/www.ionex.si\/wp-content\/uploads\/2017\/05\/ionex-car.png\",\"width\":931,\"height\":507,\"caption\":\"Ionex Ionizer for car\"},{\"@type\":\"WebPage\",\"@id\":\"https:\/\/www.ionex.si\/fr\/shop\/ionex-avtomobilski-ionizator\/#webpage\",\"url\":\"https:\/\/www.ionex.si\/fr\/shop\/ionex-avtomobilski-ionizator\/\",\"name\":\"Avtomobilski ionizator IONEX | IONEX\",\"isPartOf\":{\"@id\":\"https:\/\/www.ionex.si\/fr\/#website\"},\"primaryImageOfPage\":{\"@id\":\"https:\/\/www.ionex.si\/fr\/shop\/ionex-avtomobilski-ionizator\/#primaryimage\"},\"datePublished\":\"2017-06-07T14:24:25+00:00\",\"dateModified\":\"2026-03-26T11:41:18+00:00\",\"description\":\"Avtomobilski ionizator IONEX se uporablja za \\u010di\\u0161\\u010denje zraka v vseh vrstah vozil. Zmanj\\u0161uje stres, izbolj\\u0161a koncentracijo ter pripomore k bolj varni vo\\u017enji.\",\"inLanguage\":\"fr-FR\",\"potentialAction\":[{\"@type\":\"ReadAction\",\"target\":[\"https:\/\/www.ionex.si\/fr\/shop\/ionex-avtomobilski-ionizator\/\"]}]}]}<\/script>\n<!-- \/ Yoast SEO Premium plugin. -->","_links":{"self":[{"href":"https:\/\/www.ionex.si\/fr\/wp-json\/wp\/v2\/product\/17339","targetHints":{"allow":["GET"]}}],"collection":[{"href":"https:\/\/www.ionex.si\/fr\/wp-json\/wp\/v2\/product"}],"about":[{"href":"https:\/\/www.ionex.si\/fr\/wp-json\/wp\/v2\/types\/product"}],"wp:featuredmedia":[{"embeddable":true,"href":"https:\/\/www.ionex.si\/fr\/wp-json\/wp\/v2\/media\/17336"}],"wp:attachment":[{"href":"https:\/\/www.ionex.si\/fr\/wp-json\/wp\/v2\/media?parent=17339"}],"wp:term":[{"taxonomy":"product_brand","embeddable":true,"href":"https:\/\/www.ionex.si\/fr\/wp-json\/wp\/v2\/product_brand?post=17339"},{"taxonomy":"product_cat","embeddable":true,"href":"https:\/\/www.ionex.si\/fr\/wp-json\/wp\/v2\/product_cat?post=17339"},{"taxonomy":"product_tag","embeddable":true,"href":"https:\/\/www.ionex.si\/fr\/wp-json\/wp\/v2\/product_tag?post=17339"}],"curies":[{"name":"wp","href":"https:\/\/api.w.org\/{rel}","templated":true}]}}