{"id":16703,"date":"2017-05-31T09:36:33","date_gmt":"2017-05-31T07:36:33","guid":{"rendered":"http:\/\/195.206.229.24\/~ionexsi\/?post_type=product&#038;p=16703"},"modified":"2026-03-26T12:38:53","modified_gmt":"2026-03-26T11:38:53","slug":"ionizator-ionex-za-dom","status":"publish","type":"product","link":"https:\/\/www.ionex.si\/fr\/shop\/ionizator-ionex-za-dom\/","title":{"rendered":"IONEX Ioniseur pour la maison"},"content":{"rendered":"<p>[et_pb_section fb_built=&#8221;1&#8243; _builder_version=&#8221;4.16&#8243; custom_padding=&#8221;0px||||false|false&#8221; global_colors_info=&#8221;{}&#8221;][et_pb_row _builder_version=&#8221;4.16&#8243; background_size=&#8221;initial&#8221; background_position=&#8221;top_left&#8221; background_repeat=&#8221;repeat&#8221; width=&#8221;100%&#8221; custom_padding=&#8221;0px||0px||false|false&#8221; global_colors_info=&#8221;{}&#8221;][et_pb_column type=&#8221;4_4&#8243; _builder_version=&#8221;4.16&#8243; custom_padding=&#8221;|||&#8221; global_colors_info=&#8221;{}&#8221; custom_padding__hover=&#8221;|||&#8221;][et_pb_wc_breadcrumb _builder_version=&#8221;4.16&#8243; global_colors_info=&#8221;{}&#8221;][\/et_pb_wc_breadcrumb][et_pb_wc_cart_notice _builder_version=&#8221;4.16&#8243; global_colors_info=&#8221;{}&#8221;][\/et_pb_wc_cart_notice][\/et_pb_column][\/et_pb_row][et_pb_row column_structure=&#8221;1_2,1_2&#8243; _builder_version=&#8221;4.16&#8243; background_size=&#8221;initial&#8221; background_position=&#8221;top_left&#8221; background_repeat=&#8221;repeat&#8221; width=&#8221;100%&#8221; custom_padding=&#8221;0px||||false|false&#8221; global_colors_info=&#8221;{}&#8221;][et_pb_column type=&#8221;1_2&#8243; _builder_version=&#8221;4.16&#8243; custom_padding=&#8221;|||&#8221; global_colors_info=&#8221;{}&#8221; custom_padding__hover=&#8221;|||&#8221;][et_pb_wc_images admin_label=&#8221;Woo Product Images&#8221; _builder_version=&#8221;4.16&#8243; global_colors_info=&#8221;{}&#8221;][\/et_pb_wc_images][\/et_pb_column][et_pb_column type=&#8221;1_2&#8243; _builder_version=&#8221;4.16&#8243; custom_padding=&#8221;|||&#8221; global_colors_info=&#8221;{}&#8221; custom_padding__hover=&#8221;|||&#8221;][et_pb_wc_title admin_label=&#8221;Woo Product Title&#8221; _builder_version=&#8221;4.16&#8243; global_colors_info=&#8221;{}&#8221;][\/et_pb_wc_title][et_pb_wc_rating admin_label=&#8221;Woo Product Rating&#8221; _builder_version=&#8221;4.25.1&#8243; rating_text_color=&#8221;#222222&#8243; global_colors_info=&#8221;{}&#8221;][\/et_pb_wc_rating][et_pb_wc_price admin_label=&#8221;Woo Product Price&#8221; _builder_version=&#8221;4.25.1&#8243; before_sale_price_text_color=&#8221;#de7272&#8243; sale_price_text_color=&#8221;#aaaaaa&#8221; global_colors_info=&#8221;{}&#8221;][\/et_pb_wc_price][et_pb_text admin_label=&#8221;Text&#8221; _builder_version=&#8221;4.27.4&#8243; _module_preset=&#8221;default&#8221; text_font=&#8221;Roboto||||||||&#8221; hover_enabled=&#8221;0&#8243; global_colors_info=&#8221;{}&#8221; sticky_enabled=&#8221;0&#8243;]<\/p>\n<p>All prices include VAT.<\/p>\n<p>Possibility to choose between two colors:<\/p>\n<p>[\/et_pb_text][et_pb_wc_add_to_cart admin_label=&#8221;Woo Product Add To Cart&#8221; _builder_version=&#8221;4.16&#8243; global_colors_info=&#8221;{}&#8221;][\/et_pb_wc_add_to_cart][et_pb_wc_meta _builder_version=&#8221;4.16&#8243; global_colors_info=&#8221;{}&#8221;][\/et_pb_wc_meta][\/et_pb_column][\/et_pb_row][et_pb_row _builder_version=&#8221;4.16&#8243; background_size=&#8221;initial&#8221; background_position=&#8221;top_left&#8221; background_repeat=&#8221;repeat&#8221; width=&#8221;100%&#8221; global_colors_info=&#8221;{}&#8221;][et_pb_column type=&#8221;4_4&#8243; _builder_version=&#8221;4.16&#8243; custom_padding=&#8221;|||&#8221; global_colors_info=&#8221;{}&#8221; custom_padding__hover=&#8221;|||&#8221;][et_pb_wc_upsells _builder_version=&#8221;4.16&#8243; global_colors_info=&#8221;{}&#8221;][\/et_pb_wc_upsells][et_pb_wc_related_products _builder_version=&#8221;4.16&#8243; global_colors_info=&#8221;{}&#8221;][\/et_pb_wc_related_products][\/et_pb_column][\/et_pb_row][\/et_pb_section]<\/p>","protected":false},"excerpt":{"rendered":"<p>All prices include VAT. Possibility to choose between two colors:<\/p>","protected":false},"featured_media":27461,"template":"","meta":{"_et_pb_use_builder":"on","_et_pb_old_content":"&nbsp;\r\n<h1><span style=\"color: #a67a00\"><strong>IONEX je najmo\u010dnej\u0161i aparat na trgu po \u0161tevilu oddanih negativnih ionov<\/strong> <strong>merjenih s certificiranim \u0161tevcem 199 milijonov neg. ion cm3\/sek<\/strong><\/span><\/h1>\r\nZ uporabo ionizatorja IONEX boste bele\u017eili naslednje koristi:\r\n\r\n<strong>\u2705 Odstrani tudi najmanj\u0161e delce iz zraka \u2013 <\/strong>zaradi proizvajanja negativnih ionov v celoti o\u010disti zrak, celo delce velikosti 0,01 mikrometra.\r\n<strong>\u2705 Zmanj\u0161uje respiratorne in bronhialne te\u017eave<\/strong> \u2013 negativni ioni odpirajo dihalne poti, omogo\u010dijo, da sluznica uplahne, olaj\u0161ajo izka\u0161ljevanje sluzi iz dihal in pove\u010dajo absorpcijo kisika v kri.\r\n<strong>\u2705 Varuje pred prehladom in gripo - <\/strong>preventivno z odstranjevanjem virusov v zraku in aktivno z odpravo simptomov.\r\n<strong>\u2705 Zmanj\u0161uje in odpravlja te\u017eave z vsemi vrstami alergij \u2013 <\/strong>na naraven na\u010din u\u010dinkovito zni\u017euje histamin, ne glede na vrsto alergena\r\n<strong>\u2705 Zni\u017euje stresni hormon \u2013<\/strong> odpravite glavobole, utrujenosti in druge posledice stresa.\r\n<strong>\u2705 Investicija v va\u0161e zdravje \u2013 <\/strong>ionizator slu\u017ei tudi kot preventivno sredstvo za zdravje, saj neprestano \u010disti zrak v prostoru, kjer se nahaja. Ostanite izven dosega \u0161kodljivih bakterij in virusov, preden vam lahko povzro\u010dijo te\u017eave. zaustavlja pra\u0161ne mikrodelce, bakterije in viruse preden prodrejo globlje v plju\u010da, kri in vse druge organe.\r\n<strong>\u2705 Hitri rezultati <\/strong>\u2013 prve znake olaj\u0161anja simptomov lahko \u010dutite \u017ee v nekaj dneh, odvisno od intenzitete in vrste te\u017eav.\r\n<strong>\u2705 Uravnava delovanje telesa \u2013 <\/strong>hormonsko delovanje, uravnavanje krvnega tlaka in pulza, izbolj\u0161a koncentracijo, krepi imunski sistem.\r\n<strong>\u2705 Brez stranskih u\u010dinkov <\/strong>\u2013 za razliko od uporabe raznih tablet in pr\u0161il, lahko negativne ione brezskrbno in neomejeno vdihavate kar neposredno ob ionizatorju, popolnoma varno in s tem dose\u017eete bolj\u0161e in hitrej\u0161e terapevtske u\u010dinke kot pri drugih ionizatorjih.\r\n<strong>\u2705 Dolgoro\u010dna re\u0161itev brez ozona \u2013 <\/strong>\u017eivljenjska doba ionizatorja \u0161teje vsaj 10 let, z dobrim vzdr\u017eevanjem pa lahko tudi dlje. Nikoli v svoji \u017eivljenjski dobi ne oddaja zdravju \u0161kodljivega ozona.\r\n\r\n<strong>\u2705 Izjemno enostavna uporaba \u2013 <\/strong>ionizator je samo potrebno namestiti na ustrezno mesto in ga priklju\u010diti na elektriko, vse ostalo pa opravi aparat.\r\n<strong>\u2705 Zelo nizka poraba elektrike\u2013<\/strong> ionizator ima zgolj 1,6 W porabe elektri\u010dne energije, stro\u0161ek za gospodinjstvo je zanemarljiv (cca. 2\u20ac v celem letu).\r\n<strong>\u2705 Popolnoma nemote\u010de delovanje \u2013<\/strong> ker je ionizator IONEX zelo majhen in ne oddaja kakr\u0161nih koli zvokov ali brnenja, ne boste niti zaznali, da je v prostoru.\r\n<strong>\u2705 Konkretna nadgradnja klasi\u010dnih \u010distilcev zraka \u2013 <\/strong>ve\u010dina \u010distilcev zraka nima ionske funkcije; tisti, ki pa jo imajo, pa so manj u\u010dinkoviti zaradi manj\u0161e emisije ionov. Ionizator IONEX vam dosti bolje pre\u010disti in obogati zrak, pa tudi ne prina\u0161a skritih stro\u0161kov, povezanih z menjavo filtrov, saj jih za razliko od \u010distilcev zraka ne uporablja.\r\n<strong>\u2705 Enostavno vzdr\u017eevanje \u2013<\/strong> vse kar potrebujete za dobro vzdr\u017eevanje ionizatorja, je mikrofibra krpa in minuto prostega \u010dasa enkrat na teden ali dva.\r\n\r\nLjudje najve\u010d svojega \u010dasa pre\u017eivimo v zaprtih bivalnih prostorih, a se zelo redko vpra\u0161amo, kak\u0161na je kakovost zraka v njih. Tudi sami opazite, da v nekaterih prostorih \u017ee v nekaj urah postanete utrujeni, zaspani in brez koncentracije? Kakovost notranjega zraka zelo pomembna za na\u0161e zdravje in po\u010dutje. Ionizator IONEX proizvaja negativne ione s pomo\u010djo posebne patentirane ogljikove \u0161\u010detke, ki spro\u0161\u010da v zrak ione brez prisotnosti \u0161kodljivega ozona. Ta proces se imenuje ionizacija zraka. <strong>En ionizator zraka IONEX lahko pokrije do 100m\u00b2<\/strong>.\r\n\r\nV spodnji sliki je prikazana osnovna logika delovanja ionizatorja.\r\n\r\n<img class=\"alignnone wp-image-21850 size-full\" src=\"https:\/\/www.ionex.si\/wp-content\/uploads\/2017\/05\/Ionizator-sprosti-negativne-ione-v-zrak-2.png\" alt=\"kako deluje ionizator zraka\" width=\"1200\" height=\"628\" \/>\r\n\r\nRezultat je 100% popolnoma \u010dist zrak, ki je \u0161e vedno napolnjen z dovolj\u0161no koli\u010dino negativnih ionov, da dose\u017eemo koristne zdravilne u\u010dinke. Negativni ioni izbolj\u0161ajo telesu naravno za\u0161\u010dito, saj krepijo imunski sistem in izbolj\u0161ajo vitalnost. <strong>Le vdihavanje velike koli\u010dine negativnih ionov lahko omogo\u010di astmatikom, alergikom in bolnikom, ki trpijo za povi\u0161anim krvnim tlakom, omilitev simptomov in z redno ionsko terapijo celo popolno odpravo simptomov teh bolezni.<\/strong> Ljudje, ki i\u0161\u010dejo re\u0161itev proti senenem nahodu, lahko \u017ee po desetih minutah ionske terapije \u010dutijo olaj\u0161anje. Ionizator IONEX so pohvalili \u0161tevilni zadovoljni uporabniki in potrdili u\u010dinkovitost ionske terapije.\r\n<h3>Dokazano je, da ima ionizator IONEX terapevtski u\u010dinek na:<\/h3>\r\n<ul>\r\n \t<li>\u017eiv\u010devje- zmanj\u0161ane u\u010dinke stresa in tesnobe<\/li>\r\n \t<li>bolezni dihal \u2013 zmanj\u0161anje te\u017eav z astmo, bronhitisi in senenim nahodom<\/li>\r\n \t<li>izbolj\u0161anje notranjega miru in koncentracije<\/li>\r\n \t<li>vremensko pogojene te\u017eave \u2013 ob\u010dutno zmanj\u0161anje pojavnosti migren in glavobolov<\/li>\r\n \t<li>telo \u2013 uravnanje krvnega tlaka in sr\u010dnega utripa<\/li>\r\n \t<li>alergije \u2013 zmanj\u0161anje simptomov alergij vseh vrst<\/li>\r\n<\/ul>","_et_gb_content_width":""},"product_brand":[],"product_cat":[137],"product_tag":[147,148],"class_list":{"0":"post-16703","1":"product","2":"type-product","3":"status-publish","4":"has-post-thumbnail","6":"product_cat-ionizatorji-zraka","7":"product_tag-ionizator","8":"product_tag-ionizator-zraka","10":"first","11":"instock","12":"sale","13":"taxable","14":"shipping-taxable","15":"purchasable","16":"product-type-variable","17":"has-default-attributes"},"yoast_head":"<!-- This site is optimized with the Yoast SEO Premium plugin v15.3 - https:\/\/yoast.com\/wordpress\/plugins\/seo\/ -->\n<title>IONEX Ionizator za dom | Ionizator zraka IONEX<\/title>\n<meta name=\"description\" content=\"Ionizator IONEX brez kakr\u0161nih koli ne\u017eelenih stranskih u\u010dinkov u\u010dinkovito odpravlja simptome senenega nahoda, alergij, astme in visokega krvnega tlaka.\" \/>\n<meta name=\"robots\" content=\"index, follow, max-snippet:-1, max-image-preview:large, max-video-preview:-1\" \/>\n<link rel=\"canonical\" href=\"https:\/\/www.ionex.si\/fr\/shop\/ionizator-ionex-za-dom\/\" \/>\n<meta property=\"og:locale\" content=\"fr_FR\" \/>\n<meta property=\"og:type\" content=\"article\" \/>\n<meta property=\"og:title\" content=\"IONEX Ionizator za dom | Ionizator zraka IONEX\" \/>\n<meta property=\"og:description\" content=\"Ionizator IONEX brez kakr\u0161nih koli ne\u017eelenih stranskih u\u010dinkov u\u010dinkovito odpravlja simptome senenega nahoda, alergij, astme in visokega krvnega tlaka.\" \/>\n<meta property=\"og:url\" content=\"https:\/\/www.ionex.si\/fr\/shop\/ionizator-ionex-za-dom\/\" \/>\n<meta property=\"og:site_name\" content=\"IONEX\" \/>\n<meta property=\"article:publisher\" content=\"https:\/\/www.facebook.com\/ionex.ionizers\/\" \/>\n<meta property=\"article:modified_time\" content=\"2026-03-26T11:38:53+00:00\" \/>\n<meta property=\"og:image\" content=\"https:\/\/www.ionex.si\/wp-content\/uploads\/2017\/05\/Ionexl-classic-C-plug-cover.png\" \/>\n\t<meta property=\"og:image:width\" content=\"300\" \/>\n\t<meta property=\"og:image:height\" content=\"200\" \/>\n<meta name=\"twitter:card\" content=\"summary\" \/>\n<meta name=\"twitter:label1\" content=\"\u00c9crit par\">\n\t<meta name=\"twitter:data1\" content=\"ionexsiadmin\">\n\t<meta name=\"twitter:label2\" content=\"Dur\u00e9e de lecture estim\u00e9e\">\n\t<meta name=\"twitter:data2\" content=\"2 minutes\">\n<script type=\"application\/ld+json\" class=\"yoast-schema-graph\">{\"@context\":\"https:\/\/schema.org\",\"@graph\":[{\"@type\":\"Organization\",\"@id\":\"https:\/\/www.ionex.si\/fr\/#organization\",\"name\":\"IONEX d.o.o.\",\"url\":\"https:\/\/www.ionex.si\/fr\/\",\"sameAs\":[\"https:\/\/www.facebook.com\/ionex.ionizers\/\"],\"logo\":{\"@type\":\"ImageObject\",\"@id\":\"https:\/\/www.ionex.si\/fr\/#logo\",\"inLanguage\":\"fr-FR\",\"url\":\"https:\/\/www.ionex.si\/wp-content\/uploads\/2017\/05\/favicon114x114.png\",\"width\":114,\"height\":114,\"caption\":\"IONEX d.o.o.\"},\"image\":{\"@id\":\"https:\/\/www.ionex.si\/fr\/#logo\"}},{\"@type\":\"WebSite\",\"@id\":\"https:\/\/www.ionex.si\/fr\/#website\",\"url\":\"https:\/\/www.ionex.si\/fr\/\",\"name\":\"IONEX\",\"description\":\"Vrhunski ionizatorji zraka IONEX\",\"publisher\":{\"@id\":\"https:\/\/www.ionex.si\/fr\/#organization\"},\"potentialAction\":[{\"@type\":\"SearchAction\",\"target\":\"https:\/\/www.ionex.si\/fr\/?s={search_term_string}\",\"query-input\":\"required name=search_term_string\"}],\"inLanguage\":\"fr-FR\"},{\"@type\":\"ImageObject\",\"@id\":\"https:\/\/www.ionex.si\/fr\/shop\/ionizator-ionex-za-dom\/#primaryimage\",\"inLanguage\":\"fr-FR\",\"url\":\"https:\/\/www.ionex.si\/wp-content\/uploads\/2017\/05\/Ionexl-classic-C-plug-cover.png\",\"width\":300,\"height\":200,\"caption\":\"ionizator zraka IONEX bela barva\"},{\"@type\":\"WebPage\",\"@id\":\"https:\/\/www.ionex.si\/fr\/shop\/ionizator-ionex-za-dom\/#webpage\",\"url\":\"https:\/\/www.ionex.si\/fr\/shop\/ionizator-ionex-za-dom\/\",\"name\":\"IONEX Ionizator za dom | Ionizator zraka IONEX\",\"isPartOf\":{\"@id\":\"https:\/\/www.ionex.si\/fr\/#website\"},\"primaryImageOfPage\":{\"@id\":\"https:\/\/www.ionex.si\/fr\/shop\/ionizator-ionex-za-dom\/#primaryimage\"},\"datePublished\":\"2017-05-31T07:36:33+00:00\",\"dateModified\":\"2026-03-26T11:38:53+00:00\",\"description\":\"Ionizator IONEX brez kakr\\u0161nih koli ne\\u017eelenih stranskih u\\u010dinkov u\\u010dinkovito odpravlja simptome senenega nahoda, alergij, astme in visokega krvnega tlaka.\",\"inLanguage\":\"fr-FR\",\"potentialAction\":[{\"@type\":\"ReadAction\",\"target\":[\"https:\/\/www.ionex.si\/fr\/shop\/ionizator-ionex-za-dom\/\"]}]}]}<\/script>\n<!-- \/ Yoast SEO Premium plugin. -->","_links":{"self":[{"href":"https:\/\/www.ionex.si\/fr\/wp-json\/wp\/v2\/product\/16703","targetHints":{"allow":["GET"]}}],"collection":[{"href":"https:\/\/www.ionex.si\/fr\/wp-json\/wp\/v2\/product"}],"about":[{"href":"https:\/\/www.ionex.si\/fr\/wp-json\/wp\/v2\/types\/product"}],"wp:featuredmedia":[{"embeddable":true,"href":"https:\/\/www.ionex.si\/fr\/wp-json\/wp\/v2\/media\/27461"}],"wp:attachment":[{"href":"https:\/\/www.ionex.si\/fr\/wp-json\/wp\/v2\/media?parent=16703"}],"wp:term":[{"taxonomy":"product_brand","embeddable":true,"href":"https:\/\/www.ionex.si\/fr\/wp-json\/wp\/v2\/product_brand?post=16703"},{"taxonomy":"product_cat","embeddable":true,"href":"https:\/\/www.ionex.si\/fr\/wp-json\/wp\/v2\/product_cat?post=16703"},{"taxonomy":"product_tag","embeddable":true,"href":"https:\/\/www.ionex.si\/fr\/wp-json\/wp\/v2\/product_tag?post=16703"}],"curies":[{"name":"wp","href":"https:\/\/api.w.org\/{rel}","templated":true}]}}