{"id":31119,"date":"2024-05-29T14:51:36","date_gmt":"2024-05-29T12:51:36","guid":{"rendered":"https:\/\/www.ionex.si\/?post_type=product&#038;p=31119"},"modified":"2024-05-30T13:42:12","modified_gmt":"2024-05-30T11:42:12","slug":"postanite-brezmejni","status":"publish","type":"product","link":"https:\/\/www.ionex.si\/en\/shop\/postanite-brezmejni\/","title":{"rendered":"Become limitless"},"content":{"rendered":"<p>[et_pb_section fb_built=&#8221;1&#8243; _builder_version=&#8221;4.16&#8243; custom_padding=&#8221;0px||||false|false&#8221; global_colors_info=&#8221;{}&#8221;][et_pb_row _builder_version=&#8221;4.16&#8243; background_size=&#8221;initial&#8221; background_position=&#8221;top_left&#8221; background_repeat=&#8221;repeat&#8221; width=&#8221;100%&#8221; custom_padding=&#8221;0px||0px||false|false&#8221; global_colors_info=&#8221;{}&#8221;][et_pb_column type=&#8221;4_4&#8243; _builder_version=&#8221;4.16&#8243; custom_padding=&#8221;|||&#8221; global_colors_info=&#8221;{}&#8221; custom_padding__hover=&#8221;|||&#8221;][et_pb_wc_breadcrumb _builder_version=&#8221;4.16&#8243; global_colors_info=&#8221;{}&#8221;][\/et_pb_wc_breadcrumb][et_pb_wc_cart_notice _builder_version=&#8221;4.16&#8243; global_colors_info=&#8221;{}&#8221;][\/et_pb_wc_cart_notice][\/et_pb_column][\/et_pb_row][et_pb_row column_structure=&#8221;1_2,1_2&#8243; _builder_version=&#8221;4.16&#8243; background_size=&#8221;initial&#8221; background_position=&#8221;top_left&#8221; background_repeat=&#8221;repeat&#8221; width=&#8221;100%&#8221; custom_padding=&#8221;0px||||false|false&#8221; global_colors_info=&#8221;{}&#8221;][et_pb_column type=&#8221;1_2&#8243; _builder_version=&#8221;4.16&#8243; custom_padding=&#8221;|||&#8221; global_colors_info=&#8221;{}&#8221; custom_padding__hover=&#8221;|||&#8221;][et_pb_wc_images _builder_version=&#8221;4.16&#8243; global_colors_info=&#8221;{}&#8221;][\/et_pb_wc_images][\/et_pb_column][et_pb_column type=&#8221;1_2&#8243; _builder_version=&#8221;4.16&#8243; custom_padding=&#8221;|||&#8221; global_colors_info=&#8221;{}&#8221; custom_padding__hover=&#8221;|||&#8221;][et_pb_wc_title _builder_version=&#8221;4.16&#8243; global_colors_info=&#8221;{}&#8221;][\/et_pb_wc_title][et_pb_wc_rating _builder_version=&#8221;4.16&#8243; global_colors_info=&#8221;{}&#8221;][\/et_pb_wc_rating][et_pb_wc_price _builder_version=&#8221;4.25.1&#8243; body_text_color=&#8221;#aaaaaa&#8221; before_sale_price_text_color=&#8221;#de7272&#8243; sale_price_text_color=&#8221;#aaaaaa&#8221; global_colors_info=&#8221;{}&#8221;][\/et_pb_wc_price][et_pb_wc_description _builder_version=&#8221;4.25.1&#8243; body_font=&#8221;Roboto||||||||&#8221; global_colors_info=&#8221;{}&#8221;][\/et_pb_wc_description][et_pb_wc_add_to_cart _builder_version=&#8221;4.16&#8243; global_colors_info=&#8221;{}&#8221;][\/et_pb_wc_add_to_cart][et_pb_wc_meta _builder_version=&#8221;4.16&#8243; global_colors_info=&#8221;{}&#8221;][\/et_pb_wc_meta][\/et_pb_column][\/et_pb_row][et_pb_row _builder_version=&#8221;4.16&#8243; background_size=&#8221;initial&#8221; background_position=&#8221;top_left&#8221; background_repeat=&#8221;repeat&#8221; width=&#8221;100%&#8221; global_colors_info=&#8221;{}&#8221;][et_pb_column type=&#8221;4_4&#8243; _builder_version=&#8221;4.16&#8243; custom_padding=&#8221;|||&#8221; global_colors_info=&#8221;{}&#8221; custom_padding__hover=&#8221;|||&#8221;][et_pb_wc_tabs _builder_version=&#8221;4.16&#8243; global_colors_info=&#8221;{}&#8221;]\t\t\t\t\t[\/et_pb_wc_tabs][et_pb_wc_upsells _builder_version=&#8221;4.16&#8243; global_colors_info=&#8221;{}&#8221;][\/et_pb_wc_upsells][et_pb_wc_related_products _builder_version=&#8221;4.16&#8243; global_colors_info=&#8221;{}&#8221;][\/et_pb_wc_related_products][\/et_pb_column][\/et_pb_row][\/et_pb_section]<\/p>","protected":false},"excerpt":{"rendered":"<p>Joe Dispenza, avtor uspe\u0161nic New York Timesa<br \/>\n<em>Placebo is you<\/em> and <em>Odvadite se biti to, kar ste<\/em>, se v svoji novi knjigi opira na raziskave, ki jih je opravljal od leta 2012 naprej in v katerih je odkrival, kako obi\u010dajni ljudje po\u010dnejo neobi\u010dajne stvari, da bi spremenili sebe in svoje \u017eivljenje.<\/p>","protected":false},"featured_media":31121,"template":"","meta":{"_et_pb_use_builder":"on","_et_pb_old_content":"<div class=\"wraper_description_header\">\r\n<div class=\"wraper_description_unit\">\r\n<p><strong>Kaj je potrebno, da bi ozdravili svoje telo, ustvarili nove prilo\u017enosti ter do\u017eiveli transcendentne, misti\u010dne izku\u0161nje? <\/strong>\r\n<\/p>\r\n<p>\r\nTa knjiga zdru\u017euje nekatera najbolj prodorna znanstvena odkritja s starodavnimi modrostmi, da bi ljudem, kot ste vi in jaz, pokazala, kako lahko \u017eivimo bolj misti\u010dno \u017eivljenje.\r\n<\/p>\r\n<p><strong>Ko sami izkusimo ali smo pri\u010da ne\u010demu, kar smo neko\u010d pojmovali kot nemogo\u010de, se znebimo prepri\u010danj, povezanih s temi omejitvami v svojem \u017eivljenju. In prav zato vam lahko ta knjiga spremeni <\/strong>\r\n<\/p><p>Joe Dispenza v njej razkriva, kako lahko svoje sanje o prihodnosti spremenite v sedanjo resni\u010dnost, to pa tako, da prepri\u010date telo, da se nekaj dogaja zdaj. Tako spoznate, kako spro\u017eiti zaporedje \u010dustvenih in fiziolo\u0161kih procesov, ki odsevajo va\u0161o novo resni\u010dnost.\r\n<\/p>\r\n<p>To je mo\u010d tega dela: v preprostem, neposrednem in lahko razumljivem slogu Joe Dispenza v eni sami knjigi razkriva odkritja kvantne znanosti, ki lahko spremenijo paradigme, ter poglobljene nauke, ki so jih poznavalci v preteklosti preu\u010devali vse svoje \u017eivljenje. Razkriva, kako postanemo brezmejni. \r\n<\/p>\r\n<p>\r\nPredgovor h knjigi Postanite brezmejni je napisal Gregg Braden, petkrat nagrajeni najbolj prodajani avtor New York Timesa in znanstvenik.\r\n<\/p>\r\n<p><em>Odkrijte, kako odpreti vrata brezmejnemu, da tudi sami postanete brezmejni!<\/em>\r\n<\/p>\r\n<hr>\r\n<p>\r\n<strong>DR. JOE DISPENZA<\/strong>, kiropraktik, je mednarodni predavatelj, raziskovalec, podjetni\u0161ki svetovalec, avtor in u\u010ditelj, ki je bil do zdaj povabljen predavat v ve\u010d kot 32 dr\u017eav na petih celinah. V vlogi predavatelja in u\u010ditelja ga \u017eene prepri\u010danje, da ima vsakdo med nami potencial za mogo\u010dnost in neskon\u010dne sposobnosti. Njegov slog izra\u017eanja je preprost in razumljiv, je spodbuden in so\u010duten. Izobrazil je \u017ee ve\u010d tiso\u010d ljudi in jim podrobno pojasnil, kako lahko preoblikujejo svoje mo\u017egane in telesa, da bi dosegli trajne spremembe. \r\n<\/p>\r\n<p>\r\n<strong>V vlogi zavzetega raziskovalca je dr. Joe prispeval nekaj najnovej\u0161ih odkritij na podro\u010djih nevroznanosti, epigenetike in kvantne fizike, kjer raziskuje znanost onkraj spontanih remisij<\/strong>. To znanje uporablja, ko pomaga ljudem, da se znebijo bolezni, kroni\u010dnih stanj in celo neozdravljivih bolezni, da bi lahko bolj u\u017eivali v \u017eivljenju in bili sre\u010dnej\u0161i, pa tudi razvijajo svojo zavest. Na svojih nadaljevalnih delavnicah po svetu sodeluje z drugimi znanstveniki, s katerimi izvaja obse\u017ene raziskave u\u010dinkov meditacije, od epigeneti\u010dnih testov, mapiranja mo\u017eganov z elektroencefalogrami (EEG), testiranja energijskega polja posameznika, do merjenja koherentnosti srca in energije, navzo\u010de v predavalnici, kjer poteka delavnica. V vlogi podjetni\u0161kega svetovalca dr. Joe pou\u010duje in izvaja delavnice za podjetja in korporacije, ki jih zanima uporaba nevroznanstvenih na\u010del, s katerimi okrepijo ustvarjalnost, inovativnost, storilnost zaposlenih, in \u0161e ve\u010d. Njegova spletna stran: drjoedispenza.com\r\n<\/p>\r\n<\/div>\r\n<\/div>","_et_gb_content_width":""},"product_brand":[],"product_cat":[222],"product_tag":[],"class_list":{"0":"post-31119","1":"product","2":"type-product","3":"status-publish","4":"has-post-thumbnail","6":"product_cat-knjiga","8":"first","9":"instock","10":"taxable","11":"shipping-taxable","12":"purchasable","13":"product-type-simple"},"yoast_head":"<!-- This site is optimized with the Yoast SEO Premium plugin v15.3 - https:\/\/yoast.com\/wordpress\/plugins\/seo\/ -->\n<title>Postanite brezmejni | IONEX<\/title>\n<meta name=\"robots\" content=\"index, follow, max-snippet:-1, max-image-preview:large, max-video-preview:-1\" \/>\n<link rel=\"canonical\" href=\"https:\/\/www.ionex.si\/en\/shop\/postanite-brezmejni\/\" \/>\n<meta property=\"og:locale\" content=\"en_GB\" \/>\n<meta property=\"og:type\" content=\"article\" \/>\n<meta property=\"og:title\" content=\"Postanite brezmejni | IONEX\" \/>\n<meta property=\"og:description\" content=\"Joe Dispenza, avtor uspe\u0161nic New York Timesa  Placebo ste vi in Odvadite se biti to, kar ste, se v svoji novi knjigi opira na raziskave, ki jih je opravljal od leta 2012 naprej in v katerih je odkrival, kako obi\u010dajni ljudje po\u010dnejo neobi\u010dajne stvari, da bi spremenili sebe in svoje \u017eivljenje.\" \/>\n<meta property=\"og:url\" content=\"https:\/\/www.ionex.si\/en\/shop\/postanite-brezmejni\/\" \/>\n<meta property=\"og:site_name\" content=\"IONEX\" \/>\n<meta property=\"article:publisher\" content=\"https:\/\/www.facebook.com\/ionex.ionizers\/\" \/>\n<meta property=\"article:modified_time\" content=\"2024-05-30T11:42:12+00:00\" \/>\n<meta property=\"og:image\" content=\"https:\/\/www.ionex.si\/wp-content\/uploads\/2024\/05\/postanite_brezmejni.jpg\" \/>\n\t<meta property=\"og:image:width\" content=\"500\" \/>\n\t<meta property=\"og:image:height\" content=\"704\" \/>\n<meta name=\"twitter:card\" content=\"summary\" \/>\n<meta name=\"twitter:label1\" content=\"Written by\">\n\t<meta name=\"twitter:data1\" content=\"Domen\">\n\t<meta name=\"twitter:label2\" content=\"Estimated reading time\">\n\t<meta name=\"twitter:data2\" content=\"1 minute\">\n<script type=\"application\/ld+json\" class=\"yoast-schema-graph\">{\"@context\":\"https:\/\/schema.org\",\"@graph\":[{\"@type\":\"Organization\",\"@id\":\"https:\/\/www.ionex.si\/en\/#organization\",\"name\":\"IONEX d.o.o.\",\"url\":\"https:\/\/www.ionex.si\/en\/\",\"sameAs\":[\"https:\/\/www.facebook.com\/ionex.ionizers\/\"],\"logo\":{\"@type\":\"ImageObject\",\"@id\":\"https:\/\/www.ionex.si\/en\/#logo\",\"inLanguage\":\"en-GB\",\"url\":\"https:\/\/www.ionex.si\/wp-content\/uploads\/2017\/05\/favicon114x114.png\",\"width\":114,\"height\":114,\"caption\":\"IONEX d.o.o.\"},\"image\":{\"@id\":\"https:\/\/www.ionex.si\/en\/#logo\"}},{\"@type\":\"WebSite\",\"@id\":\"https:\/\/www.ionex.si\/en\/#website\",\"url\":\"https:\/\/www.ionex.si\/en\/\",\"name\":\"IONEX\",\"description\":\"Vrhunski ionizatorji zraka IONEX\",\"publisher\":{\"@id\":\"https:\/\/www.ionex.si\/en\/#organization\"},\"potentialAction\":[{\"@type\":\"SearchAction\",\"target\":\"https:\/\/www.ionex.si\/en\/?s={search_term_string}\",\"query-input\":\"required name=search_term_string\"}],\"inLanguage\":\"en-GB\"},{\"@type\":\"ImageObject\",\"@id\":\"https:\/\/www.ionex.si\/en\/shop\/postanite-brezmejni\/#primaryimage\",\"inLanguage\":\"en-GB\",\"url\":\"https:\/\/www.ionex.si\/wp-content\/uploads\/2024\/05\/postanite_brezmejni.jpg\",\"width\":500,\"height\":704},{\"@type\":\"WebPage\",\"@id\":\"https:\/\/www.ionex.si\/en\/shop\/postanite-brezmejni\/#webpage\",\"url\":\"https:\/\/www.ionex.si\/en\/shop\/postanite-brezmejni\/\",\"name\":\"Postanite brezmejni | IONEX\",\"isPartOf\":{\"@id\":\"https:\/\/www.ionex.si\/en\/#website\"},\"primaryImageOfPage\":{\"@id\":\"https:\/\/www.ionex.si\/en\/shop\/postanite-brezmejni\/#primaryimage\"},\"datePublished\":\"2024-05-29T12:51:36+00:00\",\"dateModified\":\"2024-05-30T11:42:12+00:00\",\"inLanguage\":\"en-GB\",\"potentialAction\":[{\"@type\":\"ReadAction\",\"target\":[\"https:\/\/www.ionex.si\/en\/shop\/postanite-brezmejni\/\"]}]}]}<\/script>\n<!-- \/ Yoast SEO Premium plugin. -->","_links":{"self":[{"href":"https:\/\/www.ionex.si\/en\/wp-json\/wp\/v2\/product\/31119","targetHints":{"allow":["GET"]}}],"collection":[{"href":"https:\/\/www.ionex.si\/en\/wp-json\/wp\/v2\/product"}],"about":[{"href":"https:\/\/www.ionex.si\/en\/wp-json\/wp\/v2\/types\/product"}],"wp:featuredmedia":[{"embeddable":true,"href":"https:\/\/www.ionex.si\/en\/wp-json\/wp\/v2\/media\/31121"}],"wp:attachment":[{"href":"https:\/\/www.ionex.si\/en\/wp-json\/wp\/v2\/media?parent=31119"}],"wp:term":[{"taxonomy":"product_brand","embeddable":true,"href":"https:\/\/www.ionex.si\/en\/wp-json\/wp\/v2\/product_brand?post=31119"},{"taxonomy":"product_cat","embeddable":true,"href":"https:\/\/www.ionex.si\/en\/wp-json\/wp\/v2\/product_cat?post=31119"},{"taxonomy":"product_tag","embeddable":true,"href":"https:\/\/www.ionex.si\/en\/wp-json\/wp\/v2\/product_tag?post=31119"}],"curies":[{"name":"wp","href":"https:\/\/api.w.org\/{rel}","templated":true}]}}