{"id":22622,"date":"2020-01-24T15:38:46","date_gmt":"2020-01-24T14:38:46","guid":{"rendered":"https:\/\/www.ionex.si\/?post_type=product&#038;p=22622"},"modified":"2026-03-10T11:10:03","modified_gmt":"2026-03-10T10:10:03","slug":"placebo-ste-vi","status":"publish","type":"product","link":"https:\/\/www.ionex.si\/en\/shop\/placebo-ste-vi\/","title":{"rendered":"Placebo is you"},"content":{"rendered":"<p>[et_pb_section fb_built=&#8221;1&#8243; _builder_version=&#8221;4.16&#8243; custom_padding=&#8221;0px||||false|false&#8221; global_colors_info=&#8221;{}&#8221;][et_pb_row _builder_version=&#8221;4.16&#8243; background_size=&#8221;initial&#8221; background_position=&#8221;top_left&#8221; background_repeat=&#8221;repeat&#8221; width=&#8221;100%&#8221; custom_padding=&#8221;0px||0px||false|false&#8221; global_colors_info=&#8221;{}&#8221;][et_pb_column type=&#8221;4_4&#8243; _builder_version=&#8221;4.16&#8243; custom_padding=&#8221;|||&#8221; global_colors_info=&#8221;{}&#8221; custom_padding__hover=&#8221;|||&#8221;][et_pb_wc_breadcrumb _builder_version=&#8221;4.16&#8243; global_colors_info=&#8221;{}&#8221;][\/et_pb_wc_breadcrumb][et_pb_wc_cart_notice _builder_version=&#8221;4.16&#8243; global_colors_info=&#8221;{}&#8221;][\/et_pb_wc_cart_notice][\/et_pb_column][\/et_pb_row][et_pb_row column_structure=&#8221;1_2,1_2&#8243; _builder_version=&#8221;4.16&#8243; background_size=&#8221;initial&#8221; background_position=&#8221;top_left&#8221; background_repeat=&#8221;repeat&#8221; width=&#8221;100%&#8221; custom_padding=&#8221;0px||||false|false&#8221; global_colors_info=&#8221;{}&#8221;][et_pb_column type=&#8221;1_2&#8243; _builder_version=&#8221;4.16&#8243; custom_padding=&#8221;|||&#8221; global_colors_info=&#8221;{}&#8221; custom_padding__hover=&#8221;|||&#8221;][et_pb_wc_images _builder_version=&#8221;4.16&#8243; global_colors_info=&#8221;{}&#8221;][\/et_pb_wc_images][\/et_pb_column][et_pb_column type=&#8221;1_2&#8243; _builder_version=&#8221;4.16&#8243; custom_padding=&#8221;|||&#8221; global_colors_info=&#8221;{}&#8221; custom_padding__hover=&#8221;|||&#8221;][et_pb_wc_title _builder_version=&#8221;4.16&#8243; global_colors_info=&#8221;{}&#8221;][\/et_pb_wc_title][et_pb_wc_rating _builder_version=&#8221;4.16&#8243; global_colors_info=&#8221;{}&#8221;][\/et_pb_wc_rating][et_pb_wc_price _builder_version=&#8221;4.25.1&#8243; body_text_color=&#8221;#aaaaaa&#8221; before_sale_price_text_color=&#8221;#de7272&#8243; sale_price_text_color=&#8221;#aaaaaa&#8221; global_colors_info=&#8221;{}&#8221;][\/et_pb_wc_price][et_pb_wc_description _builder_version=&#8221;4.25.1&#8243; body_font=&#8221;&#8211;et_global_body_font||||||||&#8221; global_colors_info=&#8221;{}&#8221;][\/et_pb_wc_description][et_pb_wc_add_to_cart _builder_version=&#8221;4.16&#8243; global_colors_info=&#8221;{}&#8221;][\/et_pb_wc_add_to_cart][et_pb_wc_meta _builder_version=&#8221;4.16&#8243; global_colors_info=&#8221;{}&#8221;][\/et_pb_wc_meta][\/et_pb_column][\/et_pb_row][et_pb_row _builder_version=&#8221;4.16&#8243; background_size=&#8221;initial&#8221; background_position=&#8221;top_left&#8221; background_repeat=&#8221;repeat&#8221; width=&#8221;100%&#8221; global_colors_info=&#8221;{}&#8221;][et_pb_column type=&#8221;4_4&#8243; _builder_version=&#8221;4.16&#8243; custom_padding=&#8221;|||&#8221; global_colors_info=&#8221;{}&#8221; custom_padding__hover=&#8221;|||&#8221;][et_pb_wc_tabs _builder_version=&#8221;4.16&#8243; global_colors_info=&#8221;{}&#8221;]\t\t\t\t\t[\/et_pb_wc_tabs][et_pb_wc_upsells _builder_version=&#8221;4.16&#8243; global_colors_info=&#8221;{}&#8221;][\/et_pb_wc_upsells][et_pb_wc_related_products _builder_version=&#8221;4.16&#8243; global_colors_info=&#8221;{}&#8221;][\/et_pb_wc_related_products][\/et_pb_column][\/et_pb_row][\/et_pb_section]<\/p>","protected":false},"excerpt":{"rendered":"<p>\nV knjigi Placebo ste vi Dispenza pojasni pomembnost uma na razli\u010dnih primerih iz prakse in znanstveno preverjenih u\u010dinkih placeba na mo\u017egane in telo. Spusti se v samo anatomijo misli, da dojamemo, kako misli spreminjajo mo\u017egane in telo.\n<\/p>\n<p>\nV zgodbi o u\u010dinku placeba na mo\u017egane je najbolj zanimivo opaziti, kako deluje za\u010darani krog: vedno enake misli, vedno enake odlo\u010ditve, vedno enako vedenje, vedno enake izku\u0161nje, vedno enaka \u010dustva. Tako se krog ustaljenih vzorcev nadaljuje, dokler ne za\u010dutimo, da \u017eelimo izstopiti iz kolesa ponavljajo\u010dih se izku\u0161enj.\n<\/p>\n<p>\nKnjigo je mo\u017eno naro\u010diti po naro\u010dilu na e-mail: ionex@ionex.si<\/p>","protected":false},"featured_media":22624,"template":"","meta":{"_et_pb_use_builder":"on","_et_pb_old_content":"V dvanajstih jedrnatih poglavjih, ki se berejo kot znanstvena srhljivka, Dispenza razkriva trdne razloge, zakaj naj bi sprejeli dejstvo, ki lahko spremeni na\u0161e \u017eivljenje: u\u010dinek placebo smo namre\u010d mi sami, ko si doka\u017eemo najmogo\u010dnej\u0161e zmo\u017enosti zdravljenja, ustvarjanja \u010dude\u017eev in dolgo\u017eivosti!\r\n\r\nDr. Joe Dispenza je prvi\u010d opozoril nase kot eden od znanstvenikov v nagrajenem filmu What the Bleep Do We Know!? Od objave filma leta 2004 poglablja in \u0161iri svoje delo v ve\u010d smeri \u2013 vse odsevajo njegovo navdu\u0161enje nad ugotavljanjem, kako lahko ljudje uporabijo najnovej\u0161e izsledke s podro\u010dij nevroznanosti in kvantne fizike \u2013 ne le za zdravljenje bolezni, ampak tudi za sre\u010dnej\u0161e in bolj izpolnjeno \u017eivljenje. \u017dene ga prepri\u010danje, da je lahko vsakdo od nas veli\u010dasten in ima brezmejne sposobnosti.\r\n\r\nAvtor\u00a0spaja trdne znanstvene dokaze z navdu\u0161ujo\u010dimi vpogledi in s tem, ko \u0161iri obzorja mogo\u010dega, premika meje znanega. Znanost jemlje resneje od ve\u010dine znanstvenikov, v tej osupljivi knjigi pa z najnovej\u0161imi znanstvenimi dognanji na podro\u010djih epigenetike, nevroplasti\u010dnosti in psihonevroimunologije oblikuje logi\u010dni sklep: vi in prav vsi ljudje oblikujemo svoje mo\u017egane in telo z mislimi, \u010dustvi, nameni in transcendentalnimi stanji, ki jih izkusimo. Knjiga Placebo ste vi vas vabi, da s temi spoznanji oblikujete novo telo in si ustvarite novo \u017eivljenje.\r\n\r\nVideli boste, da to ni metafizi\u010dna izjava. V\u010dasih vam bo ob branju celo neprijetno. Ampak vztrajajte. Nelagodje je samo znak vpliva va\u0161ega starega jaza, ki ugovarja zaradi neizogibnosti sprememb, ki vas bodo preobrazile, ter motenj, povezanih z vrednostmi hormonov. Avtor pravi, da so lahko ti ob\u010dutki neudobja preprosto biolo\u0161ki odziv na razkroj starega jaza.\r\n\r\nDrugi del knjige vam prina\u0161a meditacijske vaje, pri katerih se metafizi\u010dno konkretno uresni\u010di. Brez te\u017eav lahko meditirate sami in na svoji ko\u017ei preizkusite pestro paleto zmo\u017enosti, kako biti sam svoj placebo. Cilj knjige je spremeniti va\u0161a prepri\u010danja in zaznave o va\u0161em \u017eivljenju na biolo\u0161ki ravni. Tako boste navdu\u0161enje nad druga\u010dno prihodnostjo uresni\u010dili na snovni ravni.","_et_gb_content_width":""},"product_brand":[],"product_cat":[222],"product_tag":[],"class_list":{"0":"post-22622","1":"product","2":"type-product","3":"status-publish","4":"has-post-thumbnail","6":"product_cat-knjiga","8":"first","9":"outofstock","10":"sale","11":"taxable","12":"shipping-taxable","13":"purchasable","14":"product-type-simple"},"yoast_head":"<!-- This site is optimized with the Yoast SEO Premium plugin v15.3 - https:\/\/yoast.com\/wordpress\/plugins\/seo\/ -->\n<title>Placebo ste vi | IONEX<\/title>\n<meta name=\"robots\" content=\"index, follow, max-snippet:-1, max-image-preview:large, max-video-preview:-1\" \/>\n<link rel=\"canonical\" href=\"https:\/\/www.ionex.si\/en\/shop\/placebo-ste-vi\/\" \/>\n<meta property=\"og:locale\" content=\"en_GB\" \/>\n<meta property=\"og:type\" content=\"article\" \/>\n<meta property=\"og:title\" content=\"Placebo ste vi | IONEX\" \/>\n<meta property=\"og:description\" content=\"V knjigi Placebo ste vi Dispenza pojasni pomembnost uma na razli\u010dnih primerih iz prakse in znanstveno preverjenih u\u010dinkih placeba na mo\u017egane in telo. Spusti se v samo anatomijo misli, da dojamemo, kako misli spreminjajo mo\u017egane in telo.    V zgodbi o u\u010dinku placeba na mo\u017egane je najbolj zanimivo opaziti, kako deluje za\u010darani krog: vedno enake misli, vedno enake odlo\u010ditve, vedno enako vedenje, vedno enake izku\u0161nje, vedno enaka \u010dustva. Tako se krog ustaljenih vzorcev nadaljuje, dokler ne za\u010dutimo, da \u017eelimo izstopiti iz kolesa ponavljajo\u010dih se izku\u0161enj.   Knjigo je mo\u017eno naro\u010diti po naro\u010dilu na e-mail: ionex@ionex.si\" \/>\n<meta property=\"og:url\" content=\"https:\/\/www.ionex.si\/en\/shop\/placebo-ste-vi\/\" \/>\n<meta property=\"og:site_name\" content=\"IONEX\" \/>\n<meta property=\"article:publisher\" content=\"https:\/\/www.facebook.com\/ionex.ionizers\/\" \/>\n<meta property=\"article:modified_time\" content=\"2026-03-10T10:10:03+00:00\" \/>\n<meta property=\"og:image\" content=\"https:\/\/www.ionex.si\/wp-content\/uploads\/2020\/01\/placebo-ste-vi-knjiga.jpg\" \/>\n\t<meta property=\"og:image:width\" content=\"449\" \/>\n\t<meta property=\"og:image:height\" content=\"700\" \/>\n<meta name=\"twitter:card\" content=\"summary\" \/>\n<meta name=\"twitter:label1\" content=\"Written by\">\n\t<meta name=\"twitter:data1\" content=\"linadmin\">\n\t<meta name=\"twitter:label2\" content=\"Estimated reading time\">\n\t<meta name=\"twitter:data2\" content=\"1 minute\">\n<script type=\"application\/ld+json\" class=\"yoast-schema-graph\">{\"@context\":\"https:\/\/schema.org\",\"@graph\":[{\"@type\":\"Organization\",\"@id\":\"https:\/\/www.ionex.si\/en\/#organization\",\"name\":\"IONEX d.o.o.\",\"url\":\"https:\/\/www.ionex.si\/en\/\",\"sameAs\":[\"https:\/\/www.facebook.com\/ionex.ionizers\/\"],\"logo\":{\"@type\":\"ImageObject\",\"@id\":\"https:\/\/www.ionex.si\/en\/#logo\",\"inLanguage\":\"en-GB\",\"url\":\"https:\/\/www.ionex.si\/wp-content\/uploads\/2017\/05\/favicon114x114.png\",\"width\":114,\"height\":114,\"caption\":\"IONEX d.o.o.\"},\"image\":{\"@id\":\"https:\/\/www.ionex.si\/en\/#logo\"}},{\"@type\":\"WebSite\",\"@id\":\"https:\/\/www.ionex.si\/en\/#website\",\"url\":\"https:\/\/www.ionex.si\/en\/\",\"name\":\"IONEX\",\"description\":\"Vrhunski ionizatorji zraka IONEX\",\"publisher\":{\"@id\":\"https:\/\/www.ionex.si\/en\/#organization\"},\"potentialAction\":[{\"@type\":\"SearchAction\",\"target\":\"https:\/\/www.ionex.si\/en\/?s={search_term_string}\",\"query-input\":\"required name=search_term_string\"}],\"inLanguage\":\"en-GB\"},{\"@type\":\"ImageObject\",\"@id\":\"https:\/\/www.ionex.si\/en\/shop\/placebo-ste-vi\/#primaryimage\",\"inLanguage\":\"en-GB\",\"url\":\"https:\/\/www.ionex.si\/wp-content\/uploads\/2020\/01\/placebo-ste-vi-knjiga.jpg\",\"width\":449,\"height\":700,\"caption\":\"placebo ste vi knjiga\"},{\"@type\":\"WebPage\",\"@id\":\"https:\/\/www.ionex.si\/en\/shop\/placebo-ste-vi\/#webpage\",\"url\":\"https:\/\/www.ionex.si\/en\/shop\/placebo-ste-vi\/\",\"name\":\"Placebo ste vi | IONEX\",\"isPartOf\":{\"@id\":\"https:\/\/www.ionex.si\/en\/#website\"},\"primaryImageOfPage\":{\"@id\":\"https:\/\/www.ionex.si\/en\/shop\/placebo-ste-vi\/#primaryimage\"},\"datePublished\":\"2020-01-24T14:38:46+00:00\",\"dateModified\":\"2026-03-10T10:10:03+00:00\",\"inLanguage\":\"en-GB\",\"potentialAction\":[{\"@type\":\"ReadAction\",\"target\":[\"https:\/\/www.ionex.si\/en\/shop\/placebo-ste-vi\/\"]}]}]}<\/script>\n<!-- \/ Yoast SEO Premium plugin. -->","_links":{"self":[{"href":"https:\/\/www.ionex.si\/en\/wp-json\/wp\/v2\/product\/22622","targetHints":{"allow":["GET"]}}],"collection":[{"href":"https:\/\/www.ionex.si\/en\/wp-json\/wp\/v2\/product"}],"about":[{"href":"https:\/\/www.ionex.si\/en\/wp-json\/wp\/v2\/types\/product"}],"wp:featuredmedia":[{"embeddable":true,"href":"https:\/\/www.ionex.si\/en\/wp-json\/wp\/v2\/media\/22624"}],"wp:attachment":[{"href":"https:\/\/www.ionex.si\/en\/wp-json\/wp\/v2\/media?parent=22622"}],"wp:term":[{"taxonomy":"product_brand","embeddable":true,"href":"https:\/\/www.ionex.si\/en\/wp-json\/wp\/v2\/product_brand?post=22622"},{"taxonomy":"product_cat","embeddable":true,"href":"https:\/\/www.ionex.si\/en\/wp-json\/wp\/v2\/product_cat?post=22622"},{"taxonomy":"product_tag","embeddable":true,"href":"https:\/\/www.ionex.si\/en\/wp-json\/wp\/v2\/product_tag?post=22622"}],"curies":[{"name":"wp","href":"https:\/\/api.w.org\/{rel}","templated":true}]}}