{"id":19644,"date":"2018-06-14T09:00:25","date_gmt":"2018-06-14T07:00:25","guid":{"rendered":"http:\/\/195.206.229.24\/~ionexsi\/?post_type=product&#038;p=19644"},"modified":"2025-10-28T10:27:44","modified_gmt":"2025-10-28T09:27:44","slug":"ionex-zobna-scetka-kids","status":"publish","type":"product","link":"https:\/\/www.ionex.si\/en\/shop\/ionex-zobna-scetka-kids\/","title":{"rendered":"IONEX-zobna-\u0161\u010detka &#8211; KIDS"},"content":{"rendered":"<p>[spb_image image=&#8221;19354&#8243; image_size=&#8221;full&#8221; frame=&#8221;noframe&#8221; caption_pos=&#8221;hover&#8221; remove_rounded=&#8221;yes&#8221; fullwidth=&#8221;no&#8221; overflow_mode=&#8221;none&#8221; link_target=&#8221;_self&#8221; lightbox=&#8221;no&#8221; intro_animation=&#8221;none&#8221; animation_delay=&#8221;200&#8243; width=&#8221;1\/1&#8243; el_position=&#8221;first last&#8221;][\/spb_image] [spb_blank_spacer height=&#8221;30px&#8221; width=&#8221;1\/1&#8243; el_position=&#8221;first last&#8221;] [spb_row element_name=&#8221;Row&#8221; wrap_type=&#8221;standard-width&#8221; row_bg_type=&#8221;color&#8221; color_row_height=&#8221;content-height&#8221; bg_type=&#8221;cover&#8221; parallax_image_height=&#8221;content-height&#8221; parallax_image_movement=&#8221;fixed&#8221; parallax_image_speed=&#8221;standard&#8221; bg_video_loop=&#8221;yes&#8221; parallax_video_height=&#8221;window-height&#8221; row_top_style=&#8221;none&#8221; row_bottom_style=&#8221;none&#8221; parallax_video_overlay=&#8221;none&#8221; row_overlay_opacity=&#8221;0&#8243; remove_element_spacing=&#8221;no&#8221; row_col_spacing=&#8221;30&#8243; row_col_pos=&#8221;default&#8221; row_col_equal_heights=&#8221;no&#8221; row_expanding=&#8221;no&#8221; row_animation=&#8221;none&#8221; row_animation_delay=&#8221;0&#8243; minimize_row=&#8221;no&#8221; simplified_controls=&#8221;yes&#8221; custom_css_percentage=&#8221;no&#8221; custom_css=&#8221;margin-top: 0px;margin-bottom: 0px;&#8221; border_styling_global=&#8221;default&#8221; width=&#8221;1\/1&#8243; el_position=&#8221;first last&#8221;] [spb_column col_sm=&#8221;6&#8243; padding_horizontal=&#8221;0&#8243; width=&#8221;1\/2&#8243; el_position=&#8221;first&#8221;] [spb_text_block element_name=&#8221;How it works?&#8221; title=&#8221;Kako deluje?&#8221; animation=&#8221;none&#8221; animation_delay=&#8221;0&#8243; simplified_controls=&#8221;yes&#8221; custom_css_percentage=&#8221;no&#8221; padding_vertical=&#8221;0&#8243; padding_horizontal=&#8221;0&#8243; margin_vertical=&#8221;0&#8243; custom_css=&#8221;margin-top: 0px;margin-bottom: 0px;&#8221; border_size=&#8221;0&#8243; border_styling_global=&#8221;default&#8221; width=&#8221;1\/1&#8243; el_position=&#8221;first last&#8221;]<\/p>\n<p>Ta revolucionarna metoda \u010di\u0161\u010denja zob, ki temelji na fizikalnem principu polaritete, u\u010dinkovito, varno in brez bole\u010din v celoti odpravi zobne obloge, gnilobo in karies celo iz najbolj nedostopnih mest.<\/p>\n<p>Princip polaritete pomeni, da ima vsak element v naravi pozitiven ali negativen naboj (polariteto). Ob enaki polariteti se elementa odbijata, ob razli\u010dni se privla\u010dita.<\/p>\n<p>Tehnologija znotraj IONEX-zobne-\u0161\u010detke omogo\u010di, da glava \u0161\u010detke postane negativno nabita, medtem ko so zobne obloge nabite pozitivno. V tem procesu zobna sklenina za\u010dasno spremeni svojo polariteto iz negativno nabite v pozitivno, zato se pozitivno nabita zobna obloga odlepi od pozitivno nabitega zoba in se nalepi na negativno nabito glavo \u0161\u010detke. Tako so za vedno odstranjene zobne obloge tudi iz najbolj skritih koti\u010dkov zob. Tega ne moremo dose\u010di z nobeno drugo zobno \u0161\u010detko.<\/p>\n<p>IONEX-zobna-\u0161\u010detka z redno uporabo prepre\u010duje nastanek kariesa, slab zadah, odstranjuje zobno kamen, bakterije, vnetja, skrbi za zdrave dlesni, saj prepre\u010duje njihovo krvavenje. Primerna tudi za ljudi s paradontozo in ob\u010dutljivimi dlesnimi, saj dokazano prepre\u010duje majavost zob.<\/p>\n<p>Sestavljena je iz spodnjih tr\u0161ih sinteti\u010dnih \u0161\u010detin, ki so namenjene temu, da dr\u017eijo obliko ter zgornjih ne\u017enih \u0161\u010detin, s katerimi si \u0161\u010detkamo zobe. Zaradi svojih ne\u017enih zgornji \u0161\u010detin spada v kategorijo mehkih \u0161\u010detk. \u0160\u010detkati si moramo ne\u017eno in s kro\u017enimi gibi, kot to priporo\u010dajo zobozdravniki. Uporabljamo jo lahko brez zobne paste.<\/p>\n<p>[\/spb_text_block] [\/spb_column] [spb_column col_sm=&#8221;6&#8243; padding_horizontal=&#8221;0&#8243; width=&#8221;1\/2&#8243; el_position=&#8221;last&#8221;] [spb_text_block element_name=&#8221;How to use&#8221; title=&#8221;Kako uporabljamo IONEX-zobno-\u0161\u010detko&#8221; animation=&#8221;none&#8221; animation_delay=&#8221;0&#8243; simplified_controls=&#8221;yes&#8221; custom_css_percentage=&#8221;no&#8221; padding_vertical=&#8221;0&#8243; padding_horizontal=&#8221;0&#8243; margin_vertical=&#8221;0&#8243; custom_css=&#8221;margin-top: 0px;margin-bottom: 0px;&#8221; border_size=&#8221;0&#8243; border_styling_global=&#8221;default&#8221; width=&#8221;1\/1&#8243; el_position=&#8221;first last&#8221;]<\/p>\n<p>IONEX-ZOBNA-\u0160\u010cETKA S POLARITETO popolnoma odstranjuje zobne obloge po principu polaritete.<\/p>\n<p>Navodilo:<\/p>\n<ul>\n<li>navla\u017eite celotno IONEX-ZOBNO-\u0160\u010cETKO pod vodo, za\u017eeljeno je tudi ro\u010daj;<\/li>\n<li>po \u017eelji lahko dodate na \u0161\u010detko zobno kremo, ni pa potrebno;<\/li>\n<li>v usta dodajte malo vode, ker je voda prevodnik in omogo\u010da, da se krog sklene. Zobe si \u0161\u010detkate s pol-zaprtimi usti, da vam voda ne izte\u010de;<\/li>\n<li>z roko primemo kovinsko plo\u0161\u010dico na ro\u010daju in pri\u010dnemo s \u0161\u010detkanjem zob na obi\u010dajni na\u010din. Elektri\u010dni krog se sklene in se samodejno pri\u017ege indikacijska lu\u010dka na ro\u010daju \u0161\u010detke;<\/li>\n<li>zobe \u0161\u010detkamo narahlo s kro\u017enimi gibi, kot svetujejo zobozdravniki (ne pritiskajte mo\u010dno \u0161\u010detke na zobe, ker s tem po\u0161kodujete lahko dlesni in hkrati tudi preve\u010d zapogibate \u0161\u010detko);<\/li>\n<li>negativno nabita voda dose\u017ee tudi tiste koti\u010dke, ki jih s \u0161\u010detinami ne dose\u017eete in tako odstrani obloge iz te\u017eko dostopnih mest;<\/li>\n<li>po uporabi dobro sperite \u0161\u010detko pod teko\u010do vodo in jo obri\u0161ite do suhega. S tem prepre\u010dite nastajanje vodnega kamna, gorenje lu\u010dke po uporabi ter prepre\u010dite ugodne pogoje za nastanek bakterij.<\/li>\n<li>lahko se zgodi, da lu\u010dka gori \u0161e nekaj \u010dasa po uporabi (lahko tudi do tri tedne) \u2013 \u0161e posebej, \u010de ste \u0161\u010detko preve\u010d pritiskali na zobe. Ko se material vrne v prvotno lego, lu\u010dka sama od sebe ugasne. \u010ce lu\u010dka med \u010di\u0161\u010denjem ugasne, dodajte vodo v usta.<\/li>\n<li>\u010ce imate morebitna vpra\u0161anja, nas kontaktirajte. Garancija na napajalno vezje: 3 mesece od datuma nakupa z ra\u010dunom.<\/li>\n<li>\u017divljenjska doba \u0161\u010detke je cca. 4 &#8211; 6 mesecev, odvisno od uporabe.<\/li>\n<li>Pomagajte nam pri skrbi za okolje. Prizadevamo si, da se odslu\u017eene \u0161\u010detke reciklirajo, zato jih prosim odvrzite v ko\u0161 za odpadno elektri\u010dno opremo ali pa jih dostavite v na\u0161 zbirnik za odpadno elektro opremo s pripisom &#8220;Odpadna \u0161\u010detka&#8221; (IONEX d.o.o., Slom\u0161kova 25, 1000 Ljubljana). Za to se vam vnaprej zahvaljujemo.<\/li>\n<\/ul>\n<p>[\/spb_text_block] [\/spb_column] [\/spb_row]<\/p>","protected":false},"excerpt":{"rendered":"<p>[spb_image image=&#8221;19354&#8243; image_size=&#8221;full&#8221; frame=&#8221;noframe&#8221; caption_pos=&#8221;hover&#8221; remove_rounded=&#8221;yes&#8221; fullwidth=&#8221;no&#8221; overflow_mode=&#8221;none&#8221; link_target=&#8221;_self&#8221; lightbox=&#8221;no&#8221; intro_animation=&#8221;none&#8221; animation_delay=&#8221;200&#8243; width=&#8221;1\/1&#8243; el_position=&#8221;first last&#8221;][\/spb_image] [spb_blank_spacer height=&#8221;30px&#8221; width=&#8221;1\/1&#8243; el_position=&#8221;first last&#8221;] [spb_row element_name=&#8221;Row&#8221; wrap_type=&#8221;standard-width&#8221; row_bg_type=&#8221;color&#8221; color_row_height=&#8221;content-height&#8221; bg_type=&#8221;cover&#8221; parallax_image_height=&#8221;content-height&#8221; parallax_image_movement=&#8221;fixed&#8221; parallax_image_speed=&#8221;standard&#8221; bg_video_loop=&#8221;yes&#8221; parallax_video_height=&#8221;window-height&#8221; row_top_style=&#8221;none&#8221; row_bottom_style=&#8221;none&#8221; parallax_video_overlay=&#8221;none&#8221; row_overlay_opacity=&#8221;0&#8243; remove_element_spacing=&#8221;no&#8221; row_col_spacing=&#8221;30&#8243; row_col_pos=&#8221;default&#8221; row_col_equal_heights=&#8221;no&#8221; row_expanding=&#8221;no&#8221; row_animation=&#8221;none&#8221; row_animation_delay=&#8221;0&#8243; minimize_row=&#8221;no&#8221; simplified_controls=&#8221;yes&#8221; custom_css_percentage=&#8221;no&#8221; custom_css=&#8221;margin-top: 0px;margin-bottom: 0px;&#8221; border_styling_global=&#8221;default&#8221; width=&#8221;1\/1&#8243; el_position=&#8221;first last&#8221;] [spb_column col_sm=&#8221;6&#8243; padding_horizontal=&#8221;0&#8243; [&hellip;]<\/p>","protected":false},"featured_media":19651,"template":"","meta":{"_et_pb_use_builder":"","_et_pb_old_content":"","_et_gb_content_width":""},"product_brand":[],"product_cat":[130],"product_tag":[166,165,167,168],"class_list":{"0":"post-19644","1":"product","2":"type-product","3":"status-publish","4":"has-post-thumbnail","6":"product_cat-zdravi-zobje","7":"product_tag-ionska-zobna-scetka","8":"product_tag-scetka-kids","9":"product_tag-scetka-s-polariteto","10":"product_tag-scetka-za-otroke","12":"first","13":"instock","14":"taxable","15":"shipping-taxable","16":"purchasable","17":"product-type-variable"},"yoast_head":"<!-- This site is optimized with the Yoast SEO Premium plugin v15.3 - https:\/\/yoast.com\/wordpress\/plugins\/seo\/ -->\n<title>IONEX-zobna-\u0161\u010detka - KIDS | IONEX<\/title>\n<meta name=\"robots\" content=\"index, follow, max-snippet:-1, max-image-preview:large, max-video-preview:-1\" \/>\n<link rel=\"canonical\" href=\"https:\/\/www.ionex.si\/en\/shop\/ionex-zobna-scetka-kids\/\" \/>\n<meta property=\"og:locale\" content=\"en_GB\" \/>\n<meta property=\"og:type\" content=\"article\" \/>\n<meta property=\"og:title\" content=\"IONEX-zobna-\u0161\u010detka - KIDS | IONEX\" \/>\n<meta property=\"og:description\" content=\"[spb_image image=&#8221;19354&#8243; image_size=&#8221;full&#8221; frame=&#8221;noframe&#8221; caption_pos=&#8221;hover&#8221; remove_rounded=&#8221;yes&#8221; fullwidth=&#8221;no&#8221; overflow_mode=&#8221;none&#8221; link_target=&#8221;_self&#8221; lightbox=&#8221;no&#8221; intro_animation=&#8221;none&#8221; animation_delay=&#8221;200&#8243; width=&#8221;1\/1&#8243; el_position=&#8221;first last&#8221;][\/spb_image] [spb_blank_spacer height=&#8221;30px&#8221; width=&#8221;1\/1&#8243; el_position=&#8221;first last&#8221;] [spb_row element_name=&#8221;Row&#8221; wrap_type=&#8221;standard-width&#8221; row_bg_type=&#8221;color&#8221; color_row_height=&#8221;content-height&#8221; bg_type=&#8221;cover&#8221; parallax_image_height=&#8221;content-height&#8221; parallax_image_movement=&#8221;fixed&#8221; parallax_image_speed=&#8221;standard&#8221; bg_video_loop=&#8221;yes&#8221; parallax_video_height=&#8221;window-height&#8221; row_top_style=&#8221;none&#8221; row_bottom_style=&#8221;none&#8221; parallax_video_overlay=&#8221;none&#8221; row_overlay_opacity=&#8221;0&#8243; remove_element_spacing=&#8221;no&#8221; row_col_spacing=&#8221;30&#8243; row_col_pos=&#8221;default&#8221; row_col_equal_heights=&#8221;no&#8221; row_expanding=&#8221;no&#8221; row_animation=&#8221;none&#8221; row_animation_delay=&#8221;0&#8243; minimize_row=&#8221;no&#8221; simplified_controls=&#8221;yes&#8221; custom_css_percentage=&#8221;no&#8221; custom_css=&#8221;margin-top: 0px;margin-bottom: 0px;&#8221; border_styling_global=&#8221;default&#8221; width=&#8221;1\/1&#8243; el_position=&#8221;first last&#8221;] [spb_column col_sm=&#8221;6&#8243; padding_horizontal=&#8221;0&#8243; [&hellip;]\" \/>\n<meta property=\"og:url\" content=\"https:\/\/www.ionex.si\/en\/shop\/ionex-zobna-scetka-kids\/\" \/>\n<meta property=\"og:site_name\" content=\"IONEX\" \/>\n<meta property=\"article:publisher\" content=\"https:\/\/www.facebook.com\/ionex.ionizers\/\" \/>\n<meta property=\"article:modified_time\" content=\"2025-10-28T09:27:44+00:00\" \/>\n<meta property=\"og:image\" content=\"https:\/\/www.ionex.si\/wp-content\/uploads\/2018\/06\/IONEX-zobna-scetka-KIDS.2-scaled.jpg\" \/>\n\t<meta property=\"og:image:width\" content=\"2560\" \/>\n\t<meta property=\"og:image:height\" content=\"1777\" \/>\n<meta name=\"twitter:card\" content=\"summary\" \/>\n<meta name=\"twitter:label1\" content=\"Written by\">\n\t<meta name=\"twitter:data1\" content=\"linadmin\">\n\t<meta name=\"twitter:label2\" content=\"Estimated reading time\">\n\t<meta name=\"twitter:data2\" content=\"3 minutes\">\n<script type=\"application\/ld+json\" class=\"yoast-schema-graph\">{\"@context\":\"https:\/\/schema.org\",\"@graph\":[{\"@type\":\"Organization\",\"@id\":\"https:\/\/www.ionex.si\/en\/#organization\",\"name\":\"IONEX d.o.o.\",\"url\":\"https:\/\/www.ionex.si\/en\/\",\"sameAs\":[\"https:\/\/www.facebook.com\/ionex.ionizers\/\"],\"logo\":{\"@type\":\"ImageObject\",\"@id\":\"https:\/\/www.ionex.si\/en\/#logo\",\"inLanguage\":\"en-GB\",\"url\":\"https:\/\/www.ionex.si\/wp-content\/uploads\/2017\/05\/favicon114x114.png\",\"width\":114,\"height\":114,\"caption\":\"IONEX d.o.o.\"},\"image\":{\"@id\":\"https:\/\/www.ionex.si\/en\/#logo\"}},{\"@type\":\"WebSite\",\"@id\":\"https:\/\/www.ionex.si\/en\/#website\",\"url\":\"https:\/\/www.ionex.si\/en\/\",\"name\":\"IONEX\",\"description\":\"Vrhunski ionizatorji zraka IONEX\",\"publisher\":{\"@id\":\"https:\/\/www.ionex.si\/en\/#organization\"},\"potentialAction\":[{\"@type\":\"SearchAction\",\"target\":\"https:\/\/www.ionex.si\/en\/?s={search_term_string}\",\"query-input\":\"required name=search_term_string\"}],\"inLanguage\":\"en-GB\"},{\"@type\":\"ImageObject\",\"@id\":\"https:\/\/www.ionex.si\/en\/shop\/ionex-zobna-scetka-kids\/#primaryimage\",\"inLanguage\":\"en-GB\",\"url\":\"https:\/\/www.ionex.si\/wp-content\/uploads\/2018\/06\/IONEX-zobna-scetka-KIDS.2-scaled.jpg\",\"width\":2560,\"height\":1777},{\"@type\":\"WebPage\",\"@id\":\"https:\/\/www.ionex.si\/en\/shop\/ionex-zobna-scetka-kids\/#webpage\",\"url\":\"https:\/\/www.ionex.si\/en\/shop\/ionex-zobna-scetka-kids\/\",\"name\":\"IONEX-zobna-\\u0161\\u010detka - KIDS | IONEX\",\"isPartOf\":{\"@id\":\"https:\/\/www.ionex.si\/en\/#website\"},\"primaryImageOfPage\":{\"@id\":\"https:\/\/www.ionex.si\/en\/shop\/ionex-zobna-scetka-kids\/#primaryimage\"},\"datePublished\":\"2018-06-14T07:00:25+00:00\",\"dateModified\":\"2025-10-28T09:27:44+00:00\",\"inLanguage\":\"en-GB\",\"potentialAction\":[{\"@type\":\"ReadAction\",\"target\":[\"https:\/\/www.ionex.si\/en\/shop\/ionex-zobna-scetka-kids\/\"]}]}]}<\/script>\n<!-- \/ Yoast SEO Premium plugin. -->","_links":{"self":[{"href":"https:\/\/www.ionex.si\/en\/wp-json\/wp\/v2\/product\/19644","targetHints":{"allow":["GET"]}}],"collection":[{"href":"https:\/\/www.ionex.si\/en\/wp-json\/wp\/v2\/product"}],"about":[{"href":"https:\/\/www.ionex.si\/en\/wp-json\/wp\/v2\/types\/product"}],"wp:featuredmedia":[{"embeddable":true,"href":"https:\/\/www.ionex.si\/en\/wp-json\/wp\/v2\/media\/19651"}],"wp:attachment":[{"href":"https:\/\/www.ionex.si\/en\/wp-json\/wp\/v2\/media?parent=19644"}],"wp:term":[{"taxonomy":"product_brand","embeddable":true,"href":"https:\/\/www.ionex.si\/en\/wp-json\/wp\/v2\/product_brand?post=19644"},{"taxonomy":"product_cat","embeddable":true,"href":"https:\/\/www.ionex.si\/en\/wp-json\/wp\/v2\/product_cat?post=19644"},{"taxonomy":"product_tag","embeddable":true,"href":"https:\/\/www.ionex.si\/en\/wp-json\/wp\/v2\/product_tag?post=19644"}],"curies":[{"name":"wp","href":"https:\/\/api.w.org\/{rel}","templated":true}]}}