{"id":19350,"date":"2017-10-19T14:34:26","date_gmt":"2017-10-19T12:34:26","guid":{"rendered":"http:\/\/195.206.229.24\/~ionexsi\/?post_type=product&#038;p=19350"},"modified":"2026-03-26T11:05:54","modified_gmt":"2026-03-26T10:05:54","slug":"ionex-classic-g-plug","status":"publish","type":"product","link":"https:\/\/www.ionex.si\/en\/shop\/ionex-classic-g-plug\/","title":{"rendered":"IONEX Home Ionizer with G connector (UK)"},"content":{"rendered":"<p>[et_pb_section fb_built=&#8221;1&#8243; _builder_version=&#8221;4.16&#8243; custom_padding=&#8221;0px||||false|false&#8221; global_colors_info=&#8221;{}&#8221;][et_pb_row _builder_version=&#8221;4.16&#8243; background_size=&#8221;initial&#8221; background_position=&#8221;top_left&#8221; background_repeat=&#8221;repeat&#8221; width=&#8221;100%&#8221; custom_padding=&#8221;0px||0px||false|false&#8221; global_colors_info=&#8221;{}&#8221;][et_pb_column type=&#8221;4_4&#8243; _builder_version=&#8221;4.16&#8243; custom_padding=&#8221;|||&#8221; global_colors_info=&#8221;{}&#8221; custom_padding__hover=&#8221;|||&#8221;][et_pb_wc_breadcrumb _builder_version=&#8221;4.16&#8243; global_colors_info=&#8221;{}&#8221;][\/et_pb_wc_breadcrumb][et_pb_wc_cart_notice _builder_version=&#8221;4.16&#8243; global_colors_info=&#8221;{}&#8221;][\/et_pb_wc_cart_notice][\/et_pb_column][\/et_pb_row][et_pb_row column_structure=&#8221;1_2,1_2&#8243; _builder_version=&#8221;4.16&#8243; background_size=&#8221;initial&#8221; background_position=&#8221;top_left&#8221; background_repeat=&#8221;repeat&#8221; width=&#8221;100%&#8221; custom_padding=&#8221;0px||||false|false&#8221; global_colors_info=&#8221;{}&#8221;][et_pb_column type=&#8221;1_2&#8243; _builder_version=&#8221;4.16&#8243; custom_padding=&#8221;|||&#8221; global_colors_info=&#8221;{}&#8221; custom_padding__hover=&#8221;|||&#8221;][et_pb_wc_images _builder_version=&#8221;4.16&#8243; global_colors_info=&#8221;{}&#8221;][\/et_pb_wc_images][\/et_pb_column][et_pb_column type=&#8221;1_2&#8243; _builder_version=&#8221;4.16&#8243; custom_padding=&#8221;|||&#8221; global_colors_info=&#8221;{}&#8221; custom_padding__hover=&#8221;|||&#8221;][et_pb_wc_title _builder_version=&#8221;4.16&#8243; global_colors_info=&#8221;{}&#8221;][\/et_pb_wc_title][et_pb_wc_rating _builder_version=&#8221;4.16&#8243; global_colors_info=&#8221;{}&#8221;][\/et_pb_wc_rating][et_pb_wc_price _builder_version=&#8221;4.25.1&#8243; body_text_color=&#8221;#aaaaaa&#8221; before_sale_price_text_color=&#8221;#de7272&#8243; sale_price_text_color=&#8221;#aaaaaa&#8221; global_colors_info=&#8221;{}&#8221;][\/et_pb_wc_price][et_pb_wc_add_to_cart _builder_version=&#8221;4.16&#8243; global_colors_info=&#8221;{}&#8221;][\/et_pb_wc_add_to_cart][et_pb_wc_meta _builder_version=&#8221;4.16&#8243; global_colors_info=&#8221;{}&#8221;][\/et_pb_wc_meta][\/et_pb_column][\/et_pb_row][et_pb_row _builder_version=&#8221;4.16&#8243; background_size=&#8221;initial&#8221; background_position=&#8221;top_left&#8221; background_repeat=&#8221;repeat&#8221; width=&#8221;100%&#8221; global_colors_info=&#8221;{}&#8221;][et_pb_column type=&#8221;4_4&#8243; _builder_version=&#8221;4.16&#8243; custom_padding=&#8221;|||&#8221; global_colors_info=&#8221;{}&#8221; custom_padding__hover=&#8221;|||&#8221;][et_pb_wc_upsells _builder_version=&#8221;4.16&#8243; global_colors_info=&#8221;{}&#8221;][\/et_pb_wc_upsells][et_pb_wc_related_products _builder_version=&#8221;4.16&#8243; global_colors_info=&#8221;{}&#8221;][\/et_pb_wc_related_products][\/et_pb_column][\/et_pb_row][\/et_pb_section]<\/p>","protected":false},"excerpt":{"rendered":"<p>IONEX ionizers purify your air 100%.<\/p>\n<p>They remove pollutants from the air that you would otherwise breathe in all the time, such as dust, odors, allergens, bacteria, viruses, smoke, exhaust fumes, soot, chemicals and other submicrometer particles. This significantly improves your health and well-being. IONEX ionizers are equipped with a new patented carbon brush that cleans the air faster, does not produce harmful ozone and operates completely silently.<\/p>\n<p><i>It is intended for the UK, UAE and other markets where the type G electrical connector is used.<\/i><\/p>","protected":false},"featured_media":27462,"template":"","meta":{"_et_pb_use_builder":"on","_et_pb_old_content":"<img class=\"img_description alignnone size-medium wp-image-17436\" src=\"https:\/\/www.ionex.si\/wp-content\/uploads\/2018\/12\/negativni-ioni-narava.png\" \/>\r\n<div class=\"wraper_description_header\">\r\n<div class=\"wraper_description_unit\">\r\n<h3>Kako deluje<\/h3>\r\nLjudje najve\u010d svojega \u010dasa pre\u017eivimo v zaprtih bivalnih prostorih, a se zelo redko vpra\u0161amo, kak\u0161na je kakovost zraka v njih. Tudi sami opazite, da v nekaterih prostorih \u017ee v nekaj urah postanete utrujeni, zaspani in brez koncentracije? Kakovost notranjega zraka zelo pomembna za na\u0161e zdravje in po\u010dutje. Ionizatorji IONEX proizvajajo negativne ione s pomo\u010djo posebne patentirane ogljikove \u0161\u010detke, ki spro\u0161\u010da v zrak ione brez prisotnosti zdravju \u0161kodljivega ozona. Ta proces se imenuje ionizacija zraka.\r\n\r\n<\/div>\r\n<div class=\"wraper_description_unit\">\r\n<h3>Kaj so negativni ioni?<\/h3>\r\nNegativni ioni so majhni, elektri\u010dno negativno nabiti delci, ki ugodno vplivajo na zdravje in po\u010dutje ljudi. Negativne ione najve\u010dkrat najdemo v naravi (ob slapovih, na morju, v gorah). V bivalnem prostoru, kjer se ljudje zadr\u017eujemo ve\u010dji del \u010dasa, pa jih je premalo in prevladujejo elektri\u010dno pozitivno nabiti delci - pozitivni ioni, ki povzro\u010dajo utrujenost, glavobole in respiratorne te\u017eave. Ionizatorji IONEX izbolj\u0161ajo va\u0161e po\u010dutje in varujejo zdravje, saj s pomo\u010djo negativnih ionov pre\u010distijo zrak 100%.\r\n\r\n<\/div>\r\n<\/div>\r\n<img class=\"img_description alignnone size-medium wp-image-17434\" src=\"https:\/\/www.ionex.si\/wp-content\/uploads\/2016\/02\/ionex-nature.jpg\" \/>\r\n<div class=\"wraper_description_header\">\r\n<div class=\"wraper_description_unit\">\r\n<h3>Emisija negativnih ionov<\/h3>\r\nRezultat je 100% \u010dist zrak, ki je \u0161e vedno napolnjen z dovolj\u0161njo koli\u010dino negativnih ionov, da dose\u017eemo koristne zdravilne u\u010dinke - izbolj\u0161ajo telesu naravno za\u0161\u010dito, saj krepijo imunski sistem in izbolj\u0161ajo vitalnost. Le vdihavanje velike koli\u010dine negativnih ionov lahko omogo\u010di astmatikom, alergikom in bolnikom, ki trpijo za povi\u0161anim krvnim tlakom, omilitev simptomov in z redno ionsko terapijo celo popolno odpravo simptomov teh bolezni. \u0160tevilne povratne informacije zadovoljnih uporabnikov potrjujejo u\u010dinkovitost ionske terapije z ionizatorji IONEX.\r\n\r\n<\/div>\r\n<div class=\"wraper_description_unit\">\r\n<h3>U\u010dinki zdravja<\/h3>\r\nPo dolo\u010denem \u010dasu uporabe na\u0161ih ionizatorjev lahko pri\u010dakujete:\r\n<ol>\r\n \t<li>zmanj\u0161ane u\u010dinke stresa in tesnobe,<\/li>\r\n \t<li>zmanj\u0161anje te\u017eav z astmo, bronhitisi in drugimi respiratornimi boleznimi,<\/li>\r\n \t<li>izbolj\u0161anje notranjega miru in koncentracije,<\/li>\r\n \t<li>ob\u010dutno zmanj\u0161anje pojavnosti migren in glavobolov,<\/li>\r\n \t<li>uravnanje krvnega tlaka in sr\u010dnega utripa,<\/li>\r\n \t<li>zmanj\u0161anje simptomov alergij vseh vrst,<\/li>\r\n<\/ol>\r\n<\/div>\r\n<\/div>","_et_gb_content_width":""},"product_brand":[],"product_cat":[137],"product_tag":[147,148],"class_list":{"0":"post-19350","1":"product","2":"type-product","3":"status-publish","4":"has-post-thumbnail","6":"product_cat-ionizatorji-zraka","7":"product_tag-ionizator","8":"product_tag-ionizator-zraka","10":"first","11":"instock","12":"sale","13":"taxable","14":"shipping-taxable","15":"purchasable","16":"product-type-variable"},"yoast_head":"<!-- This site is optimized with the Yoast SEO Premium plugin v15.3 - https:\/\/yoast.com\/wordpress\/plugins\/seo\/ -->\n<title>IONEX ionizator za dom s priklju\u010dkom G (UK) | IONEX<\/title>\n<meta name=\"robots\" content=\"index, follow, max-snippet:-1, max-image-preview:large, max-video-preview:-1\" \/>\n<link rel=\"canonical\" href=\"https:\/\/www.ionex.si\/en\/shop\/ionex-classic-g-plug\/\" \/>\n<meta property=\"og:locale\" content=\"en_GB\" \/>\n<meta property=\"og:type\" content=\"article\" \/>\n<meta property=\"og:title\" content=\"IONEX ionizator za dom s priklju\u010dkom G (UK) | IONEX\" \/>\n<meta property=\"og:description\" content=\"Ionizatorji IONEX vam o\u010distijo zrak 100%.  Iz zraka odstranjujejo onesna\u017eevalce, ki bi jih sicer ves \u010das vdihavali, kot so na primer prah, vonjave, alergeni, bakterije, virusi, dim, izpu\u0161ni plini, saje, kemikalije in drugih podmikrometrskih delci. S tem znatno izbolj\u0161ajo va\u0161e zdravje in dobro po\u010dutje. Ionizatorji IONEX so opremljeni z novo patentirano ogljikovo \u0161\u010detko, ki \u010disti zrak hitreje, ne proizvaja \u0161kodljivega ozona in deluje popolnoma tiho.  Namenjen je za UK, UAE in druge trge, kjer se uporablja elektri\u010dni priklju\u010dek tipa G.\" \/>\n<meta property=\"og:url\" content=\"https:\/\/www.ionex.si\/en\/shop\/ionex-classic-g-plug\/\" \/>\n<meta property=\"og:site_name\" content=\"IONEX\" \/>\n<meta property=\"article:publisher\" content=\"https:\/\/www.facebook.com\/ionex.ionizers\/\" \/>\n<meta property=\"article:modified_time\" content=\"2026-03-26T10:05:54+00:00\" \/>\n<meta property=\"og:image\" content=\"https:\/\/www.ionex.si\/wp-content\/uploads\/2017\/10\/ionex-classic-g-plug-cover.png\" \/>\n\t<meta property=\"og:image:width\" content=\"300\" \/>\n\t<meta property=\"og:image:height\" content=\"200\" \/>\n<meta name=\"twitter:card\" content=\"summary\" \/>\n<meta name=\"twitter:label1\" content=\"Written by\">\n\t<meta name=\"twitter:data1\" content=\"ionexsiadmin\">\n\t<meta name=\"twitter:label2\" content=\"Estimated reading time\">\n\t<meta name=\"twitter:data2\" content=\"1 minute\">\n<script type=\"application\/ld+json\" class=\"yoast-schema-graph\">{\"@context\":\"https:\/\/schema.org\",\"@graph\":[{\"@type\":\"Organization\",\"@id\":\"https:\/\/www.ionex.si\/en\/#organization\",\"name\":\"IONEX d.o.o.\",\"url\":\"https:\/\/www.ionex.si\/en\/\",\"sameAs\":[\"https:\/\/www.facebook.com\/ionex.ionizers\/\"],\"logo\":{\"@type\":\"ImageObject\",\"@id\":\"https:\/\/www.ionex.si\/en\/#logo\",\"inLanguage\":\"en-GB\",\"url\":\"https:\/\/www.ionex.si\/wp-content\/uploads\/2017\/05\/favicon114x114.png\",\"width\":114,\"height\":114,\"caption\":\"IONEX d.o.o.\"},\"image\":{\"@id\":\"https:\/\/www.ionex.si\/en\/#logo\"}},{\"@type\":\"WebSite\",\"@id\":\"https:\/\/www.ionex.si\/en\/#website\",\"url\":\"https:\/\/www.ionex.si\/en\/\",\"name\":\"IONEX\",\"description\":\"Vrhunski ionizatorji zraka IONEX\",\"publisher\":{\"@id\":\"https:\/\/www.ionex.si\/en\/#organization\"},\"potentialAction\":[{\"@type\":\"SearchAction\",\"target\":\"https:\/\/www.ionex.si\/en\/?s={search_term_string}\",\"query-input\":\"required name=search_term_string\"}],\"inLanguage\":\"en-GB\"},{\"@type\":\"ImageObject\",\"@id\":\"https:\/\/www.ionex.si\/en\/shop\/ionex-classic-g-plug\/#primaryimage\",\"inLanguage\":\"en-GB\",\"url\":\"https:\/\/www.ionex.si\/wp-content\/uploads\/2017\/10\/ionex-classic-g-plug-cover.png\",\"width\":300,\"height\":200,\"caption\":\"ionizator zraka IONEX bela barva - G plug\"},{\"@type\":\"WebPage\",\"@id\":\"https:\/\/www.ionex.si\/en\/shop\/ionex-classic-g-plug\/#webpage\",\"url\":\"https:\/\/www.ionex.si\/en\/shop\/ionex-classic-g-plug\/\",\"name\":\"IONEX ionizator za dom s priklju\\u010dkom G (UK) | IONEX\",\"isPartOf\":{\"@id\":\"https:\/\/www.ionex.si\/en\/#website\"},\"primaryImageOfPage\":{\"@id\":\"https:\/\/www.ionex.si\/en\/shop\/ionex-classic-g-plug\/#primaryimage\"},\"datePublished\":\"2017-10-19T12:34:26+00:00\",\"dateModified\":\"2026-03-26T10:05:54+00:00\",\"inLanguage\":\"en-GB\",\"potentialAction\":[{\"@type\":\"ReadAction\",\"target\":[\"https:\/\/www.ionex.si\/en\/shop\/ionex-classic-g-plug\/\"]}]}]}<\/script>\n<!-- \/ Yoast SEO Premium plugin. -->","_links":{"self":[{"href":"https:\/\/www.ionex.si\/en\/wp-json\/wp\/v2\/product\/19350","targetHints":{"allow":["GET"]}}],"collection":[{"href":"https:\/\/www.ionex.si\/en\/wp-json\/wp\/v2\/product"}],"about":[{"href":"https:\/\/www.ionex.si\/en\/wp-json\/wp\/v2\/types\/product"}],"wp:featuredmedia":[{"embeddable":true,"href":"https:\/\/www.ionex.si\/en\/wp-json\/wp\/v2\/media\/27462"}],"wp:attachment":[{"href":"https:\/\/www.ionex.si\/en\/wp-json\/wp\/v2\/media?parent=19350"}],"wp:term":[{"taxonomy":"product_brand","embeddable":true,"href":"https:\/\/www.ionex.si\/en\/wp-json\/wp\/v2\/product_brand?post=19350"},{"taxonomy":"product_cat","embeddable":true,"href":"https:\/\/www.ionex.si\/en\/wp-json\/wp\/v2\/product_cat?post=19350"},{"taxonomy":"product_tag","embeddable":true,"href":"https:\/\/www.ionex.si\/en\/wp-json\/wp\/v2\/product_tag?post=19350"}],"curies":[{"name":"wp","href":"https:\/\/api.w.org\/{rel}","templated":true}]}}