{"id":17355,"date":"2017-06-07T16:26:24","date_gmt":"2017-06-07T14:26:24","guid":{"rendered":"http:\/\/195.206.229.24\/~ionexsi\/?post_type=product&#038;p=17355"},"modified":"2025-10-28T10:27:58","modified_gmt":"2025-10-28T09:27:58","slug":"ionex-zobna-scetka","status":"publish","type":"product","link":"https:\/\/www.ionex.si\/en\/shop\/ionex-zobna-scetka\/","title":{"rendered":"IONEX-toothbrush"},"content":{"rendered":"<p>[spb_image image=&#8221;19354&#8243; image_size=&#8221;full&#8221; frame=&#8221;noframe&#8221; caption_pos=&#8221;hover&#8221; remove_rounded=&#8221;yes&#8221; fullwidth=&#8221;no&#8221; overflow_mode=&#8221;none&#8221; link_target=&#8221;_self&#8221; lightbox=&#8221;no&#8221; intro_animation=&#8221;none&#8221; animation_delay=&#8221;200&#8243; width=&#8221;1\/1&#8243; el_position=&#8221;first last&#8221;][\/spb_image] [spb_blank_spacer height=&#8221;30px&#8221; width=&#8221;1\/1&#8243; el_position=&#8221;first last&#8221;] [spb_row element_name=&#8221;Row&#8221; wrap_type=&#8221;standard-width&#8221; row_bg_type=&#8221;color&#8221; color_row_height=&#8221;content-height&#8221; bg_type=&#8221;cover&#8221; parallax_image_height=&#8221;content-height&#8221; parallax_image_movement=&#8221;fixed&#8221; parallax_image_speed=&#8221;standard&#8221; bg_video_loop=&#8221;yes&#8221; parallax_video_height=&#8221;window-height&#8221; row_top_style=&#8221;none&#8221; row_bottom_style=&#8221;none&#8221; parallax_video_overlay=&#8221;none&#8221; row_overlay_opacity=&#8221;0&#8243; remove_element_spacing=&#8221;no&#8221; row_col_spacing=&#8221;30&#8243; row_col_pos=&#8221;default&#8221; row_col_equal_heights=&#8221;no&#8221; row_expanding=&#8221;no&#8221; row_animation=&#8221;none&#8221; row_animation_delay=&#8221;0&#8243; minimize_row=&#8221;no&#8221; simplified_controls=&#8221;yes&#8221; custom_css_percentage=&#8221;no&#8221; custom_css=&#8221;margin-top: 0px;margin-bottom: 0px;&#8221; border_styling_global=&#8221;default&#8221; width=&#8221;1\/1&#8243; el_position=&#8221;first last&#8221;] [spb_column col_sm=&#8221;6&#8243; padding_horizontal=&#8221;0&#8243; width=&#8221;1\/2&#8243; el_position=&#8221;first&#8221;] [spb_text_block element_name=&#8221;How it works?&#8221; title=&#8221;Koristi uporabe&#8221; animation=&#8221;none&#8221; animation_delay=&#8221;0&#8243; simplified_controls=&#8221;yes&#8221; custom_css_percentage=&#8221;no&#8221; padding_vertical=&#8221;0&#8243; padding_horizontal=&#8221;0&#8243; margin_vertical=&#8221;0&#8243; custom_css=&#8221;margin-top: 0px;margin-bottom: 0px;&#8221; border_size=&#8221;0&#8243; border_styling_global=&#8221;default&#8221; width=&#8221;1\/1&#8243; el_position=&#8221;first last&#8221;]<\/p>\n<p>Z uporabo IONEX-zobne-\u0161\u010detke boste bele\u017eili naslednje koristi:<\/p>\n<p><strong>\u2705 Removes deposits that ordinary brushes cannot<\/strong> - thanks to polarity-based action, the brush can also reach plaque in the most inaccessible places.<\/p>\n<p><strong>\u2705 Extremely fast results <\/strong>- after just a few days of brushing, the effect is visible and noticeable on your teeth.<\/p>\n<p><strong>\u2705 Completely safe and painless<\/strong> &#8211; ne \u0161koduje plombam, implatantom, mosti\u010dkom, zalivkam vseh vrst, kronam, prevlekam in podobno<\/p>\n<p><strong>\u2705 Solves gum problems - <\/strong>User feedback confirms that in addition to stopping gingivitis\/gingivitis, the toothbrush even eliminates bleeding gums.<\/p>\n<p><strong>\u2705 Effectively stops and protects against periodontal disease - <\/strong>removes tartar, re-hardens the gums and stops teeth from becoming brittle.<\/p>\n<p><strong>\u2705 No toothpaste required - <\/strong>ob vsaki uporabi zobne paste se del kemikalij prenese v na\u0161 krvni obtok, ne glede na to kako temeljito jo izpljunemo pri umivanju zob. IONEX-zobna-\u0161\u010detka za u\u010dikovito delovanje ne potrebuje zobne paste, dovolj je samo malo vode v ustih<\/p>\n<p><strong>\u2705 Gentle, hair-friendly bristles -<\/strong> polarity and water do all the work, no more pain from brushing too hard on your teeth and gums.<\/p>\n<p><strong>\u2705 An affordable alternative to tartar cleaning -<\/strong> ker tako u\u010dinkovito re\u0161uje parandontozo, drago preventivno \u010di\u0161\u010denje zobnega kamna ni ve\u010d potrebno<\/p>\n<p><strong>\u2705 Added value - <\/strong>vse funkcije navadne\/elektri\u010dne \u0161\u010detke, medzobne \u0161\u010detke in zobne niti zbrane na enem mestu v IONEX-zobni-\u0161\u010detki<\/p>\n<p><strong>\u2705 Brez baterij in dodatnih stro\u0161kov \u2013<\/strong> trpe\u017eno napajalno vezje na hrbtni strani \u0161\u010detke omogo\u010da dolgotrajno in brezskrbno uporabo. Ne uporablja nikakr\u0161nih baterij ali elektri\u010dnih priklju\u010dkov, zato je finan\u010dni prihranek ob\u010duten.<\/p>\n<p><strong>\u2705 Dvakrat dalj\u0161a \u017eivljenjska doba od navadne zobne \u0161\u010detke \u2013<\/strong> trpe\u017eno napajalno vezje na hrbtni strani \u0161\u010detke omogo\u010da do 6 mesecev brezskrbne uporabe<\/p>\n<p>[\/spb_text_block] [\/spb_column] [spb_column col_sm=&#8221;6&#8243; padding_horizontal=&#8221;0&#8243; width=&#8221;1\/2&#8243; el_position=&#8221;last&#8221;] [spb_text_block element_name=&#8221;How it works?&#8221; title=&#8221;Kako deluje?&#8221; animation=&#8221;none&#8221; animation_delay=&#8221;0&#8243; simplified_controls=&#8221;yes&#8221; custom_css_percentage=&#8221;no&#8221; padding_vertical=&#8221;0&#8243; padding_horizontal=&#8221;0&#8243; margin_vertical=&#8221;0&#8243; custom_css=&#8221;margin-top: 0px;margin-bottom: 0px;&#8221; border_size=&#8221;0&#8243; border_styling_global=&#8221;default&#8221; width=&#8221;1\/1&#8243; el_position=&#8221;first last&#8221;]<\/p>\n<p>Princip polaritete pomeni, da ima vsak element v naravi pozitiven ali negativen naboj-polariteto. <strong>When the polarity is the same, the two elements repel each other; when the polarity is different, they attract each other.<\/strong><\/p>\n<p>IONEX-zobna-\u0161\u010detka uporablja tehnologijo, ki omogo\u010di da glava \u0161\u010detke postane negativno nabita, medtem ko so zobne obloge nabite pozitivno. V tem procesu zobna sklenina za\u010dasno spremeni svojo polariteto iz negativno nabite v pozitivno, <strong>zato se pozitivno nabita zobna obloga odlepi od pozitivno nabitega zoba in se nalepi na negativno nabito glavo \u0161\u010detke<\/strong>. Tako so za vedno odstranjene zobne obloge tudi iz najbolj skritih koti\u010dkov zob. Tega ne moremo dose\u010di z nobeno drugo zobno \u0161\u010detko.<\/p>\n<p><img loading=\"lazy\" decoding=\"async\" class=\"size-medium wp-image-20660 aligncenter\" src=\"https:\/\/www.ionex.si\/wp-content\/uploads\/2017\/06\/zobna-\u0161\u010detka-polariteta-300x157.png\" alt=\"zobna \u0161\u010detka s polariteto IONEX\" width=\"300\" height=\"157\" srcset=\"https:\/\/www.ionex.si\/wp-content\/uploads\/2017\/06\/zobna-\u0161\u010detka-polariteta-300x157.png 300w, https:\/\/www.ionex.si\/wp-content\/uploads\/2017\/06\/zobna-\u0161\u010detka-polariteta-931x487.png 931w, https:\/\/www.ionex.si\/wp-content\/uploads\/2017\/06\/zobna-\u0161\u010detka-polariteta-768x402.png 768w, https:\/\/www.ionex.si\/wp-content\/uploads\/2017\/06\/zobna-\u0161\u010detka-polariteta-1024x536.png 1024w, https:\/\/www.ionex.si\/wp-content\/uploads\/2017\/06\/zobna-\u0161\u010detka-polariteta.png 1200w\" sizes=\"(max-width: 300px) 100vw, 300px\" \/><\/p>\n<p>IONEX-zobna-\u0161\u010detka z redno uporabo prepre\u010duje nastanek kariesa, slab zadah, odstranjuje zobno kamen, bakterije, vnetja, skrbi za zdrave dlesni, saj prepre\u010duje njihovo krvavenje. Primerna tudi za ljudi s paradontozo (oz. pravilno re\u010deno parodontoza) in ob\u010dutljivimi dlesnimi, saj dokazano prepre\u010duje majavost zob.<\/p>\n<p>Sestavljena je iz spodnjih tr\u0161ih sinteti\u010dnih \u0161\u010detin, ki so namenjene temu, da dr\u017eijo obliko ter zgornjih ne\u017enih \u0161\u010detin, s katerimi si \u0161\u010detkamo zobe. Zaradi svojih ne\u017enih zgornji \u0161\u010detin <strong>spada v kategorijo mehkih \u0161\u010detk<\/strong>. \u0160\u010detkati si moramo ne\u017eno in s kro\u017enimi gibi, kot to priporo\u010dajo zobozdravniki. Uporabljamo jo lahko <strong>brez<\/strong> zobne paste.<\/p>\n<h2>Kako to\u010dno ionska zobna \u0161\u010detka re\u0161uje vse na\u0161tete te\u017eave zob?<\/h2>\n<p>Ker je odgovor kar obse\u017een smo ga zbrali v lo\u010denem dokumentu, do katerega dostopite, <a href=\"https:\/\/www.ionex.si\/wp-content\/uploads\/2020\/06\/Ionska-zobna-\u0161\u010detka-pomaga-in-re\u0161uje-slede\u010de-probleme.pdf\" target=\"_blank\" rel=\"noopener noreferrer\">\u010de kliknete sem<\/a> (odpre se novi zavihek).<\/p>\n<p>Pobran je iz na\u0161ega \u010dlanka, ki se poglablja v primerjavo u\u010dinkovitosti vseh vrst \u0161\u010detk. Najdete ga pod dodatnimi viri spodaj.<\/p>\n<h3>Additional resources<\/h3>\n<p>Ve\u010d o IONEX-zobni-\u0161\u010detki si lahko preberete v na\u0161i objavi na blogu, in sicer na <a href=\"https:\/\/www.ionex.si\/en\/ionska-zobna-scetka-delovanje-in-ucinkovitost-v-primerjavi-z-ostalimi-vrstami-zobnih-scetk\/\" target=\"_blank\" rel=\"noopener noreferrer\">tej spletni povezavi<\/a> ali pa si ogledate kratek predstavitveni video <a href=\"https:\/\/www.youtube.com\/watch?v=WHlFPCsnFNU&amp;list=PLoT6P7fFsI7NQLdEvZhkwcXbJKcVddTwH&amp;index=12\" target=\"_blank\" rel=\"noopener noreferrer\">tukaj.<\/a><\/p>\n<p>Zvest uporabnik Branko Leskovec je za IONEX-zobno-\u0161\u010detko imel veliko pohvalnih besed, ki so zapisane <a href=\"https:\/\/www.ionex.si\/en\/priporocila-uporabnikov\/\" target=\"_blank\" rel=\"noopener noreferrer\">v rubriki priporo\u010dil uporabnikov.<\/a><\/p>\n<p><a href=\"https:\/\/www.ionex.si\/wp-content\/uploads\/2017\/06\/IONEX-zobna-\u0161\u010detka-1.pdf\" target=\"_blank\" rel=\"noopener noreferrer\">Prenos navodil za IONEX-zobno-\u0161\u010detko.<\/a><\/p>\n<p>[\/spb_text_block] [\/spb_column] [\/spb_row]<\/p>","protected":false},"excerpt":{"rendered":"<p>[spb_image image=&#8221;19354&#8243; image_size=&#8221;full&#8221; frame=&#8221;noframe&#8221; caption_pos=&#8221;hover&#8221; remove_rounded=&#8221;yes&#8221; fullwidth=&#8221;no&#8221; overflow_mode=&#8221;none&#8221; link_target=&#8221;_self&#8221; lightbox=&#8221;no&#8221; intro_animation=&#8221;none&#8221; animation_delay=&#8221;200&#8243; width=&#8221;1\/1&#8243; el_position=&#8221;first last&#8221;][\/spb_image] [spb_blank_spacer height=&#8221;30px&#8221; width=&#8221;1\/1&#8243; el_position=&#8221;first last&#8221;] [spb_row element_name=&#8221;Row&#8221; wrap_type=&#8221;standard-width&#8221; row_bg_type=&#8221;color&#8221; color_row_height=&#8221;content-height&#8221; bg_type=&#8221;cover&#8221; parallax_image_height=&#8221;content-height&#8221; parallax_image_movement=&#8221;fixed&#8221; parallax_image_speed=&#8221;standard&#8221; bg_video_loop=&#8221;yes&#8221; parallax_video_height=&#8221;window-height&#8221; row_top_style=&#8221;none&#8221; row_bottom_style=&#8221;none&#8221; parallax_video_overlay=&#8221;none&#8221; row_overlay_opacity=&#8221;0&#8243; remove_element_spacing=&#8221;no&#8221; row_col_spacing=&#8221;30&#8243; row_col_pos=&#8221;default&#8221; row_col_equal_heights=&#8221;no&#8221; row_expanding=&#8221;no&#8221; row_animation=&#8221;none&#8221; row_animation_delay=&#8221;0&#8243; minimize_row=&#8221;no&#8221; simplified_controls=&#8221;yes&#8221; custom_css_percentage=&#8221;no&#8221; custom_css=&#8221;margin-top: 0px;margin-bottom: 0px;&#8221; border_styling_global=&#8221;default&#8221; width=&#8221;1\/1&#8243; el_position=&#8221;first last&#8221;] [spb_column col_sm=&#8221;6&#8243; padding_horizontal=&#8221;0&#8243; [&hellip;]<\/p>","protected":false},"featured_media":19213,"template":"","meta":{"_et_pb_use_builder":"","_et_pb_old_content":"","_et_gb_content_width":""},"product_brand":[],"product_cat":[130],"product_tag":[245,166,167,241],"class_list":{"0":"post-17355","1":"product","2":"type-product","3":"status-publish","4":"has-post-thumbnail","6":"product_cat-zdravi-zobje","7":"product_tag-ionex-zobna-scetka","8":"product_tag-ionska-zobna-scetka","9":"product_tag-scetka-s-polariteto","10":"product_tag-zobna-scetka-ionex","12":"first","13":"instock","14":"taxable","15":"shipping-taxable","16":"purchasable","17":"product-type-variable"},"yoast_head":"<!-- This site is optimized with the Yoast SEO Premium plugin v15.3 - https:\/\/yoast.com\/wordpress\/plugins\/seo\/ -->\n<title>IONEX-zobna-\u0161\u010detka | Inovativna ionska zobna \u0161\u010detka s polariteto<\/title>\n<meta name=\"description\" content=\"IONEX-zobna-\u0161\u010detka s polariteto je zasnovana za u\u010dinkovito \u010di\u0161\u010denje zob in varovanje pred kariesom, majavimi zobmi, vnetji, oblogami in zobnim kamnom.\" \/>\n<meta name=\"robots\" content=\"index, follow, max-snippet:-1, max-image-preview:large, max-video-preview:-1\" \/>\n<link rel=\"canonical\" href=\"https:\/\/www.ionex.si\/en\/shop\/ionex-zobna-scetka\/\" \/>\n<meta property=\"og:locale\" content=\"en_GB\" \/>\n<meta property=\"og:type\" content=\"article\" \/>\n<meta property=\"og:title\" content=\"IONEX-zobna-\u0161\u010detka | Inovativna ionska zobna \u0161\u010detka s polariteto\" \/>\n<meta property=\"og:description\" content=\"IONEX-zobna-\u0161\u010detka s polariteto je zasnovana za u\u010dinkovito \u010di\u0161\u010denje zob in varovanje pred kariesom, majavimi zobmi, vnetji, oblogami in zobnim kamnom.\" \/>\n<meta property=\"og:url\" content=\"https:\/\/www.ionex.si\/en\/shop\/ionex-zobna-scetka\/\" \/>\n<meta property=\"og:site_name\" content=\"IONEX\" \/>\n<meta property=\"article:publisher\" content=\"https:\/\/www.facebook.com\/ionex.ionizers\/\" \/>\n<meta property=\"article:modified_time\" content=\"2025-10-28T09:27:58+00:00\" \/>\n<meta property=\"og:image\" content=\"https:\/\/www.ionex.si\/wp-content\/uploads\/2017\/06\/ionex-brushes.jpg\" \/>\n\t<meta property=\"og:image:width\" content=\"931\" \/>\n\t<meta property=\"og:image:height\" content=\"507\" \/>\n<meta name=\"twitter:card\" content=\"summary\" \/>\n<meta name=\"twitter:label1\" content=\"Written by\">\n\t<meta name=\"twitter:data1\" content=\"ionexsiadmin\">\n\t<meta name=\"twitter:label2\" content=\"Estimated reading time\">\n\t<meta name=\"twitter:data2\" content=\"4 minutes\">\n<script type=\"application\/ld+json\" class=\"yoast-schema-graph\">{\"@context\":\"https:\/\/schema.org\",\"@graph\":[{\"@type\":\"Organization\",\"@id\":\"https:\/\/www.ionex.si\/en\/#organization\",\"name\":\"IONEX d.o.o.\",\"url\":\"https:\/\/www.ionex.si\/en\/\",\"sameAs\":[\"https:\/\/www.facebook.com\/ionex.ionizers\/\"],\"logo\":{\"@type\":\"ImageObject\",\"@id\":\"https:\/\/www.ionex.si\/en\/#logo\",\"inLanguage\":\"en-GB\",\"url\":\"https:\/\/www.ionex.si\/wp-content\/uploads\/2017\/05\/favicon114x114.png\",\"width\":114,\"height\":114,\"caption\":\"IONEX d.o.o.\"},\"image\":{\"@id\":\"https:\/\/www.ionex.si\/en\/#logo\"}},{\"@type\":\"WebSite\",\"@id\":\"https:\/\/www.ionex.si\/en\/#website\",\"url\":\"https:\/\/www.ionex.si\/en\/\",\"name\":\"IONEX\",\"description\":\"Vrhunski ionizatorji zraka IONEX\",\"publisher\":{\"@id\":\"https:\/\/www.ionex.si\/en\/#organization\"},\"potentialAction\":[{\"@type\":\"SearchAction\",\"target\":\"https:\/\/www.ionex.si\/en\/?s={search_term_string}\",\"query-input\":\"required name=search_term_string\"}],\"inLanguage\":\"en-GB\"},{\"@type\":\"ImageObject\",\"@id\":\"https:\/\/www.ionex.si\/en\/shop\/ionex-zobna-scetka\/#primaryimage\",\"inLanguage\":\"en-GB\",\"url\":\"https:\/\/www.ionex.si\/wp-content\/uploads\/2017\/06\/ionex-brushes.jpg\",\"width\":931,\"height\":507,\"caption\":\"Zobna \\u0161\\u010detka IONEX s polariteto\"},{\"@type\":\"WebPage\",\"@id\":\"https:\/\/www.ionex.si\/en\/shop\/ionex-zobna-scetka\/#webpage\",\"url\":\"https:\/\/www.ionex.si\/en\/shop\/ionex-zobna-scetka\/\",\"name\":\"IONEX-zobna-\\u0161\\u010detka | Inovativna ionska zobna \\u0161\\u010detka s polariteto\",\"isPartOf\":{\"@id\":\"https:\/\/www.ionex.si\/en\/#website\"},\"primaryImageOfPage\":{\"@id\":\"https:\/\/www.ionex.si\/en\/shop\/ionex-zobna-scetka\/#primaryimage\"},\"datePublished\":\"2017-06-07T14:26:24+00:00\",\"dateModified\":\"2025-10-28T09:27:58+00:00\",\"description\":\"IONEX-zobna-\\u0161\\u010detka s polariteto je zasnovana za u\\u010dinkovito \\u010di\\u0161\\u010denje zob in varovanje pred kariesom, majavimi zobmi, vnetji, oblogami in zobnim kamnom.\",\"inLanguage\":\"en-GB\",\"potentialAction\":[{\"@type\":\"ReadAction\",\"target\":[\"https:\/\/www.ionex.si\/en\/shop\/ionex-zobna-scetka\/\"]}]}]}<\/script>\n<!-- \/ Yoast SEO Premium plugin. -->","_links":{"self":[{"href":"https:\/\/www.ionex.si\/en\/wp-json\/wp\/v2\/product\/17355","targetHints":{"allow":["GET"]}}],"collection":[{"href":"https:\/\/www.ionex.si\/en\/wp-json\/wp\/v2\/product"}],"about":[{"href":"https:\/\/www.ionex.si\/en\/wp-json\/wp\/v2\/types\/product"}],"wp:featuredmedia":[{"embeddable":true,"href":"https:\/\/www.ionex.si\/en\/wp-json\/wp\/v2\/media\/19213"}],"wp:attachment":[{"href":"https:\/\/www.ionex.si\/en\/wp-json\/wp\/v2\/media?parent=17355"}],"wp:term":[{"taxonomy":"product_brand","embeddable":true,"href":"https:\/\/www.ionex.si\/en\/wp-json\/wp\/v2\/product_brand?post=17355"},{"taxonomy":"product_cat","embeddable":true,"href":"https:\/\/www.ionex.si\/en\/wp-json\/wp\/v2\/product_cat?post=17355"},{"taxonomy":"product_tag","embeddable":true,"href":"https:\/\/www.ionex.si\/en\/wp-json\/wp\/v2\/product_tag?post=17355"}],"curies":[{"name":"wp","href":"https:\/\/api.w.org\/{rel}","templated":true}]}}