{"id":26843,"date":"2021-08-27T15:33:06","date_gmt":"2021-08-27T13:33:06","guid":{"rendered":"https:\/\/www.ionex.si\/?post_type=product&#038;p=26843"},"modified":"2024-05-30T13:46:27","modified_gmt":"2024-05-30T11:46:27","slug":"komplet-3","status":"publish","type":"product","link":"https:\/\/www.ionex.si\/de\/shop\/komplet-3\/","title":{"rendered":"Japanische Zahnb\u00fcrste KISS YOU mit Polarit\u00e4t + Kopf + Keramikst\u00e4nder"},"content":{"rendered":"<p>[et_pb_section fb_built=&#8221;1&#8243; _builder_version=&#8221;4.16&#8243; custom_padding=&#8221;0px||||false|false&#8221; global_colors_info=&#8221;{}&#8221;][et_pb_row _builder_version=&#8221;4.16&#8243; background_size=&#8221;initial&#8221; background_position=&#8221;top_left&#8221; background_repeat=&#8221;repeat&#8221; width=&#8221;100%&#8221; custom_padding=&#8221;0px||0px||false|false&#8221; global_colors_info=&#8221;{}&#8221;][et_pb_column type=&#8221;4_4&#8243; _builder_version=&#8221;4.16&#8243; custom_padding=&#8221;|||&#8221; global_colors_info=&#8221;{}&#8221; custom_padding__hover=&#8221;|||&#8221;][et_pb_wc_breadcrumb _builder_version=&#8221;4.16&#8243; global_colors_info=&#8221;{}&#8221;][\/et_pb_wc_breadcrumb][et_pb_wc_cart_notice _builder_version=&#8221;4.16&#8243; global_colors_info=&#8221;{}&#8221;][\/et_pb_wc_cart_notice][\/et_pb_column][\/et_pb_row][et_pb_row column_structure=&#8221;1_2,1_2&#8243; _builder_version=&#8221;4.16&#8243; background_size=&#8221;initial&#8221; background_position=&#8221;top_left&#8221; background_repeat=&#8221;repeat&#8221; width=&#8221;100%&#8221; custom_padding=&#8221;0px||||false|false&#8221; global_colors_info=&#8221;{}&#8221;][et_pb_column type=&#8221;1_2&#8243; _builder_version=&#8221;4.16&#8243; custom_padding=&#8221;|||&#8221; global_colors_info=&#8221;{}&#8221; custom_padding__hover=&#8221;|||&#8221;][et_pb_wc_images _builder_version=&#8221;4.16&#8243; global_colors_info=&#8221;{}&#8221;][\/et_pb_wc_images][\/et_pb_column][et_pb_column type=&#8221;1_2&#8243; _builder_version=&#8221;4.16&#8243; custom_padding=&#8221;|||&#8221; global_colors_info=&#8221;{}&#8221; custom_padding__hover=&#8221;|||&#8221;][et_pb_wc_title _builder_version=&#8221;4.16&#8243; global_colors_info=&#8221;{}&#8221;][\/et_pb_wc_title][et_pb_wc_rating _builder_version=&#8221;4.16&#8243; global_colors_info=&#8221;{}&#8221;][\/et_pb_wc_rating][et_pb_wc_price _builder_version=&#8221;4.25.1&#8243; body_text_color=&#8221;#aaaaaa&#8221; before_sale_price_text_color=&#8221;#de7272&#8243; sale_price_text_color=&#8221;#aaaaaa&#8221; global_colors_info=&#8221;{}&#8221;][\/et_pb_wc_price][et_pb_code admin_label=&#8221;Flex&#8221; _builder_version=&#8221;4.25.1&#8243; _module_preset=&#8221;default&#8221; global_colors_info=&#8221;{}&#8221;][\/et_pb_code][et_pb_wc_description _builder_version=&#8221;4.25.1&#8243; body_font=&#8221;&#8211;et_global_body_font||||||||&#8221; global_colors_info=&#8221;{}&#8221;][\/et_pb_wc_description][et_pb_wc_add_to_cart _builder_version=&#8221;4.16&#8243; global_colors_info=&#8221;{}&#8221;][\/et_pb_wc_add_to_cart][et_pb_wc_meta _builder_version=&#8221;4.16&#8243; global_colors_info=&#8221;{}&#8221;][\/et_pb_wc_meta][\/et_pb_column][\/et_pb_row][et_pb_row _builder_version=&#8221;4.16&#8243; background_size=&#8221;initial&#8221; background_position=&#8221;top_left&#8221; background_repeat=&#8221;repeat&#8221; width=&#8221;100%&#8221; global_colors_info=&#8221;{}&#8221;][et_pb_column type=&#8221;4_4&#8243; _builder_version=&#8221;4.16&#8243; custom_padding=&#8221;|||&#8221; global_colors_info=&#8221;{}&#8221; custom_padding__hover=&#8221;|||&#8221;][et_pb_wc_tabs include_tabs=&#8221;|reviews&#8221; _builder_version=&#8221;4.25.1&#8243; global_colors_info=&#8221;{}&#8221;]\t\t\t\t\t[\/et_pb_wc_tabs][et_pb_wc_upsells _builder_version=&#8221;4.16&#8243; global_colors_info=&#8221;{}&#8221;][\/et_pb_wc_upsells][et_pb_wc_related_products _builder_version=&#8221;4.16&#8243; global_colors_info=&#8221;{}&#8221;][\/et_pb_wc_related_products][\/et_pb_column][\/et_pb_row][\/et_pb_section]<\/p>","protected":false},"excerpt":{"rendered":"<p>\nPaket vsebuje:<br \/>\n<br \/>\n1x <a href=\"https:\/\/www.ionex.si\/de\/shop\/nadgrajena-ionex-zobna-scetka\/\">Japonska zobna \u0161\u010detka KISS YOU s polariteto za lep in sijo\u010d nasmeh<\/a><br \/>\n<br \/>\n1x Nadomestna glava za \u0161\u010detko (2 kom)<br \/>\n<br \/>\n1x <a href=\"https:\/\/www.ionex.si\/de\/shop\/keramicno-stojalo-za-zobno-scetko\/\">Kerami\u010dno stojalo<\/a>\n<\/p>\n<p><span>\u26a0\ufe0f Na zalogi v roza, modri ali beli barvi \u26a0\ufe0f<\/span><br \/>\n<span>\u26a0\ufe0f \u017deljeno barvo vpi\u0161ite v opombe naro\u010dila \u26a0\ufe0f<\/span><\/p>","protected":false},"featured_media":26844,"template":"","meta":{"_et_pb_use_builder":"on","_et_pb_old_content":"","_et_gb_content_width":""},"product_brand":[],"product_cat":[130,258],"product_tag":[],"class_list":{"0":"post-26843","1":"product","2":"type-product","3":"status-publish","4":"has-post-thumbnail","6":"product_cat-zdravi-zobje","7":"product_cat-posebni-paketi","9":"first","10":"instock","11":"sale","12":"taxable","13":"shipping-taxable","14":"purchasable","15":"product-type-simple"},"yoast_head":"<!-- This site is optimized with the Yoast SEO Premium plugin v15.3 - https:\/\/yoast.com\/wordpress\/plugins\/seo\/ -->\n<title>Japonska zobna \u0161\u010detka KISS YOU s polariteto + glava + kerami\u010dno stojalo | IONEX<\/title>\n<meta name=\"robots\" content=\"index, follow, max-snippet:-1, max-image-preview:large, max-video-preview:-1\" \/>\n<link rel=\"canonical\" href=\"https:\/\/www.ionex.si\/de\/shop\/komplet-3\/\" \/>\n<meta property=\"og:locale\" content=\"de_DE\" \/>\n<meta property=\"og:type\" content=\"article\" \/>\n<meta property=\"og:title\" content=\"Japonska zobna \u0161\u010detka KISS YOU s polariteto + glava + kerami\u010dno stojalo | IONEX\" \/>\n<meta property=\"og:description\" content=\"Paket vsebuje:  1x Japonska zobna \u0161\u010detka KISS YOU s polariteto za lep in sijo\u010d nasmeh  1x Nadomestna glava za \u0161\u010detko (2 kom)  1x Kerami\u010dno stojalo  \u26a0\ufe0f Na zalogi v roza, modri ali beli barvi \u26a0\ufe0f \u26a0\ufe0f \u017deljeno barvo vpi\u0161ite v opombe naro\u010dila \u26a0\ufe0f\" \/>\n<meta property=\"og:url\" content=\"https:\/\/www.ionex.si\/de\/shop\/komplet-3\/\" \/>\n<meta property=\"og:site_name\" content=\"IONEX\" \/>\n<meta property=\"article:publisher\" content=\"https:\/\/www.facebook.com\/ionex.ionizers\/\" \/>\n<meta property=\"article:modified_time\" content=\"2024-05-30T11:46:27+00:00\" \/>\n<meta property=\"og:image\" content=\"https:\/\/www.ionex.si\/wp-content\/uploads\/2021\/08\/Paket3.jpg\" \/>\n\t<meta property=\"og:image:width\" content=\"559\" \/>\n\t<meta property=\"og:image:height\" content=\"559\" \/>\n<meta name=\"twitter:card\" content=\"summary\" \/>\n<meta name=\"twitter:label1\" content=\"Verfasst von\">\n\t<meta name=\"twitter:data1\" content=\"linadmin\">\n\t<meta name=\"twitter:label2\" content=\"Gesch\u00e4tzte Lesezeit\">\n\t<meta name=\"twitter:data2\" content=\"1\u00a0Minute\">\n<script type=\"application\/ld+json\" class=\"yoast-schema-graph\">{\"@context\":\"https:\/\/schema.org\",\"@graph\":[{\"@type\":\"Organization\",\"@id\":\"https:\/\/www.ionex.si\/de\/#organization\",\"name\":\"IONEX d.o.o.\",\"url\":\"https:\/\/www.ionex.si\/de\/\",\"sameAs\":[\"https:\/\/www.facebook.com\/ionex.ionizers\/\"],\"logo\":{\"@type\":\"ImageObject\",\"@id\":\"https:\/\/www.ionex.si\/de\/#logo\",\"inLanguage\":\"de\",\"url\":\"https:\/\/www.ionex.si\/wp-content\/uploads\/2017\/05\/favicon114x114.png\",\"width\":114,\"height\":114,\"caption\":\"IONEX d.o.o.\"},\"image\":{\"@id\":\"https:\/\/www.ionex.si\/de\/#logo\"}},{\"@type\":\"WebSite\",\"@id\":\"https:\/\/www.ionex.si\/de\/#website\",\"url\":\"https:\/\/www.ionex.si\/de\/\",\"name\":\"IONEX\",\"description\":\"Vrhunski ionizatorji zraka IONEX\",\"publisher\":{\"@id\":\"https:\/\/www.ionex.si\/de\/#organization\"},\"potentialAction\":[{\"@type\":\"SearchAction\",\"target\":\"https:\/\/www.ionex.si\/de\/?s={search_term_string}\",\"query-input\":\"required name=search_term_string\"}],\"inLanguage\":\"de\"},{\"@type\":\"ImageObject\",\"@id\":\"https:\/\/www.ionex.si\/de\/shop\/komplet-3\/#primaryimage\",\"inLanguage\":\"de\",\"url\":\"https:\/\/www.ionex.si\/wp-content\/uploads\/2021\/08\/Paket3.jpg\",\"width\":559,\"height\":559},{\"@type\":\"WebPage\",\"@id\":\"https:\/\/www.ionex.si\/de\/shop\/komplet-3\/#webpage\",\"url\":\"https:\/\/www.ionex.si\/de\/shop\/komplet-3\/\",\"name\":\"Japonska zobna \\u0161\\u010detka KISS YOU s polariteto + glava + kerami\\u010dno stojalo | IONEX\",\"isPartOf\":{\"@id\":\"https:\/\/www.ionex.si\/de\/#website\"},\"primaryImageOfPage\":{\"@id\":\"https:\/\/www.ionex.si\/de\/shop\/komplet-3\/#primaryimage\"},\"datePublished\":\"2021-08-27T13:33:06+00:00\",\"dateModified\":\"2024-05-30T11:46:27+00:00\",\"inLanguage\":\"de\",\"potentialAction\":[{\"@type\":\"ReadAction\",\"target\":[\"https:\/\/www.ionex.si\/de\/shop\/komplet-3\/\"]}]}]}<\/script>\n<!-- \/ Yoast SEO Premium plugin. -->","_links":{"self":[{"href":"https:\/\/www.ionex.si\/de\/wp-json\/wp\/v2\/product\/26843","targetHints":{"allow":["GET"]}}],"collection":[{"href":"https:\/\/www.ionex.si\/de\/wp-json\/wp\/v2\/product"}],"about":[{"href":"https:\/\/www.ionex.si\/de\/wp-json\/wp\/v2\/types\/product"}],"wp:featuredmedia":[{"embeddable":true,"href":"https:\/\/www.ionex.si\/de\/wp-json\/wp\/v2\/media\/26844"}],"wp:attachment":[{"href":"https:\/\/www.ionex.si\/de\/wp-json\/wp\/v2\/media?parent=26843"}],"wp:term":[{"taxonomy":"product_brand","embeddable":true,"href":"https:\/\/www.ionex.si\/de\/wp-json\/wp\/v2\/product_brand?post=26843"},{"taxonomy":"product_cat","embeddable":true,"href":"https:\/\/www.ionex.si\/de\/wp-json\/wp\/v2\/product_cat?post=26843"},{"taxonomy":"product_tag","embeddable":true,"href":"https:\/\/www.ionex.si\/de\/wp-json\/wp\/v2\/product_tag?post=26843"}],"curies":[{"name":"wp","href":"https:\/\/api.w.org\/{rel}","templated":true}]}}