{"id":17355,"date":"2017-06-07T16:26:24","date_gmt":"2017-06-07T14:26:24","guid":{"rendered":"http:\/\/195.206.229.24\/~ionexsi\/?post_type=product&#038;p=17355"},"modified":"2025-10-28T10:27:58","modified_gmt":"2025-10-28T09:27:58","slug":"ionex-zobna-scetka","status":"publish","type":"product","link":"https:\/\/www.ionex.si\/de\/shop\/ionex-zobna-scetka\/","title":{"rendered":"IONEX-Zahnb\u00fcrste"},"content":{"rendered":"<p>[spb_image image=\"19354\u2033 image_size=\"full\" frame=\"noframe\" caption_pos=\"hover\" remove_rounded=\"yes\" fullwidth=\"no\" overflow_mode=\"none\" link_target=\"_self\" lightbox=\"no\" intro_animation=\"none\" animation_delay=\"200\u2033 width=\"1\/1\u2033 el_position=\"first last\"][\/spb_image] [spb_blank_spacer height=\"30px\" width=\"1\/1\u2033 el_position=\"first last\"] [spb_row element_name=\"Row\" wrap_type=\"standard-width\" row_bg_type=\"color\" color_row_height=\"content-height\" bg_type=\"cover\" parallax_image_height=\"content-height\" parallax_image_movement=\"fixed\" parallax_image_speed=\"standard\" bg_video_loop=\"yes\" parallax_video_height=\"window-height\" row_top_style=\"none\" row_bottom_style=\"none\" parallax_video_overlay=\"none\" row_overlay_opacity=\"0\u2033 remove_element_spacing=\"no\" row_col_spacing=\"30\u2033 row_col_pos=\"default\" row_col_equal_heights=\"no\" row_expanding=\"no\" row_animation=\"none\" row_animation_delay=\"0\u2033 minimize_row=\"no\" simplified_controls=\"yes\" custom_css_percentage=\"no\" custom_css=\"margin-top: 0px;margin-bottom: 0px;\" border_styling_global=\"default\" width=\"1\/1\u2033 el_position=\"first last\"] [spb_column col_sm=\"6\u2033 padding_horizontal=\"0\u2033 width=\"1\/2\u2033 el_position=\"first\"] [spb_text_block element_name=\"Wie funktioniert das?\" title=\"Vorteile der Nutzung\" animation=\"none\" animation_delay=\"0\u2033 simplified_controls=\"yes\" custom_css_percentage=\"none\" padding_vertical=\"0\u2033 padding_horizontal=\"0\u2033 margin_vertical=\"0\u2033 custom_css=\"margin-top: 0px;margin-bottom: 0px;\" border_size=\"0\u2033 border_styling_global=\"default\" width=\"1\/1\u2033 el_position=\"first last\"]<\/p>\n<p>Durch die Verwendung der IONEX-Zahnb\u00fcrste k\u00f6nnen Sie folgende Vorteile verzeichnen:<\/p>\n<p><strong>\u2705 Entfernt Ablagerungen, die herk\u00f6mmliche B\u00fcrsten nicht entfernen k\u00f6nnen<\/strong> - dank der Polarit\u00e4tswirkung erreicht die B\u00fcrste auch Plaque an den unzug\u00e4nglichsten Stellen<\/p>\n<p><strong>\u2705 \u00c4u\u00dferst schnelle Ergebnisse <\/strong>- schon nach wenigen Tagen des Z\u00e4hneputzens ist die Wirkung auf den Z\u00e4hnen sichtbar und sp\u00fcrbar<\/p>\n<p><strong>\u2705 V\u00f6llig sicher und schmerzlos<\/strong> - schadet nicht F\u00fcllungen, Implantaten, Br\u00fccken, F\u00fcllungen aller Art, Kronen, Veneers usw.<\/p>\n<p><strong>\u2705 L\u00f6st Zahnfleischprobleme - <\/strong>Benutzerr\u00fcckmeldungen best\u00e4tigen, dass die B\u00fcrste nicht nur Zahnfleischentz\u00fcndungen stoppt, sondern auch Zahnfleischbluten beseitigt.<\/p>\n<p><strong>\u2705 Stoppt und sch\u00fctzt wirkungsvoll vor Parodontalerkrankungen. <\/strong>entfernt Zahnstein, h\u00e4rtet das Zahnfleisch wieder und verhindert, dass die Z\u00e4hne br\u00fcchig werden<\/p>\n<p><strong>\u2705 Keine Zahnpasta erforderlich - <\/strong>Jedes Mal, wenn wir Zahnpasta verwenden, gelangen einige der Chemikalien in unseren Blutkreislauf, egal wie gr\u00fcndlich wir sie beim Z\u00e4hneputzen ausspucken. Die IONEX-Zahnb\u00fcrste braucht keine Zahnpasta, um effektiv zu arbeiten, ein wenig Wasser im Mund reicht aus.<\/p>\n<p><strong>\u2705 Sanfte, haarfreundliche Borsten -<\/strong> Polarit\u00e4t und Wasser erledigen die ganze Arbeit, keine Schmerzen mehr durch zu hartes Putzen an Z\u00e4hnen und Zahnfleisch<\/p>\n<p><strong>\u2705 Eine erschwingliche Alternative zur Zahnsteinentfernung -<\/strong> weil es die Parandontose so wirksam bek\u00e4mpft, dass eine kostspielige vorbeugende Zahnsteinreinigung nicht mehr notwendig ist<\/p>\n<p><strong>\u2705 Zus\u00e4tzlicher Nutzen - <\/strong>alle Funktionen einer normalen\/elektrischen Zahnb\u00fcrste, Interdentalb\u00fcrste und Zahnseide an einem Ort in der IONEX-Zahnb\u00fcrste<\/p>\n<p><strong>\u2705 Keine Batterien und zus\u00e4tzliche Kosten -<\/strong> Der robuste Stromkreis auf der R\u00fcckseite der B\u00fcrste erm\u00f6glicht einen langen und st\u00f6rungsfreien Einsatz. Es werden keine Batterien oder elektrische Anschl\u00fcsse ben\u00f6tigt, so dass die finanziellen Einsparungen erheblich sind.<\/p>\n<p><strong>\u2705 Doppelt so lange wie eine herk\u00f6mmliche Zahnb\u00fcrste -<\/strong> Langlebiger Stromkreis auf der R\u00fcckseite der Zahnb\u00fcrste f\u00fcr bis zu 6 Monate sorgenfreien Gebrauch<\/p>\n<p>[\/spb_text_block] [\/spb_column] [spb_column col_sm=\"6\u2033 padding_horizontal=\"0\u2033 width=\"1\/2\u2033 el_position=\"last\"] [spb_text_block element_name=\"Wie funktioniert es?\" title=\"Wie funktioniert es?\" animation=\"none\" animation_delay=\"0\u2033 simplified_controls=\"yes\" custom_css_percentage=\"no\" padding_vertical=\"0\u2033 padding_horizontal=\"0\u2033 margin_vertical=\"0\u2033 custom_css=\"margin-top: 0px;margin-bottom: 0px;\" border_size=\"0\u2033 border_styling_global=\"default\" width=\"1\/1\u2033 el_position=\"first last\"]<\/p>\n<p>Das Polarit\u00e4tsprinzip besagt, dass jedes Element in der Natur eine positive oder negative Ladung hat - Polarit\u00e4t. <strong>Bei gleicher Polarit\u00e4t sto\u00dfen sich die beiden Elemente ab, bei unterschiedlicher Polarit\u00e4t ziehen sie sich gegenseitig an.<\/strong><\/p>\n<p>Die IONEX-Zahnb\u00fcrste verwendet eine Technologie, die es dem B\u00fcrstenkopf erm\u00f6glicht, sich negativ aufzuladen, w\u00e4hrend der Zahnbelag positiv geladen ist. Dabei \u00e4ndert der Zahnschmelz vor\u00fcbergehend seine Polarit\u00e4t von negativ zu positiv, <strong>so dass sich der positiv geladene Zahnbelag vom positiv geladenen Zahn l\u00f6st und an dem negativ geladenen B\u00fcrstenkopf haften bleibt<\/strong>. Das bedeutet, dass Plaque selbst aus den verstecktesten Ecken Ihrer Z\u00e4hne dauerhaft entfernt wird. Keine andere Zahnb\u00fcrste kann dies erreichen.<\/p>\n<p><img loading=\"lazy\" decoding=\"async\" class=\"size-medium wp-image-20660 aligncenter\" src=\"https:\/\/www.ionex.si\/wp-content\/uploads\/2017\/06\/zobna-\u0161\u010detka-polariteta-300x157.png\" alt=\"zobna \u0161\u010detka s polariteto IONEX\" width=\"300\" height=\"157\" srcset=\"https:\/\/www.ionex.si\/wp-content\/uploads\/2017\/06\/zobna-\u0161\u010detka-polariteta-300x157.png 300w, https:\/\/www.ionex.si\/wp-content\/uploads\/2017\/06\/zobna-\u0161\u010detka-polariteta-931x487.png 931w, https:\/\/www.ionex.si\/wp-content\/uploads\/2017\/06\/zobna-\u0161\u010detka-polariteta-768x402.png 768w, https:\/\/www.ionex.si\/wp-content\/uploads\/2017\/06\/zobna-\u0161\u010detka-polariteta-1024x536.png 1024w, https:\/\/www.ionex.si\/wp-content\/uploads\/2017\/06\/zobna-\u0161\u010detka-polariteta.png 1200w\" sizes=\"(max-width: 300px) 100vw, 300px\" \/><\/p>\n<p>Die IONEX-Zahnb\u00fcrste beugt Karies und Mundgeruch vor, entfernt Zahnstein, Bakterien und Entz\u00fcndungen und h\u00e4lt das Zahnfleisch gesund, indem sie Zahnfleischbluten verhindert. Sie ist auch f\u00fcr Menschen mit Parodontalerkrankungen (oder Parodontitis) und empfindlichem Zahnfleisch geeignet, da sie nachweislich verhindert, dass die Z\u00e4hne br\u00fcchig werden.<\/p>\n<p>Sie besteht aus unteren, h\u00e4rteren Kunststoffborsten, die ihre Form behalten, und oberen, weichen Borsten, die zum Z\u00e4hneputzen verwendet werden. Dank der weichen oberen Borsten <strong>geh\u00f6rt zu der Kategorie der weichen Zahnb\u00fcrsten<\/strong>. B\u00fcrsten Sie sanft und in kreisenden Bewegungen, wie von Zahn\u00e4rzten empfohlen. Es kann verwendet werden <strong>ohne<\/strong> Zahnpasta.<\/p>\n<h2>Wie genau l\u00f6st eine ionische Zahnb\u00fcrste all diese Zahnprobleme?<\/h2>\n<p>Da die Antwort recht umfangreich ist, haben wir sie in einem separaten Dokument zusammengestellt, das Sie hier abrufen k\u00f6nnen, <a href=\"https:\/\/www.ionex.si\/wp-content\/uploads\/2020\/06\/Ionska-zobna-\u0161\u010detka-pomaga-in-re\u0161uje-slede\u010de-probleme.pdf\" target=\"_blank\" rel=\"noopener noreferrer\">wenn Sie hier klicken<\/a> (\u00f6ffnet eine neue Registerkarte).<\/p>\n<p>Sie stammt aus unserem Artikel, in dem wir die Wirksamkeit aller Zahnb\u00fcrstenarten vergleichen. Sie finden ihn unter \"Zus\u00e4tzliche Ressourcen\" weiter unten.<\/p>\n<h3>Zus\u00e4tzliche Ressourcen<\/h3>\n<p>Mehr \u00fcber den IONEX-Zahnstocher erfahren Sie in unserem Blogbeitrag unter <a href=\"https:\/\/www.ionex.si\/de\/ionska-zobna-scetka-delovanje-in-ucinkovitost-v-primerjavi-z-ostalimi-vrstami-zobnih-scetk\/\" target=\"_blank\" rel=\"noopener noreferrer\">dieser Weblink<\/a> oder sehen Sie sich ein kurzes Pr\u00e4sentationsvideo an <a href=\"https:\/\/www.youtube.com\/watch?v=WHlFPCsnFNU&amp;list=PLoT6P7fFsI7NQLdEvZhkwcXbJKcVddTwH&amp;index=12\" target=\"_blank\" rel=\"noopener noreferrer\">Hier.<\/a><\/p>\n<p>Der treue Benutzer Branko Leskovec hatte viele lobende Worte f\u00fcr die IONEX-Zahnb\u00fcrste, die in den folgenden Worten geschrieben sind <a href=\"https:\/\/www.ionex.si\/de\/priporocila-uporabnikov\/\" target=\"_blank\" rel=\"noopener noreferrer\">im Abschnitt Benutzerempfehlungen.<\/a><\/p>\n<p><a href=\"https:\/\/www.ionex.si\/wp-content\/uploads\/2017\/06\/IONEX-zobna-\u0161\u010detka-1.pdf\" target=\"_blank\" rel=\"noopener noreferrer\">Laden Sie die Anleitung f\u00fcr die IONEX-Zahnb\u00fcrste herunter.<\/a><\/p>\n<p>[\/spb_text_block] [\/spb_column] [\/spb_row]<\/p>","protected":false},"excerpt":{"rendered":"<p>[spb_image image=&#8221;19354&#8243; image_size=&#8221;full&#8221; frame=&#8221;noframe&#8221; caption_pos=&#8221;hover&#8221; remove_rounded=&#8221;yes&#8221; fullwidth=&#8221;no&#8221; overflow_mode=&#8221;none&#8221; link_target=&#8221;_self&#8221; lightbox=&#8221;no&#8221; intro_animation=&#8221;none&#8221; animation_delay=&#8221;200&#8243; width=&#8221;1\/1&#8243; el_position=&#8221;first last&#8221;][\/spb_image] [spb_blank_spacer height=&#8221;30px&#8221; width=&#8221;1\/1&#8243; el_position=&#8221;first last&#8221;] [spb_row element_name=&#8221;Row&#8221; wrap_type=&#8221;standard-width&#8221; row_bg_type=&#8221;color&#8221; color_row_height=&#8221;content-height&#8221; bg_type=&#8221;cover&#8221; parallax_image_height=&#8221;content-height&#8221; parallax_image_movement=&#8221;fixed&#8221; parallax_image_speed=&#8221;standard&#8221; bg_video_loop=&#8221;yes&#8221; parallax_video_height=&#8221;window-height&#8221; row_top_style=&#8221;none&#8221; row_bottom_style=&#8221;none&#8221; parallax_video_overlay=&#8221;none&#8221; row_overlay_opacity=&#8221;0&#8243; remove_element_spacing=&#8221;no&#8221; row_col_spacing=&#8221;30&#8243; row_col_pos=&#8221;default&#8221; row_col_equal_heights=&#8221;no&#8221; row_expanding=&#8221;no&#8221; row_animation=&#8221;none&#8221; row_animation_delay=&#8221;0&#8243; minimize_row=&#8221;no&#8221; simplified_controls=&#8221;yes&#8221; custom_css_percentage=&#8221;no&#8221; custom_css=&#8221;margin-top: 0px;margin-bottom: 0px;&#8221; border_styling_global=&#8221;default&#8221; width=&#8221;1\/1&#8243; el_position=&#8221;first last&#8221;] [spb_column col_sm=&#8221;6&#8243; padding_horizontal=&#8221;0&#8243; [&hellip;]<\/p>","protected":false},"featured_media":19213,"template":"","meta":{"_et_pb_use_builder":"","_et_pb_old_content":"","_et_gb_content_width":""},"product_brand":[],"product_cat":[130],"product_tag":[245,166,167,241],"class_list":{"0":"post-17355","1":"product","2":"type-product","3":"status-publish","4":"has-post-thumbnail","6":"product_cat-zdravi-zobje","7":"product_tag-ionex-zobna-scetka","8":"product_tag-ionska-zobna-scetka","9":"product_tag-scetka-s-polariteto","10":"product_tag-zobna-scetka-ionex","12":"first","13":"instock","14":"taxable","15":"shipping-taxable","16":"purchasable","17":"product-type-variable"},"yoast_head":"<!-- This site is optimized with the Yoast SEO Premium plugin v15.3 - https:\/\/yoast.com\/wordpress\/plugins\/seo\/ -->\n<title>IONEX-zobna-\u0161\u010detka | Inovativna ionska zobna \u0161\u010detka s polariteto<\/title>\n<meta name=\"description\" content=\"IONEX-zobna-\u0161\u010detka s polariteto je zasnovana za u\u010dinkovito \u010di\u0161\u010denje zob in varovanje pred kariesom, majavimi zobmi, vnetji, oblogami in zobnim kamnom.\" \/>\n<meta name=\"robots\" content=\"index, follow, max-snippet:-1, max-image-preview:large, max-video-preview:-1\" \/>\n<link rel=\"canonical\" href=\"https:\/\/www.ionex.si\/de\/shop\/ionex-zobna-scetka\/\" \/>\n<meta property=\"og:locale\" content=\"de_DE\" \/>\n<meta property=\"og:type\" content=\"article\" \/>\n<meta property=\"og:title\" content=\"IONEX-zobna-\u0161\u010detka | Inovativna ionska zobna \u0161\u010detka s polariteto\" \/>\n<meta property=\"og:description\" content=\"IONEX-zobna-\u0161\u010detka s polariteto je zasnovana za u\u010dinkovito \u010di\u0161\u010denje zob in varovanje pred kariesom, majavimi zobmi, vnetji, oblogami in zobnim kamnom.\" \/>\n<meta property=\"og:url\" content=\"https:\/\/www.ionex.si\/de\/shop\/ionex-zobna-scetka\/\" \/>\n<meta property=\"og:site_name\" content=\"IONEX\" \/>\n<meta property=\"article:publisher\" content=\"https:\/\/www.facebook.com\/ionex.ionizers\/\" \/>\n<meta property=\"article:modified_time\" content=\"2025-10-28T09:27:58+00:00\" \/>\n<meta property=\"og:image\" content=\"https:\/\/www.ionex.si\/wp-content\/uploads\/2017\/06\/ionex-brushes.jpg\" \/>\n\t<meta property=\"og:image:width\" content=\"931\" \/>\n\t<meta property=\"og:image:height\" content=\"507\" \/>\n<meta name=\"twitter:card\" content=\"summary\" \/>\n<meta name=\"twitter:label1\" content=\"Verfasst von\">\n\t<meta name=\"twitter:data1\" content=\"ionexsiadmin\">\n\t<meta name=\"twitter:label2\" content=\"Gesch\u00e4tzte Lesezeit\">\n\t<meta name=\"twitter:data2\" content=\"4\u00a0Minuten\">\n<script type=\"application\/ld+json\" class=\"yoast-schema-graph\">{\"@context\":\"https:\/\/schema.org\",\"@graph\":[{\"@type\":\"Organization\",\"@id\":\"https:\/\/www.ionex.si\/de\/#organization\",\"name\":\"IONEX d.o.o.\",\"url\":\"https:\/\/www.ionex.si\/de\/\",\"sameAs\":[\"https:\/\/www.facebook.com\/ionex.ionizers\/\"],\"logo\":{\"@type\":\"ImageObject\",\"@id\":\"https:\/\/www.ionex.si\/de\/#logo\",\"inLanguage\":\"de\",\"url\":\"https:\/\/www.ionex.si\/wp-content\/uploads\/2017\/05\/favicon114x114.png\",\"width\":114,\"height\":114,\"caption\":\"IONEX d.o.o.\"},\"image\":{\"@id\":\"https:\/\/www.ionex.si\/de\/#logo\"}},{\"@type\":\"WebSite\",\"@id\":\"https:\/\/www.ionex.si\/de\/#website\",\"url\":\"https:\/\/www.ionex.si\/de\/\",\"name\":\"IONEX\",\"description\":\"Vrhunski ionizatorji zraka IONEX\",\"publisher\":{\"@id\":\"https:\/\/www.ionex.si\/de\/#organization\"},\"potentialAction\":[{\"@type\":\"SearchAction\",\"target\":\"https:\/\/www.ionex.si\/de\/?s={search_term_string}\",\"query-input\":\"required name=search_term_string\"}],\"inLanguage\":\"de\"},{\"@type\":\"ImageObject\",\"@id\":\"https:\/\/www.ionex.si\/de\/shop\/ionex-zobna-scetka\/#primaryimage\",\"inLanguage\":\"de\",\"url\":\"https:\/\/www.ionex.si\/wp-content\/uploads\/2017\/06\/ionex-brushes.jpg\",\"width\":931,\"height\":507,\"caption\":\"Zobna \\u0161\\u010detka IONEX s polariteto\"},{\"@type\":\"WebPage\",\"@id\":\"https:\/\/www.ionex.si\/de\/shop\/ionex-zobna-scetka\/#webpage\",\"url\":\"https:\/\/www.ionex.si\/de\/shop\/ionex-zobna-scetka\/\",\"name\":\"IONEX-zobna-\\u0161\\u010detka | Inovativna ionska zobna \\u0161\\u010detka s polariteto\",\"isPartOf\":{\"@id\":\"https:\/\/www.ionex.si\/de\/#website\"},\"primaryImageOfPage\":{\"@id\":\"https:\/\/www.ionex.si\/de\/shop\/ionex-zobna-scetka\/#primaryimage\"},\"datePublished\":\"2017-06-07T14:26:24+00:00\",\"dateModified\":\"2025-10-28T09:27:58+00:00\",\"description\":\"IONEX-zobna-\\u0161\\u010detka s polariteto je zasnovana za u\\u010dinkovito \\u010di\\u0161\\u010denje zob in varovanje pred kariesom, majavimi zobmi, vnetji, oblogami in zobnim kamnom.\",\"inLanguage\":\"de\",\"potentialAction\":[{\"@type\":\"ReadAction\",\"target\":[\"https:\/\/www.ionex.si\/de\/shop\/ionex-zobna-scetka\/\"]}]}]}<\/script>\n<!-- \/ Yoast SEO Premium plugin. -->","_links":{"self":[{"href":"https:\/\/www.ionex.si\/de\/wp-json\/wp\/v2\/product\/17355","targetHints":{"allow":["GET"]}}],"collection":[{"href":"https:\/\/www.ionex.si\/de\/wp-json\/wp\/v2\/product"}],"about":[{"href":"https:\/\/www.ionex.si\/de\/wp-json\/wp\/v2\/types\/product"}],"wp:featuredmedia":[{"embeddable":true,"href":"https:\/\/www.ionex.si\/de\/wp-json\/wp\/v2\/media\/19213"}],"wp:attachment":[{"href":"https:\/\/www.ionex.si\/de\/wp-json\/wp\/v2\/media?parent=17355"}],"wp:term":[{"taxonomy":"product_brand","embeddable":true,"href":"https:\/\/www.ionex.si\/de\/wp-json\/wp\/v2\/product_brand?post=17355"},{"taxonomy":"product_cat","embeddable":true,"href":"https:\/\/www.ionex.si\/de\/wp-json\/wp\/v2\/product_cat?post=17355"},{"taxonomy":"product_tag","embeddable":true,"href":"https:\/\/www.ionex.si\/de\/wp-json\/wp\/v2\/product_tag?post=17355"}],"curies":[{"name":"wp","href":"https:\/\/api.w.org\/{rel}","templated":true}]}}