{"id":28328,"date":"2022-04-05T13:54:20","date_gmt":"2022-04-05T11:54:20","guid":{"rendered":"https:\/\/www.ionex.si\/?page_id=28328"},"modified":"2022-04-05T14:54:52","modified_gmt":"2022-04-05T12:54:52","slug":"ionex-job-2","status":"publish","type":"page","link":"https:\/\/www.ionex.si\/de\/ionex-job-2\/","title":{"rendered":"Administracija in prodaja"},"content":{"rendered":"<p class=\"subtitle-ionex\"><strong>Durchf\u00fchrung der folgenden Aufgaben:<\/strong><\/p>\n<ul>\n<li>prodaja izdelkov kon\u010dnim kupcem v trgovini podjetja IONEX ali na sejemskih in drugih prireditvah<\/li>\n<li>Beantwortung von Telefonanrufen<\/li>\n<li>priprava paketov z naro\u010dili ali servisnimi artikli za odpo\u0161iljanje<\/li>\n<li>pregledovanje artiklov pred prodajo ter njihovih zalog, pregled skladi\u0161\u010da<\/li>\n<li>administriranje spletnih trgovin podjetja IONEX<\/li>\n<li>skrb za tr\u017eno komunikacijo s strankami preko e-novic, socialnih medijev<\/li>\n<li>oblikovanje oglasov, bannerjev in druge marketin\u0161ke aktivnosti<\/li>\n<li>Vorbereitung der Dokumentation f\u00fcr die Buchhaltung<\/li>\n<li>skrb za po\u0161tne po\u0161iljke<\/li>\n<li>pregled nad servisnim oddelkom podjetja IONEX<\/li>\n<\/ul>\n<p class=\"subtitle-ionex\"><strong>Wir erwarten:<\/strong><\/p>\n<ul>\n<li>Einschl\u00e4gige berufliche Qualifikationen (mindestens Stufe VI)<\/li>\n<li>mindestens 2 Jahre Erfahrung in einer vergleichbaren Position<\/li>\n<li>Vestno delo<\/li>\n<li>schnelles Lernen<\/li>\n<li>zelo visoka stopnja samostojnosti<\/li>\n<li>gute organisatorische und kommunikative F\u00e4higkeiten<\/li>\n<li>hoch motiviert und ergebnisorientiert<\/li>\n<li>flie\u00dfende Englischkenntnisse<\/li>\n<\/ul>\n<p class=\"subtitle-ionex\"><strong>Wir bieten:<\/strong><\/p>\n<ul>\n<li>Festanstellung mit einer Probezeit von 6 Monaten<\/li>\n<li>wettbewerbsf\u00e4hige Verg\u00fctung je nach Erfahrung<\/li>\n<li>einen Arbeitsplatz in einem stabilen Gesch\u00e4ftsumfeld<\/li>\n<li>Ausbildungsm\u00f6glichkeiten<\/li>\n<li>kreative Herausforderungen und viel Freiheit bei der Erarbeitung von L\u00f6sungen<\/li>\n<li>eine hervorragende Gelegenheit zur pers\u00f6nlichen und beruflichen Weiterentwicklung<\/li>\n<\/ul>\n<p><strong>Bitte senden Sie Ihre Bewerbung und Ihren Lebenslauf an ionex@www.ionex.si<\/strong><\/p>","protected":false},"excerpt":{"rendered":"<p>Za opravljanje naslednjih nalog: prodaja izdelkov kon\u010dnim kupcem v trgovini podjetja IONEX ali na sejemskih in drugih prireditvah sprejemanje telefonskih klicev priprava paketov z naro\u010dili ali servisnimi artikli za odpo\u0161iljanje pregledovanje artiklov pred prodajo ter njihovih zalog, pregled skladi\u0161\u010da administriranje spletnih trgovin podjetja IONEX skrb za tr\u017eno komunikacijo s strankami preko e-novic, socialnih medijev oblikovanje [&hellip;]<\/p>","protected":false},"author":3,"featured_media":0,"parent":0,"menu_order":0,"comment_status":"closed","ping_status":"closed","template":"","meta":{"_et_pb_use_builder":"","_et_pb_old_content":"","_et_gb_content_width":"","footnotes":""},"class_list":["post-28328","page","type-page","status-publish","hentry"],"yoast_head":"<!-- This site is optimized with the Yoast SEO Premium plugin v15.3 - https:\/\/yoast.com\/wordpress\/plugins\/seo\/ -->\n<title>Administracija in prodaja | IONEX<\/title>\n<meta name=\"robots\" content=\"index, follow, max-snippet:-1, max-image-preview:large, max-video-preview:-1\" \/>\n<link rel=\"canonical\" href=\"https:\/\/www.ionex.si\/de\/ionex-job-2\/\" \/>\n<meta property=\"og:locale\" content=\"de_DE\" \/>\n<meta property=\"og:type\" content=\"article\" \/>\n<meta property=\"og:title\" content=\"Administracija in prodaja | IONEX\" \/>\n<meta property=\"og:description\" content=\"Za opravljanje naslednjih nalog: prodaja izdelkov kon\u010dnim kupcem v trgovini podjetja IONEX ali na sejemskih in drugih prireditvah sprejemanje telefonskih klicev priprava paketov z naro\u010dili ali servisnimi artikli za odpo\u0161iljanje pregledovanje artiklov pred prodajo ter njihovih zalog, pregled skladi\u0161\u010da administriranje spletnih trgovin podjetja IONEX skrb za tr\u017eno komunikacijo s strankami preko e-novic, socialnih medijev oblikovanje [&hellip;]\" \/>\n<meta property=\"og:url\" content=\"https:\/\/www.ionex.si\/de\/ionex-job-2\/\" \/>\n<meta property=\"og:site_name\" content=\"IONEX\" \/>\n<meta property=\"article:publisher\" content=\"https:\/\/www.facebook.com\/ionex.ionizers\/\" \/>\n<meta property=\"article:modified_time\" content=\"2022-04-05T12:54:52+00:00\" \/>\n<meta name=\"twitter:card\" content=\"summary\" \/>\n<meta name=\"twitter:label1\" content=\"Verfasst von\">\n\t<meta name=\"twitter:data1\" content=\"linadmin\">\n\t<meta name=\"twitter:label2\" content=\"Gesch\u00e4tzte Lesezeit\">\n\t<meta name=\"twitter:data2\" content=\"1\u00a0Minute\">\n<script type=\"application\/ld+json\" class=\"yoast-schema-graph\">{\"@context\":\"https:\/\/schema.org\",\"@graph\":[{\"@type\":\"Organization\",\"@id\":\"https:\/\/www.ionex.si\/de\/#organization\",\"name\":\"IONEX d.o.o.\",\"url\":\"https:\/\/www.ionex.si\/de\/\",\"sameAs\":[\"https:\/\/www.facebook.com\/ionex.ionizers\/\"],\"logo\":{\"@type\":\"ImageObject\",\"@id\":\"https:\/\/www.ionex.si\/de\/#logo\",\"inLanguage\":\"de\",\"url\":\"https:\/\/www.ionex.si\/wp-content\/uploads\/2017\/05\/favicon114x114.png\",\"width\":114,\"height\":114,\"caption\":\"IONEX d.o.o.\"},\"image\":{\"@id\":\"https:\/\/www.ionex.si\/de\/#logo\"}},{\"@type\":\"WebSite\",\"@id\":\"https:\/\/www.ionex.si\/de\/#website\",\"url\":\"https:\/\/www.ionex.si\/de\/\",\"name\":\"IONEX\",\"description\":\"Vrhunski ionizatorji zraka IONEX\",\"publisher\":{\"@id\":\"https:\/\/www.ionex.si\/de\/#organization\"},\"potentialAction\":[{\"@type\":\"SearchAction\",\"target\":\"https:\/\/www.ionex.si\/de\/?s={search_term_string}\",\"query-input\":\"required name=search_term_string\"}],\"inLanguage\":\"de\"},{\"@type\":\"WebPage\",\"@id\":\"https:\/\/www.ionex.si\/de\/ionex-job-2\/#webpage\",\"url\":\"https:\/\/www.ionex.si\/de\/ionex-job-2\/\",\"name\":\"Administracija in prodaja | IONEX\",\"isPartOf\":{\"@id\":\"https:\/\/www.ionex.si\/de\/#website\"},\"datePublished\":\"2022-04-05T11:54:20+00:00\",\"dateModified\":\"2022-04-05T12:54:52+00:00\",\"inLanguage\":\"de\",\"potentialAction\":[{\"@type\":\"ReadAction\",\"target\":[\"https:\/\/www.ionex.si\/de\/ionex-job-2\/\"]}]}]}<\/script>\n<!-- \/ Yoast SEO Premium plugin. -->","_links":{"self":[{"href":"https:\/\/www.ionex.si\/de\/wp-json\/wp\/v2\/pages\/28328","targetHints":{"allow":["GET"]}}],"collection":[{"href":"https:\/\/www.ionex.si\/de\/wp-json\/wp\/v2\/pages"}],"about":[{"href":"https:\/\/www.ionex.si\/de\/wp-json\/wp\/v2\/types\/page"}],"author":[{"embeddable":true,"href":"https:\/\/www.ionex.si\/de\/wp-json\/wp\/v2\/users\/3"}],"replies":[{"embeddable":true,"href":"https:\/\/www.ionex.si\/de\/wp-json\/wp\/v2\/comments?post=28328"}],"version-history":[{"count":0,"href":"https:\/\/www.ionex.si\/de\/wp-json\/wp\/v2\/pages\/28328\/revisions"}],"wp:attachment":[{"href":"https:\/\/www.ionex.si\/de\/wp-json\/wp\/v2\/media?parent=28328"}],"curies":[{"name":"wp","href":"https:\/\/api.w.org\/{rel}","templated":true}]}}