{"id":19719,"date":"2018-06-28T15:51:25","date_gmt":"2018-06-28T13:51:25","guid":{"rendered":"http:\/\/195.206.229.24\/~ionexsi\/center-zasebnosti\/"},"modified":"2024-05-30T15:11:35","modified_gmt":"2024-05-30T13:11:35","slug":"center-zasebnosti","status":"publish","type":"page","link":"https:\/\/www.ionex.si\/de\/center-zasebnosti\/","title":{"rendered":"Datenschutzzentrum"},"content":{"rendered":"<p>[et_pb_section fb_built=&#8221;1&#8243; _builder_version=&#8221;4.16&#8243; global_colors_info=&#8221;{}&#8221;][et_pb_row column_structure=&#8221;1_2,1_2&#8243; _builder_version=&#8221;4.16&#8243; background_size=&#8221;initial&#8221; background_position=&#8221;top_left&#8221; background_repeat=&#8221;repeat&#8221; global_colors_info=&#8221;{}&#8221;][et_pb_column type=&#8221;1_2&#8243; _builder_version=&#8221;4.16&#8243; custom_padding=&#8221;|||&#8221; global_colors_info=&#8221;{}&#8221; custom_padding__hover=&#8221;|||&#8221;][et_pb_blurb title=&#8221;DPO Kontakt&#8221; url=&#8221;https:\/\/www.ionex.si\/center-zasebnosti\/dpo-kontakt\/&#8221; use_icon=&#8221;on&#8221; font_icon=&#8221;&#xf2bd;||fa||900&#8243; icon_color=&#8221;#917400&#8243; _builder_version=&#8221;4.25.1&#8243; _module_preset=&#8221;default&#8221; header_font=&#8221;&#8211;et_global_heading_font||||||||&#8221; header_text_align=&#8221;center&#8221; header_font_size=&#8221;22px&#8221; body_font=&#8221;Roboto|300|||||||&#8221; body_text_color=&#8221;#917400&#8243; body_font_size=&#8221;16px&#8221; custom_padding=&#8221;25px||25px||true|false&#8221; link_option_url=&#8221;https:\/\/www.ionex.si\/center-zasebnosti\/dpo-kontakt\/&#8221; border_width_all=&#8221;1px&#8221; border_color_all=&#8221;#eaeaea&#8221; global_colors_info=&#8221;{}&#8221;]<\/p>\n<p style=\"text-align: center;\">Wenden Sie sich an die Person, die f\u00fcr Ihre Daten verantwortlich ist.<\/p>\n<p>[\/et_pb_blurb][et_pb_blurb title=&#8221;Urejanje podatkov&#8221; url=&#8221;https:\/\/www.ionex.si\/center-zasebnosti\/urejanje-podatkov\/&#8221; use_icon=&#8221;on&#8221; font_icon=&#8221;&#xf303;||fa||900&#8243; icon_color=&#8221;#917400&#8243; _builder_version=&#8221;4.25.1&#8243; _module_preset=&#8221;default&#8221; header_font=&#8221;&#8211;et_global_heading_font||||||||&#8221; header_text_align=&#8221;center&#8221; header_font_size=&#8221;22px&#8221; body_font=&#8221;Roboto|300|||||||&#8221; body_text_color=&#8221;#917400&#8243; body_font_size=&#8221;16px&#8221; custom_padding=&#8221;25px||25px||true|false&#8221; link_option_url=&#8221;https:\/\/www.ionex.si\/center-zasebnosti\/urejanje-podatkov\/&#8221; hover_enabled=&#8221;0&#8243; border_width_all=&#8221;1px&#8221; border_color_all=&#8221;#eaeaea&#8221; global_colors_info=&#8221;{}&#8221; sticky_enabled=&#8221;0&#8243;]<\/p>\n<p style=\"text-align: center;\">Bitte kontaktieren Sie uns, um Ihre Daten zu \u00e4ndern.<\/p>\n<p>[\/et_pb_blurb][et_pb_blurb title=&#8221;Politika zasebnosti&#8221; url=&#8221;https:\/\/www.ionex.si\/center-zasebnosti\/privacy\/&#8221; use_icon=&#8221;on&#8221; font_icon=&#8221;&#xe058;||divi||400&#8243; icon_color=&#8221;#917400&#8243; _builder_version=&#8221;4.25.1&#8243; _module_preset=&#8221;default&#8221; header_font=&#8221;&#8211;et_global_heading_font||||||||&#8221; header_text_align=&#8221;center&#8221; header_font_size=&#8221;22px&#8221; body_font=&#8221;Roboto|300|||||||&#8221; body_text_color=&#8221;#917400&#8243; body_font_size=&#8221;16px&#8221; custom_padding=&#8221;25px||25px||true|false&#8221; link_option_url=&#8221;https:\/\/www.ionex.si\/center-zasebnosti\/privacy\/&#8221; border_width_all=&#8221;1px&#8221; border_color_all=&#8221;#eaeaea&#8221; global_colors_info=&#8221;{}&#8221;]<\/p>\n<p style=\"text-align: center;\">Datenschutzbestimmungen auf unserer Website.<\/p>\n<p>[\/et_pb_blurb][et_pb_blurb title=&#8221;Zahtevaj podatke&#8221; url=&#8221;https:\/\/www.ionex.si\/center-zasebnosti\/zahtevaj-podatke&#8221; use_icon=&#8221;on&#8221; font_icon=&#8221;&#xf1c0;||fa||900&#8243; icon_color=&#8221;#917400&#8243; _builder_version=&#8221;4.25.1&#8243; _module_preset=&#8221;default&#8221; header_font=&#8221;&#8211;et_global_heading_font||||||||&#8221; header_text_align=&#8221;center&#8221; header_font_size=&#8221;22px&#8221; body_font=&#8221;Roboto|300|||||||&#8221; body_text_color=&#8221;#917400&#8243; body_font_size=&#8221;16px&#8221; custom_padding=&#8221;25px||25px||true|false&#8221; link_option_url=&#8221;https:\/\/www.ionex.si\/center-zasebnosti\/zahtevaj-podatke&#8221; hover_enabled=&#8221;0&#8243; border_width_all=&#8221;1px&#8221; border_color_all=&#8221;#eaeaea&#8221; global_colors_info=&#8221;{}&#8221; sticky_enabled=&#8221;0&#8243;]<\/p>\n<p style=\"text-align: center;\">Senden Sie eine Anfrage, um eine Kopie aller Ihrer gespeicherten Daten zu erhalten.<\/p>\n<p>[\/et_pb_blurb][\/et_pb_column][et_pb_column type=&#8221;1_2&#8243; _builder_version=&#8221;4.16&#8243; custom_padding=&#8221;|||&#8221; global_colors_info=&#8221;{}&#8221; custom_padding__hover=&#8221;|||&#8221;][et_pb_blurb title=&#8221;Pi\u0161kotki&#8221; url=&#8221;https:\/\/www.ionex.si\/center-zasebnosti\/politika-piskotkov\/&#8221; use_icon=&#8221;on&#8221; font_icon=&#8221;&#xf022;||fa||900&#8243; icon_color=&#8221;#917400&#8243; _builder_version=&#8221;4.25.1&#8243; _module_preset=&#8221;default&#8221; header_font=&#8221;&#8211;et_global_heading_font||||||||&#8221; header_text_align=&#8221;center&#8221; header_font_size=&#8221;22px&#8221; body_font=&#8221;Roboto|300|||||||&#8221; body_text_color=&#8221;#917400&#8243; body_font_size=&#8221;16px&#8221; custom_padding=&#8221;25px||25px||true|false&#8221; link_option_url=&#8221;https:\/\/www.ionex.si\/center-zasebnosti\/politika-piskotkov\/&#8221; border_width_all=&#8221;1px&#8221; border_color_all=&#8221;#eaeaea&#8221; global_colors_info=&#8221;{}&#8221;]<\/p>\n<p style=\"text-align: center;\">Lesen Sie mehr \u00fcber die von uns verwendeten Cookies.<\/p>\n<p>[\/et_pb_blurb][et_pb_blurb title=&#8221;Izbris mojih podatkov&#8221; url=&#8221;https:\/\/www.ionex.si\/center-zasebnosti\/izbris-mojih-podatkov\/&#8221; use_icon=&#8221;on&#8221; font_icon=&#8221;&#xf12d;||fa||900&#8243; icon_color=&#8221;#917400&#8243; _builder_version=&#8221;4.25.1&#8243; _module_preset=&#8221;default&#8221; header_font=&#8221;&#8211;et_global_heading_font||||||||&#8221; header_text_align=&#8221;center&#8221; header_font_size=&#8221;22px&#8221; body_font=&#8221;Roboto|300|||||||&#8221; body_text_color=&#8221;#917400&#8243; body_font_size=&#8221;16px&#8221; custom_padding=&#8221;25px||25px||true|false&#8221; link_option_url=&#8221;https:\/\/www.ionex.si\/center-zasebnosti\/izbris-mojih-podatkov\/&#8221; hover_enabled=&#8221;0&#8243; border_width_all=&#8221;1px&#8221; border_color_all=&#8221;#eaeaea&#8221; global_colors_info=&#8221;{}&#8221; sticky_enabled=&#8221;0&#8243;]<\/p>\n<p style=\"text-align: center;\">Senden Sie einen Antrag auf L\u00f6schung Ihrer pers\u00f6nlichen Daten.<\/p>\n<p>[\/et_pb_blurb][et_pb_blurb title=&#8221;Pogoji poslovanja&#8221; url=&#8221;https:\/\/www.ionex.si\/center-zasebnosti\/pogoji-poslovanja\/&#8221; use_icon=&#8221;on&#8221; font_icon=&#8221;&#xf036;||fa||900&#8243; icon_color=&#8221;#917400&#8243; _builder_version=&#8221;4.25.1&#8243; _module_preset=&#8221;default&#8221; header_font=&#8221;&#8211;et_global_heading_font||||||||&#8221; header_text_align=&#8221;center&#8221; header_font_size=&#8221;22px&#8221; body_font=&#8221;Roboto|300|||||||&#8221; body_text_color=&#8221;#917400&#8243; body_font_size=&#8221;16px&#8221; custom_padding=&#8221;25px||25px||true|false&#8221; link_option_url=&#8221;https:\/\/www.ionex.si\/center-zasebnosti\/pogoji-poslovanja\/&#8221; border_width_all=&#8221;1px&#8221; border_color_all=&#8221;#eaeaea&#8221; global_colors_info=&#8221;{}&#8221;]<\/p>\n<p style=\"text-align: center;\">Lesen Sie mehr \u00fcber unsere Allgemeinen Gesch\u00e4ftsbedingungen auf unserer Website.<\/p>\n<p>[\/et_pb_blurb][\/et_pb_column][\/et_pb_row][\/et_pb_section]<\/p>","protected":false},"excerpt":{"rendered":"<p>Kontaktirajte osebo, zadol\u017eeno za va\u0161e podatke.Za spremembo podatkov nas prosimo kontaktirajte.Pravilnik zasebnosti na na\u0161i spletni strani.Po\u0161ljite zahtevo, da dobite kopijo vseh shranjenih podatkov.Preberite ve\u010d o pi\u0161kotkih, ki jih uporabljamo.Po\u0161lji zahtevek za izbris va\u0161ih osebnih podatkov.Preberi ve\u010d o pogojih poslovanja na na\u0161i strani.<\/p>","protected":false},"author":2,"featured_media":0,"parent":0,"menu_order":30,"comment_status":"closed","ping_status":"closed","template":"","meta":{"_et_pb_use_builder":"on","_et_pb_old_content":"[wordpress_gdpr_privacy_center]","_et_gb_content_width":"","footnotes":""},"class_list":["post-19719","page","type-page","status-publish","hentry"],"yoast_head":"<!-- This site is optimized with the Yoast SEO Premium plugin v15.3 - https:\/\/yoast.com\/wordpress\/plugins\/seo\/ -->\n<title>Center zasebnosti | IONEX<\/title>\n<meta name=\"robots\" content=\"index, follow, max-snippet:-1, max-image-preview:large, max-video-preview:-1\" \/>\n<link rel=\"canonical\" href=\"https:\/\/www.ionex.si\/de\/center-zasebnosti\/\" \/>\n<meta property=\"og:locale\" content=\"de_DE\" \/>\n<meta property=\"og:type\" content=\"article\" \/>\n<meta property=\"og:title\" content=\"Center zasebnosti | IONEX\" \/>\n<meta property=\"og:description\" content=\"Kontaktirajte osebo, zadol\u017eeno za va\u0161e podatke.Za spremembo podatkov nas prosimo kontaktirajte.Pravilnik zasebnosti na na\u0161i spletni strani.Po\u0161ljite zahtevo, da dobite kopijo vseh shranjenih podatkov.Preberite ve\u010d o pi\u0161kotkih, ki jih uporabljamo.Po\u0161lji zahtevek za izbris va\u0161ih osebnih podatkov.Preberi ve\u010d o pogojih poslovanja na na\u0161i strani.\" \/>\n<meta property=\"og:url\" content=\"https:\/\/www.ionex.si\/de\/center-zasebnosti\/\" \/>\n<meta property=\"og:site_name\" content=\"IONEX\" \/>\n<meta property=\"article:publisher\" content=\"https:\/\/www.facebook.com\/ionex.ionizers\/\" \/>\n<meta property=\"article:modified_time\" content=\"2024-05-30T13:11:35+00:00\" \/>\n<meta name=\"twitter:card\" content=\"summary\" \/>\n<meta name=\"twitter:label1\" content=\"Verfasst von\">\n\t<meta name=\"twitter:data1\" content=\"ionexsiadmin\">\n\t<meta name=\"twitter:label2\" content=\"Gesch\u00e4tzte Lesezeit\">\n\t<meta name=\"twitter:data2\" content=\"3\u00a0Minuten\">\n<script type=\"application\/ld+json\" class=\"yoast-schema-graph\">{\"@context\":\"https:\/\/schema.org\",\"@graph\":[{\"@type\":\"Organization\",\"@id\":\"https:\/\/www.ionex.si\/de\/#organization\",\"name\":\"IONEX d.o.o.\",\"url\":\"https:\/\/www.ionex.si\/de\/\",\"sameAs\":[\"https:\/\/www.facebook.com\/ionex.ionizers\/\"],\"logo\":{\"@type\":\"ImageObject\",\"@id\":\"https:\/\/www.ionex.si\/de\/#logo\",\"inLanguage\":\"de\",\"url\":\"https:\/\/www.ionex.si\/wp-content\/uploads\/2017\/05\/favicon114x114.png\",\"width\":114,\"height\":114,\"caption\":\"IONEX d.o.o.\"},\"image\":{\"@id\":\"https:\/\/www.ionex.si\/de\/#logo\"}},{\"@type\":\"WebSite\",\"@id\":\"https:\/\/www.ionex.si\/de\/#website\",\"url\":\"https:\/\/www.ionex.si\/de\/\",\"name\":\"IONEX\",\"description\":\"Vrhunski ionizatorji zraka IONEX\",\"publisher\":{\"@id\":\"https:\/\/www.ionex.si\/de\/#organization\"},\"potentialAction\":[{\"@type\":\"SearchAction\",\"target\":\"https:\/\/www.ionex.si\/de\/?s={search_term_string}\",\"query-input\":\"required name=search_term_string\"}],\"inLanguage\":\"de\"},{\"@type\":\"WebPage\",\"@id\":\"https:\/\/www.ionex.si\/de\/center-zasebnosti\/#webpage\",\"url\":\"https:\/\/www.ionex.si\/de\/center-zasebnosti\/\",\"name\":\"Center zasebnosti | IONEX\",\"isPartOf\":{\"@id\":\"https:\/\/www.ionex.si\/de\/#website\"},\"datePublished\":\"2018-06-28T13:51:25+00:00\",\"dateModified\":\"2024-05-30T13:11:35+00:00\",\"inLanguage\":\"de\",\"potentialAction\":[{\"@type\":\"ReadAction\",\"target\":[\"https:\/\/www.ionex.si\/de\/center-zasebnosti\/\"]}]}]}<\/script>\n<!-- \/ Yoast SEO Premium plugin. -->","_links":{"self":[{"href":"https:\/\/www.ionex.si\/de\/wp-json\/wp\/v2\/pages\/19719","targetHints":{"allow":["GET"]}}],"collection":[{"href":"https:\/\/www.ionex.si\/de\/wp-json\/wp\/v2\/pages"}],"about":[{"href":"https:\/\/www.ionex.si\/de\/wp-json\/wp\/v2\/types\/page"}],"author":[{"embeddable":true,"href":"https:\/\/www.ionex.si\/de\/wp-json\/wp\/v2\/users\/2"}],"replies":[{"embeddable":true,"href":"https:\/\/www.ionex.si\/de\/wp-json\/wp\/v2\/comments?post=19719"}],"version-history":[{"count":0,"href":"https:\/\/www.ionex.si\/de\/wp-json\/wp\/v2\/pages\/19719\/revisions"}],"wp:attachment":[{"href":"https:\/\/www.ionex.si\/de\/wp-json\/wp\/v2\/media?parent=19719"}],"curies":[{"name":"wp","href":"https:\/\/api.w.org\/{rel}","templated":true}]}}